{"id":54,"date":"2024-12-30T03:36:17","date_gmt":"2024-12-30T03:36:17","guid":{"rendered":"https:\/\/financasplus.online\/?page_id=54"},"modified":"2026-02-07T06:47:52","modified_gmt":"2026-02-07T06:47:52","slug":"chinh-sach-bao-mat","status":"publish","type":"page","link":"https:\/\/financasplus.online\/vi\/politica-de-privacidade\/","title":{"rendered":"Ch\u00ednh s\u00e1ch b\u1ea3o m\u1eadt"},"content":{"rendered":"<p>Quy\u1ec1n ri\u00eang t\u01b0 c\u1ee7a b\u1ea1n r\u1ea5t quan tr\u1ecdng \u0111\u1ed1i v\u1edbi ch\u00fang t\u00f4i. Ch\u00ednh s\u00e1ch c\u1ee7a Finan\u00e7asPlus l\u00e0 t\u00f4n tr\u1ecdng quy\u1ec1n ri\u00eang t\u01b0 c\u1ee7a b\u1ea1n \u0111\u1ed1i v\u1edbi b\u1ea5t k\u1ef3 th\u00f4ng tin n\u00e0o ch\u00fang t\u00f4i thu th\u1eadp t\u1eeb b\u1ea1n tr\u00ean trang web. <a href=\"https:\/\/financasplus.online\/vi\/\">T\u00e0i ch\u00ednh Plus<\/a>, v\u00e0 c\u00e1c trang web kh\u00e1c m\u00e0 ch\u00fang t\u00f4i s\u1edf h\u1eefu v\u00e0 v\u1eadn h\u00e0nh.<\/p>\n<p>Ch\u00fang t\u00f4i ch\u1ec9 y\u00eau c\u1ea7u th\u00f4ng tin c\u00e1 nh\u00e2n khi th\u1ef1c s\u1ef1 c\u1ea7n thi\u1ebft \u0111\u1ec3 cung c\u1ea5p d\u1ecbch v\u1ee5 cho b\u1ea1n. Ch\u00fang t\u00f4i th\u1ef1c hi\u1ec7n vi\u1ec7c n\u00e0y m\u1ed9t c\u00e1ch c\u00f4ng b\u1eb1ng v\u00e0 h\u1ee3p ph\u00e1p, v\u1edbi s\u1ef1 hi\u1ec3u bi\u1ebft v\u00e0 \u0111\u1ed3ng \u00fd c\u1ee7a b\u1ea1n. Ch\u00fang t\u00f4i c\u0169ng th\u00f4ng b\u00e1o cho b\u1ea1n l\u00fd do thu th\u1eadp th\u00f4ng tin v\u00e0 c\u00e1ch th\u1ee9c s\u1eed d\u1ee5ng th\u00f4ng tin \u0111\u00f3.<\/p>\n<p>Ch\u00fang t\u00f4i ch\u1ec9 l\u01b0u gi\u1eef th\u00f4ng tin \u0111\u00e3 thu th\u1eadp trong th\u1eddi gian c\u1ea7n thi\u1ebft \u0111\u1ec3 cung c\u1ea5p d\u1ecbch v\u1ee5 \u0111\u01b0\u1ee3c y\u00eau c\u1ea7u. Khi l\u01b0u tr\u1eef d\u1eef li\u1ec7u, ch\u00fang t\u00f4i b\u1ea3o v\u1ec7 d\u1eef li\u1ec7u b\u1eb1ng c\u00e1c bi\u1ec7n ph\u00e1p h\u1ee3p l\u00fd theo ti\u00eau chu\u1ea9n th\u01b0\u01a1ng m\u1ea1i \u0111\u1ec3 ng\u0103n ng\u1eeba m\u1ea5t m\u00e1t v\u00e0 tr\u1ed9m c\u1eafp, c\u0169ng nh\u01b0 truy c\u1eadp, ti\u1ebft l\u1ed9, sao ch\u00e9p, s\u1eed d\u1ee5ng ho\u1eb7c s\u1eeda \u0111\u1ed5i tr\u00e1i ph\u00e9p.<\/p>\n<p>Ch\u00fang t\u00f4i kh\u00f4ng chia s\u1ebb th\u00f4ng tin nh\u1eadn d\u1ea1ng c\u00e1 nh\u00e2n c\u00f4ng khai ho\u1eb7c v\u1edbi b\u00ean th\u1ee9 ba, tr\u1eeb tr\u01b0\u1eddng h\u1ee3p ph\u00e1p lu\u1eadt y\u00eau c\u1ea7u.<\/p>\n<p>Trang web c\u1ee7a ch\u00fang t\u00f4i c\u00f3 th\u1ec3 ch\u1ee9a c\u00e1c li\u00ean k\u1ebft \u0111\u1ebfn c\u00e1c trang web b\u00ean ngo\u00e0i kh\u00f4ng do ch\u00fang t\u00f4i \u0111i\u1ec1u h\u00e0nh. Xin l\u01b0u \u00fd r\u1eb1ng ch\u00fang t\u00f4i kh\u00f4ng ki\u1ec3m so\u00e1t n\u1ed9i dung v\u00e0 ho\u1ea1t \u0111\u1ed9ng c\u1ee7a c\u00e1c trang web n\u00e0y v\u00e0 kh\u00f4ng ch\u1ecbu tr\u00e1ch nhi\u1ec7m v\u1ec1 c\u00e1c ch\u00ednh s\u00e1ch c\u1ee7a ch\u00fang. <strong>ch\u00ednh s\u00e1ch b\u1ea3o m\u1eadt<\/strong>.<\/p>\n<p>B\u1ea1n c\u00f3 quy\u1ec1n t\u1eeb ch\u1ed1i y\u00eau c\u1ea7u cung c\u1ea5p th\u00f4ng tin c\u00e1 nh\u00e2n c\u1ee7a ch\u00fang t\u00f4i, nh\u01b0ng c\u1ea7n hi\u1ec3u r\u1eb1ng ch\u00fang t\u00f4i c\u00f3 th\u1ec3 kh\u00f4ng th\u1ec3 cung c\u1ea5p m\u1ed9t s\u1ed1 d\u1ecbch v\u1ee5 m\u00e0 b\u1ea1n mong mu\u1ed1n.<\/p>\n<p>Vi\u1ec7c ti\u1ebfp t\u1ee5c s\u1eed d\u1ee5ng trang web c\u1ee7a ch\u00fang t\u00f4i s\u1ebd \u0111\u01b0\u1ee3c coi l\u00e0 s\u1ef1 ch\u1ea5p nh\u1eadn c\u00e1c quy \u0111\u1ecbnh c\u1ee7a ch\u00fang t\u00f4i v\u1ec1 quy\u1ec1n ri\u00eang t\u01b0 v\u00e0 th\u00f4ng tin c\u00e1 nh\u00e2n. N\u1ebfu b\u1ea1n c\u00f3 b\u1ea5t k\u1ef3 c\u00e2u h\u1ecfi n\u00e0o v\u1ec1 c\u00e1ch ch\u00fang t\u00f4i x\u1eed l\u00fd d\u1eef li\u1ec7u ng\u01b0\u1eddi d\u00f9ng v\u00e0 th\u00f4ng tin c\u00e1 nh\u00e2n, vui l\u00f2ng li\u00ean h\u1ec7 v\u1edbi ch\u00fang t\u00f4i.<\/p>\n<h2>B\u1ea3o m\u1eadt v\u00e0 s\u1ef1 tin c\u1eady c\u1ee7a trang web Finan\u00e7asPlus<\/h2>\n<p>Theo nh\u01b0 ngu\u1ed3n\/c\u00f4ng ty \u0111\u00e3 n\u00eau, trang web n\u00e0y \u0111\u00e1ng tin c\u1eady v\u00e0 an to\u00e0n cho ng\u01b0\u1eddi d\u00f9ng duy\u1ec7t web. <a style=\"color: #576d96; text-decoration: none;\" href=\"https:\/\/confiavel.com.br\/https:\/\/financasplus.online\" target=\"_BLANK\" rel=\"noopener noreferrer\">X\u00e1c minh<\/a>. Trang n\u00e0y ki\u1ec3m tra th\u00f4ng tin trang web \u0111\u1ec3 x\u00e1c \u0111\u1ecbnh c\u00e1c v\u1ea5n \u0111\u1ec1 b\u1ea3o m\u1eadt ti\u1ec1m \u1ea9n. Ho\u1ea1t \u0111\u1ed9ng duy\u1ec7t web \u0111\u01b0\u1ee3c c\u00f4ng c\u1ee5 n\u00e0y x\u00e1c minh. <a style=\"color: #576d96; text-decoration: none;\" href=\"https:\/\/transparencyreport.google.com\/safe-browsing\/search?url=https:\/\/financasplus.online\" target=\"_BLANK\" rel=\"noopener noreferrer\">B\u1ea3o m\u1eadt c\u1ee7a Google<\/a> \u0110i\u1ec1u n\u00e0y ch\u1ee9ng t\u1ecf trang web an to\u00e0n.<\/p>\n<h2>Ch\u00ednh s\u00e1ch cookie c\u1ee7a FinancePlus<\/h2>\n<h3>Cookie l\u00e0 g\u00ec?<\/h3>\n<p>Nh\u01b0 h\u1ea7u h\u1ebft c\u00e1c trang web chuy\u00ean nghi\u1ec7p kh\u00e1c, trang web n\u00e0y s\u1eed d\u1ee5ng cookie, l\u00e0 nh\u1eefng t\u1ec7p nh\u1ecf \u0111\u01b0\u1ee3c t\u1ea3i xu\u1ed1ng m\u00e1y t\u00ednh c\u1ee7a b\u1ea1n, \u0111\u1ec3 c\u1ea3i thi\u1ec7n tr\u1ea3i nghi\u1ec7m ng\u01b0\u1eddi d\u00f9ng. Trang n\u00e0y m\u00f4 t\u1ea3 th\u00f4ng tin m\u00e0 ch\u00fang thu th\u1eadp, c\u00e1ch ch\u00fang t\u00f4i s\u1eed d\u1ee5ng v\u00e0 l\u00fd do t\u1ea1i sao \u0111\u00f4i khi ch\u00fang t\u00f4i c\u1ea7n l\u01b0u tr\u1eef c\u00e1c cookie n\u00e0y. Ch\u00fang t\u00f4i c\u0169ng s\u1ebd chia s\u1ebb c\u00e1ch b\u1ea1n c\u00f3 th\u1ec3 ng\u0103n ch\u1eb7n vi\u1ec7c l\u01b0u tr\u1eef c\u00e1c cookie n\u00e0y, tuy nhi\u00ean, \u0111i\u1ec1u n\u00e0y c\u00f3 th\u1ec3 l\u00e0m gi\u1ea3m ch\u1ea5t l\u01b0\u1ee3ng ho\u1eb7c &quot;l\u00e0m h\u1ecfng&quot; m\u1ed9t s\u1ed1 ch\u1ee9c n\u0103ng c\u1ee7a trang web.<\/p>\n<h3>Ch\u00fang t\u00f4i s\u1eed d\u1ee5ng cookie nh\u01b0 th\u1ebf n\u00e0o?<\/h3>\n<p>Ch\u00fang t\u00f4i s\u1eed d\u1ee5ng cookie v\u00ec nhi\u1ec1u l\u00fd do, \u0111\u01b0\u1ee3c n\u00eau chi ti\u1ebft b\u00ean d\u01b0\u1edbi. Th\u1eadt kh\u00f4ng may, trong h\u1ea7u h\u1ebft c\u00e1c tr\u01b0\u1eddng h\u1ee3p, kh\u00f4ng c\u00f3 t\u00f9y ch\u1ecdn ti\u00eau chu\u1ea9n ng\u00e0nh n\u00e0o \u0111\u1ec3 v\u00f4 hi\u1ec7u h\u00f3a cookie m\u00e0 kh\u00f4ng l\u00e0m v\u00f4 hi\u1ec7u h\u00f3a ho\u00e0n to\u00e0n ch\u1ee9c n\u0103ng v\u00e0 c\u00e1c t\u00ednh n\u0103ng m\u00e0 ch\u00fang b\u1ed5 sung cho trang web n\u00e0y. Ch\u00fang t\u00f4i khuy\u00ean b\u1ea1n n\u00ean \u0111\u1ec3 t\u1ea5t c\u1ea3 cookie \u0111\u01b0\u1ee3c b\u1eadt n\u1ebfu b\u1ea1n kh\u00f4ng ch\u1eafc ch\u1eafn li\u1ec7u m\u00ecnh c\u00f3 c\u1ea7n ch\u00fang hay kh\u00f4ng, ph\u00f2ng tr\u01b0\u1eddng h\u1ee3p ch\u00fang \u0111\u01b0\u1ee3c s\u1eed d\u1ee5ng \u0111\u1ec3 cung c\u1ea5p d\u1ecbch v\u1ee5 m\u00e0 b\u1ea1n \u0111ang s\u1eed d\u1ee5ng.<\/p>\n<h3>V\u00f4 hi\u1ec7u h\u00f3a cookie<\/h3>\n<p>B\u1ea1n c\u00f3 th\u1ec3 ng\u0103n ch\u1eb7n vi\u1ec7c thi\u1ebft l\u1eadp cookie b\u1eb1ng c\u00e1ch \u0111i\u1ec1u ch\u1ec9nh c\u00e0i \u0111\u1eb7t tr\u00ean tr\u00ecnh duy\u1ec7t c\u1ee7a m\u00ecnh (xem ph\u1ea7n Tr\u1ee3 gi\u00fap c\u1ee7a tr\u00ecnh duy\u1ec7t \u0111\u1ec3 bi\u1ebft c\u00e1ch th\u1ef1c hi\u1ec7n). Xin l\u01b0u \u00fd r\u1eb1ng vi\u1ec7c v\u00f4 hi\u1ec7u h\u00f3a cookie s\u1ebd \u1ea3nh h\u01b0\u1edfng \u0111\u1ebfn ch\u1ee9c n\u0103ng c\u1ee7a trang web n\u00e0y v\u00e0 nhi\u1ec1u trang web kh\u00e1c m\u00e0 b\u1ea1n truy c\u1eadp. Vi\u1ec7c v\u00f4 hi\u1ec7u h\u00f3a cookie th\u01b0\u1eddng s\u1ebd d\u1eabn \u0111\u1ebfn vi\u1ec7c v\u00f4 hi\u1ec7u h\u00f3a m\u1ed9t s\u1ed1 ch\u1ee9c n\u0103ng v\u00e0 t\u00ednh n\u0103ng nh\u1ea5t \u0111\u1ecbnh c\u1ee7a trang web n\u00e0y. Do \u0111\u00f3, ch\u00fang t\u00f4i khuy\u00ean b\u1ea1n kh\u00f4ng n\u00ean v\u00f4 hi\u1ec7u h\u00f3a cookie.<\/p>\n<h3>Cookie m\u00e0 ch\u00fang t\u00f4i thi\u1ebft l\u1eadp<\/h3>\n<ul>\n<li>Cookie li\u00ean quan \u0111\u1ebfn t\u00e0i kho\u1ea3n: N\u1ebfu b\u1ea1n t\u1ea1o t\u00e0i kho\u1ea3n v\u1edbi ch\u00fang t\u00f4i, ch\u00fang t\u00f4i s\u1ebd s\u1eed d\u1ee5ng cookie \u0111\u1ec3 qu\u1ea3n l\u00fd qu\u00e1 tr\u00ecnh \u0111\u0103ng k\u00fd v\u00e0 qu\u1ea3n tr\u1ecb chung. C\u00e1c cookie n\u00e0y th\u01b0\u1eddng s\u1ebd b\u1ecb x\u00f3a khi b\u1ea1n \u0111\u0103ng xu\u1ea5t kh\u1ecfi h\u1ec7 th\u1ed1ng, tuy nhi\u00ean, trong m\u1ed9t s\u1ed1 tr\u01b0\u1eddng h\u1ee3p, ch\u00fang c\u00f3 th\u1ec3 v\u1eabn c\u00f2n l\u1ea1i \u0111\u1ec3 ghi nh\u1edb c\u00e1c t\u00f9y ch\u1ecdn trang web c\u1ee7a b\u1ea1n khi b\u1ea1n r\u1eddi \u0111i.<\/li>\n<li>Cookie li\u00ean quan \u0111\u1ebfn \u0111\u0103ng nh\u1eadp: Ch\u00fang t\u00f4i s\u1eed d\u1ee5ng cookie khi b\u1ea1n \u0111\u0103ng nh\u1eadp \u0111\u1ec3 ghi nh\u1edb thao t\u00e1c n\u00e0y. \u0110i\u1ec1u n\u00e0y gi\u00fap b\u1ea1n kh\u00f4ng c\u1ea7n ph\u1ea3i \u0111\u0103ng nh\u1eadp m\u1ed7i khi truy c\u1eadp m\u1ed9t trang m\u1edbi. C\u00e1c cookie n\u00e0y th\u01b0\u1eddng \u0111\u01b0\u1ee3c x\u00f3a khi b\u1ea1n \u0111\u0103ng xu\u1ea5t \u0111\u1ec3 \u0111\u1ea3m b\u1ea3o r\u1eb1ng b\u1ea1n ch\u1ec9 c\u00f3 th\u1ec3 truy c\u1eadp c\u00e1c t\u00e0i nguy\u00ean v\u00e0 khu v\u1ef1c b\u1ecb h\u1ea1n ch\u1ebf khi \u0111\u00e3 \u0111\u0103ng nh\u1eadp.<\/li>\n<li>Cookie li\u00ean quan \u0111\u1ebfn b\u1ea3n tin email: Trang web n\u00e0y cung c\u1ea5p d\u1ecbch v\u1ee5 \u0111\u0103ng k\u00fd nh\u1eadn b\u1ea3n tin ho\u1eb7c email v\u00e0 cookie c\u00f3 th\u1ec3 \u0111\u01b0\u1ee3c s\u1eed d\u1ee5ng \u0111\u1ec3 ghi nh\u1edb xem b\u1ea1n \u0111\u00e3 \u0111\u0103ng k\u00fd hay ch\u01b0a v\u00e0 li\u1ec7u c\u00f3 hi\u1ec3n th\u1ecb m\u1ed9t s\u1ed1 th\u00f4ng b\u00e1o nh\u1ea5t \u0111\u1ecbnh ch\u1ec9 d\u00e0nh cho ng\u01b0\u1eddi d\u00f9ng \u0111\u00e3 \u0111\u0103ng k\u00fd\/ch\u01b0a \u0111\u0103ng k\u00fd hay kh\u00f4ng.<\/li>\n<li>Cookie li\u00ean quan \u0111\u1ebfn x\u1eed l\u00fd \u0111\u01a1n h\u00e0ng: Trang web n\u00e0y cung c\u1ea5p c\u00e1c d\u1ecbch v\u1ee5 th\u01b0\u01a1ng m\u1ea1i \u0111i\u1ec7n t\u1eed ho\u1eb7c thanh to\u00e1n v\u00e0 m\u1ed9t s\u1ed1 cookie l\u00e0 c\u1ea7n thi\u1ebft \u0111\u1ec3 \u0111\u1ea3m b\u1ea3o r\u1eb1ng \u0111\u01a1n h\u00e0ng c\u1ee7a b\u1ea1n \u0111\u01b0\u1ee3c ghi nh\u1edb gi\u1eefa c\u00e1c trang \u0111\u1ec3 ch\u00fang t\u00f4i c\u00f3 th\u1ec3 x\u1eed l\u00fd \u0111\u00fang c\u00e1ch.<\/li>\n<li>Cookie li\u00ean quan \u0111\u1ebfn kh\u1ea3o s\u00e1t: \u0110\u1ecbnh k\u1ef3, ch\u00fang t\u00f4i cung c\u1ea5p c\u00e1c kh\u1ea3o s\u00e1t v\u00e0 b\u1ea3ng c\u00e2u h\u1ecfi \u0111\u1ec3 cung c\u1ea5p th\u00f4ng tin th\u00fa v\u1ecb, c\u00f4ng c\u1ee5 h\u1eefu \u00edch ho\u1eb7c \u0111\u1ec3 hi\u1ec3u r\u00f5 h\u01a1n v\u1ec1 ng\u01b0\u1eddi d\u00f9ng c\u1ee7a m\u00ecnh. C\u00e1c kh\u1ea3o s\u00e1t n\u00e0y c\u00f3 th\u1ec3 s\u1eed d\u1ee5ng cookie \u0111\u1ec3 ghi nh\u1edb nh\u1eefng ng\u01b0\u1eddi \u0111\u00e3 tham gia kh\u1ea3o s\u00e1t ho\u1eb7c \u0111\u1ec3 cung c\u1ea5p k\u1ebft qu\u1ea3 ch\u00ednh x\u00e1c sau khi trang \u0111\u01b0\u1ee3c thay \u0111\u1ed5i.<\/li>\n<li>Cookie li\u00ean quan \u0111\u1ebfn bi\u1ec3u m\u1eabu: Khi b\u1ea1n g\u1eedi d\u1eef li\u1ec7u th\u00f4ng qua bi\u1ec3u m\u1eabu, ch\u1eb3ng h\u1ea1n nh\u01b0 c\u00e1c bi\u1ec3u m\u1eabu tr\u00ean trang li\u00ean h\u1ec7 ho\u1eb7c bi\u1ec3u m\u1eabu b\u00ecnh lu\u1eadn, cookie c\u00f3 th\u1ec3 \u0111\u01b0\u1ee3c thi\u1ebft l\u1eadp \u0111\u1ec3 ghi nh\u1edb th\u00f4ng tin ng\u01b0\u1eddi d\u00f9ng c\u1ee7a b\u1ea1n cho c\u00e1c l\u1ea7n li\u00ean l\u1ea1c sau n\u00e0y.<\/li>\n<li>Cookie c\u00e0i \u0111\u1eb7t t\u00f9y ch\u1ecdn trang web: \u0110\u1ec3 mang \u0111\u1ebfn cho b\u1ea1n tr\u1ea3i nghi\u1ec7m tuy\u1ec7t v\u1eddi tr\u00ean trang web n\u00e0y, ch\u00fang t\u00f4i cung c\u1ea5p ch\u1ee9c n\u0103ng cho ph\u00e9p b\u1ea1n thi\u1ebft l\u1eadp c\u00e1c t\u00f9y ch\u1ecdn v\u1ec1 c\u00e1ch trang web ho\u1ea1t \u0111\u1ed9ng khi b\u1ea1n s\u1eed d\u1ee5ng. \u0110\u1ec3 ghi nh\u1edb c\u00e1c t\u00f9y ch\u1ecdn c\u1ee7a b\u1ea1n, ch\u00fang t\u00f4i c\u1ea7n thi\u1ebft l\u1eadp cookie \u0111\u1ec3 th\u00f4ng tin n\u00e0y c\u00f3 th\u1ec3 \u0111\u01b0\u1ee3c truy xu\u1ea5t m\u1ed7i khi b\u1ea1n t\u01b0\u01a1ng t\u00e1c v\u1edbi m\u1ed9t trang b\u1ecb \u1ea3nh h\u01b0\u1edfng b\u1edfi c\u00e1c t\u00f9y ch\u1ecdn c\u1ee7a b\u1ea1n.<\/li>\n<\/ul>\n<h3>Cookie c\u1ee7a b\u00ean th\u1ee9 ba<\/h3>\n<p>Trong m\u1ed9t s\u1ed1 tr\u01b0\u1eddng h\u1ee3p \u0111\u1eb7c bi\u1ec7t, ch\u00fang t\u00f4i c\u0169ng s\u1eed d\u1ee5ng cookie do c\u00e1c b\u00ean th\u1ee9 ba \u0111\u00e1ng tin c\u1eady cung c\u1ea5p. Ph\u1ea7n sau \u0111\u00e2y s\u1ebd m\u00f4 t\u1ea3 chi ti\u1ebft c\u00e1c cookie c\u1ee7a b\u00ean th\u1ee9 ba m\u00e0 b\u1ea1n c\u00f3 th\u1ec3 g\u1eb7p ph\u1ea3i khi truy c\u1eadp trang web n\u00e0y.<\/p>\n<ul>\n<li>Trang web n\u00e0y s\u1eed d\u1ee5ng <a href=\"https:\/\/analytics.google.com\/analytics\/web\/\">Google Analytics<\/a>, \u0110\u00e2y l\u00e0 m\u1ed9t trong nh\u1eefng gi\u1ea3i ph\u00e1p ph\u00e2n t\u00edch ph\u1ed5 bi\u1ebfn v\u00e0 \u0111\u00e1ng tin c\u1eady nh\u1ea5t tr\u00ean web, gi\u00fap ch\u00fang t\u00f4i hi\u1ec3u c\u00e1ch b\u1ea1n s\u1eed d\u1ee5ng trang web v\u00e0 c\u00e1ch ch\u00fang t\u00f4i c\u00f3 th\u1ec3 c\u1ea3i thi\u1ec7n tr\u1ea3i nghi\u1ec7m c\u1ee7a b\u1ea1n. C\u00e1c cookie n\u00e0y c\u00f3 th\u1ec3 theo d\u00f5i nh\u1eefng th\u00f4ng tin nh\u01b0 th\u1eddi gian b\u1ea1n d\u00e0nh tr\u00ean trang web v\u00e0 c\u00e1c trang b\u1ea1n truy c\u1eadp \u0111\u1ec3 ch\u00fang t\u00f4i c\u00f3 th\u1ec3 ti\u1ebfp t\u1ee5c t\u1ea1o ra n\u1ed9i dung h\u1ea5p d\u1eabn.<\/li>\n<\/ul>\n<p>\u0110\u1ec3 bi\u1ebft th\u00eam th\u00f4ng tin v\u1ec1 cookie c\u1ee7a Google Analytics, vui l\u00f2ng truy c\u1eadp trang ch\u00ednh th\u1ee9c c\u1ee7a Google Analytics.<\/p>\n<ul>\n<li>Ch\u00fang t\u00f4i s\u1eed d\u1ee5ng c\u00f4ng c\u1ee5 ph\u00e2n t\u00edch c\u1ee7a b\u00ean th\u1ee9 ba \u0111\u1ec3 theo d\u00f5i v\u00e0 \u0111o l\u01b0\u1eddng vi\u1ec7c s\u1eed d\u1ee5ng trang web n\u00e0y nh\u1eb1m m\u1ee5c \u0111\u00edch ti\u1ebfp t\u1ee5c s\u1ea3n xu\u1ea5t n\u1ed9i dung h\u1ea5p d\u1eabn. C\u00e1c cookie n\u00e0y c\u00f3 th\u1ec3 theo d\u00f5i nh\u1eefng th\u00f4ng tin nh\u01b0 th\u1eddi gian b\u1ea1n d\u00e0nh tr\u00ean trang web ho\u1eb7c c\u00e1c trang b\u1ea1n truy c\u1eadp, gi\u00fap ch\u00fang t\u00f4i hi\u1ec3u c\u00e1ch c\u1ea3i thi\u1ec7n trang web cho b\u1ea1n.<\/li>\n<li>\u0110\u1ecbnh k\u1ef3, ch\u00fang t\u00f4i th\u1eed nghi\u1ec7m c\u00e1c t\u00ednh n\u0103ng m\u1edbi v\u00e0 th\u1ef1c hi\u1ec7n nh\u1eefng thay \u0111\u1ed5i nh\u1ecf v\u1ec1 c\u00e1ch hi\u1ec3n th\u1ecb c\u1ee7a trang web. Trong qu\u00e1 tr\u00ecnh th\u1eed nghi\u1ec7m, c\u00e1c cookie n\u00e0y c\u00f3 th\u1ec3 \u0111\u01b0\u1ee3c s\u1eed d\u1ee5ng \u0111\u1ec3 \u0111\u1ea3m b\u1ea3o b\u1ea1n c\u00f3 tr\u1ea3i nghi\u1ec7m nh\u1ea5t qu\u00e1n khi truy c\u1eadp trang web, \u0111\u1ed3ng th\u1eddi gi\u00fap ch\u00fang t\u00f4i hi\u1ec3u r\u00f5 h\u01a1n nh\u1eefng t\u1ed1i \u01b0u h\u00f3a n\u00e0o \u0111\u01b0\u1ee3c ng\u01b0\u1eddi d\u00f9ng \u0111\u00e1nh gi\u00e1 cao nh\u1ea5t.<\/li>\n<li>V\u00ec ch\u00fang t\u00f4i b\u00e1n s\u1ea3n ph\u1ea9m, vi\u1ec7c hi\u1ec3u r\u00f5 s\u1ed1 li\u1ec7u th\u1ed1ng k\u00ea v\u1ec1 s\u1ed1 l\u01b0\u1ee3ng kh\u00e1ch truy c\u1eadp trang web th\u1ef1c s\u1ef1 mua h\u00e0ng l\u00e0 r\u1ea5t quan tr\u1ecdng \u0111\u1ed1i v\u1edbi ch\u00fang t\u00f4i, v\u00e0 \u0111\u00f3 l\u00e0 lo\u1ea1i d\u1eef li\u1ec7u m\u00e0 c\u00e1c cookie n\u00e0y s\u1ebd theo d\u00f5i. \u0110i\u1ec1u n\u00e0y quan tr\u1ecdng \u0111\u1ed1i v\u1edbi b\u1ea1n v\u00ec n\u00f3 cho ph\u00e9p ch\u00fang t\u00f4i \u0111\u01b0a ra c\u00e1c d\u1ef1 \u0111o\u00e1n kinh doanh ch\u00ednh x\u00e1c, t\u1eeb \u0111\u00f3 ph\u00e2n t\u00edch chi ph\u00ed qu\u1ea3ng c\u00e1o v\u00e0 s\u1ea3n ph\u1ea9m \u0111\u1ec3 \u0111\u1ea3m b\u1ea3o m\u1ee9c gi\u00e1 t\u1ed1t nh\u1ea5t c\u00f3 th\u1ec3.<\/li>\n<\/ul>\n<h3>Cam k\u1ebft c\u1ee7a ng\u01b0\u1eddi d\u00f9ng<\/h3>\n<p>Ng\u01b0\u1eddi d\u00f9ng \u0111\u1ed3ng \u00fd s\u1eed d\u1ee5ng n\u1ed9i dung v\u00e0 th\u00f4ng tin m\u00e0 Finan\u00e7asPlus cung c\u1ea5p tr\u00ean trang web m\u1ed9t c\u00e1ch ph\u00f9 h\u1ee3p, bao g\u1ed3m nh\u01b0ng kh\u00f4ng gi\u1edbi h\u1ea1n \u1edf:<\/p>\n<ul>\n<li>A) Kh\u00f4ng tham gia v\u00e0o c\u00e1c ho\u1ea1t \u0111\u1ed9ng b\u1ea5t h\u1ee3p ph\u00e1p ho\u1eb7c tr\u00e1i v\u1edbi thi\u1ec7n ch\u00ed v\u00e0 tr\u1eadt t\u1ef1 c\u00f4ng c\u1ed9ng;<\/li>\n<li>B) Kh\u00f4ng \u0111\u01b0\u1ee3c ph\u00e1t t\u00e1n tuy\u00ean truy\u1ec1n ho\u1eb7c n\u1ed9i dung mang t\u00ednh ph\u00e2n bi\u1ec7t ch\u1ee7ng t\u1ed9c ho\u1eb7c b\u00e0i ngo\u1ea1i, ho\u1eb7c li\u00ean quan \u0111\u1ebfn c\u1edd b\u1ea1c, tr\u00f2 ch\u01a1i may r\u1ee7i, b\u1ea5t k\u1ef3 lo\u1ea1i khi\u00eau d\u00e2m b\u1ea5t h\u1ee3p ph\u00e1p n\u00e0o, ho\u1eb7c n\u1ed9i dung c\u1ed5 v\u0169 kh\u1ee7ng b\u1ed1 ho\u1eb7c vi ph\u1ea1m nh\u00e2n quy\u1ec1n;<\/li>\n<li>C) Kh\u00f4ng g\u00e2y thi\u1ec7t h\u1ea1i cho c\u00e1c h\u1ec7 th\u1ed1ng v\u1eadt l\u00fd (ph\u1ea7n c\u1ee9ng) v\u00e0 logic (ph\u1ea7n m\u1ec1m) c\u1ee7a Finan\u00e7asPlus, nh\u00e0 cung c\u1ea5p ho\u1eb7c b\u00ean th\u1ee9 ba b\u1eb1ng c\u00e1ch \u0111\u01b0a v\u00e0o ho\u1eb7c ph\u00e1t t\u00e1n virus m\u00e1y t\u00ednh ho\u1eb7c b\u1ea5t k\u1ef3 h\u1ec7 th\u1ed1ng ph\u1ea7n c\u1ee9ng ho\u1eb7c ph\u1ea7n m\u1ec1m n\u00e0o kh\u00e1c c\u00f3 kh\u1ea3 n\u0103ng g\u00e2y ra thi\u1ec7t h\u1ea1i n\u00eau tr\u00ean.<\/li>\n<\/ul>\n<h3>Ch\u1eb7n cookie:<\/h3>\n<p>Ng\u01b0\u1eddi d\u00f9ng c\u00f3 th\u1ec3 ch\u1eb7n v\u00e0\/ho\u1eb7c v\u00f4 hi\u1ec7u h\u00f3a cookie t\u1eeb b\u1ea5t k\u1ef3 trang web n\u00e0o, bao g\u1ed3m c\u1ea3 trang web c\u1ee7a ch\u00fang t\u00f4i, b\u1ea5t c\u1ee9 l\u00fac n\u00e0o. \u0110\u1ec3 l\u00e0m \u0111i\u1ec1u n\u00e0y, h\u00e3y truy c\u1eadp c\u00e0i \u0111\u1eb7t tr\u00ecnh duy\u1ec7t c\u1ee7a b\u1ea1n. Xem h\u01b0\u1edbng d\u1eabn tr\u1ee3 gi\u00fap cho c\u00e1c tr\u00ecnh duy\u1ec7t ch\u00ednh b\u00ean d\u01b0\u1edbi:<\/p>\n<ul>\n<li><a href=\"https:\/\/support.google.com\/accounts\/answer\/61416?hl=en\" target=\"_blank\" rel=\"noopener noreferrer\"> Google Chrome <\/a><\/li>\n<li><a href=\"https:\/\/support.mozilla.org\/en-US\/kb\/enhanced-tracking-protection-firefox-desktop?redirectlocale=en-US&amp;redirectslug=enable-and-disable-cookies-website-preferences\" target=\"_blank\" rel=\"noopener noreferrer\"> Tr\u00ecnh duy\u1ec7t Firefox <\/a><\/li>\n<li><a href=\"https:\/\/support.microsoft.com\/pt-br\/help\/17442\/windows-internet-explorer-delete-manage-cookies\" target=\"_blank\" rel=\"noopener noreferrer\"> Microsoft Edge <\/a><\/li>\n<li><a href=\"https:\/\/blogs.opera.com\/news\/2015\/08\/how-to-manage-cookies-in-opera\/\" target=\"_blank\" rel=\"noopener noreferrer\"> Opera <\/a><\/li>\n<li><a href=\"https:\/\/support.apple.com\/pt-br\/guide\/safari\/sfri11471\/mac\" target=\"_blank\" rel=\"noopener noreferrer\"> Cu\u1ed9c \u0111i s\u0103n <\/a>.<\/li>\n<\/ul>\n<h3>Th\u00f4ng tin th\u00eam<\/h3>\n<p>Ch\u00fang t\u00f4i hy v\u1ecdng \u0111i\u1ec1u n\u00e0y \u0111\u00e3 r\u00f5 r\u00e0ng v\u00e0, nh\u01b0 \u0111\u00e3 \u0111\u1ec1 c\u1eadp tr\u01b0\u1edbc \u0111\u00f3, n\u1ebfu c\u00f3 b\u1ea5t c\u1ee9 \u0111i\u1ec1u g\u00ec b\u1ea1n kh\u00f4ng ch\u1eafc ch\u1eafn li\u1ec7u m\u00ecnh c\u00f3 c\u1ea7n hay kh\u00f4ng, nh\u00ecn chung an to\u00e0n h\u01a1n l\u00e0 \u0111\u1ec3 cookie \u0111\u01b0\u1ee3c b\u1eadt trong tr\u01b0\u1eddng h\u1ee3p b\u1ea1n t\u01b0\u01a1ng t\u00e1c v\u1edbi m\u1ed9t trong nh\u1eefng t\u00ednh n\u0103ng b\u1ea1n s\u1eed d\u1ee5ng tr\u00ean trang web c\u1ee7a ch\u00fang t\u00f4i.<\/p>\n<p>Ch\u00ednh s\u00e1ch n\u00e0y c\u00f3 hi\u1ec7u l\u1ef1c t\u1eeb ng\u00e0y... <strong>Th\u00e1ng Hai<\/strong>\/<strong>2023<\/strong>.<\/p>","protected":false},"excerpt":{"rendered":"<p>A sua privacidade \u00e9 importante para n\u00f3s. \u00c9 pol\u00edtica do Finan\u00e7asPlus respeitar a sua privacidade em rela\u00e7\u00e3o a qualquer informa\u00e7\u00e3o sua que possamos coletar no site Finan\u00e7asPlus, e outros sites que possu\u00edmos e operamos. Solicitamos informa\u00e7\u00f5es pessoais apenas quando realmente precisamos delas para lhe fornecer um servi\u00e7o. Fazemo-lo por meios justos e legais, com o [&hellip;]<\/p>\n","protected":false},"author":1,"featured_media":0,"parent":0,"menu_order":0,"comment_status":"closed","ping_status":"closed","template":"","meta":{"footnotes":""},"class_list":["post-54","page","type-page","status-publish"],"_links":{"self":[{"href":"https:\/\/financasplus.online\/vi\/wp-json\/wp\/v2\/pages\/54","targetHints":{"allow":["GET"]}}],"collection":[{"href":"https:\/\/financasplus.online\/vi\/wp-json\/wp\/v2\/pages"}],"about":[{"href":"https:\/\/financasplus.online\/vi\/wp-json\/wp\/v2\/types\/page"}],"author":[{"embeddable":true,"href":"https:\/\/financasplus.online\/vi\/wp-json\/wp\/v2\/users\/1"}],"replies":[{"embeddable":true,"href":"https:\/\/financasplus.online\/vi\/wp-json\/wp\/v2\/comments?post=54"}],"version-history":[{"count":14,"href":"https:\/\/financasplus.online\/vi\/wp-json\/wp\/v2\/pages\/54\/revisions"}],"predecessor-version":[{"id":578,"href":"https:\/\/financasplus.online\/vi\/wp-json\/wp\/v2\/pages\/54\/revisions\/578"}],"wp:attachment":[{"href":"https:\/\/financasplus.online\/vi\/wp-json\/wp\/v2\/media?parent=54"}],"curies":[{"name":"trang web","href":"https:\/\/api.w.org\/{rel}","templated":true}]}}