{"id":444,"date":"2025-12-09T04:14:29","date_gmt":"2025-12-09T04:14:29","guid":{"rendered":"https:\/\/financasplus.online\/?page_id=444"},"modified":"2025-12-09T04:14:30","modified_gmt":"2025-12-09T04:14:30","slug":"chung-ta-la-ai","status":"publish","type":"page","link":"https:\/\/financasplus.online\/vi\/quem-somos\/","title":{"rendered":"Ch\u00fang t\u00f4i l\u00e0 ai"},"content":{"rendered":"<p>Finan\u00e7as Plus l\u00e0 m\u1ed9t c\u1ed5ng th\u00f4ng tin \u0111\u01b0\u1ee3c t\u1ea1o ra d\u00e0nh cho nh\u1eefng ai mu\u1ed1n kh\u00e1m ph\u00e1 nh\u1eefng \u0111i\u1ec1u t\u1ed1t nh\u1ea5t c\u1ee7a th\u1ebf gi\u1edbi c\u00f4ng ngh\u1ec7 m\u1ed9t c\u00e1ch \u0111\u01a1n gi\u1ea3n, thi\u1ebft th\u1ef1c v\u00e0 c\u1eadp nh\u1eadt nh\u1ea5t. M\u1eb7c d\u00f9 t\u00ean g\u1ecdi g\u1ee3i \u00fd v\u1ec1 th\u1ebf gi\u1edbi t\u00e0i ch\u00ednh, m\u1ee5c \u0111\u00edch c\u1ee7a ch\u00fang t\u00f4i v\u01b0\u1ee3t xa \u0111i\u1ec1u \u0111\u00f3: ch\u00fang t\u00f4i \u0111am m\u00ea s\u1ef1 \u0111\u1ed5i m\u1edbi, \u1ee9ng d\u1ee5ng, c\u00f4ng c\u1ee5 k\u1ef9 thu\u1eadt s\u1ed1 v\u00e0 m\u1ecdi th\u1ee9 c\u00f3 th\u1ec3 l\u00e0m cho cu\u1ed9c s\u1ed1ng h\u00e0ng ng\u00e0y tr\u1edf n\u00ean th\u00f4ng minh v\u00e0 hi\u1ec7u qu\u1ea3 h\u01a1n.<\/p>\n<p>Ch\u00fang ta \u0111ang s\u1ed1ng trong th\u1eddi \u0111\u1ea1i c\u00f4ng ngh\u1ec7 ph\u00e1t tri\u1ec3n nhanh ch\u00f3ng, v\u00e0 vi\u1ec7c theo k\u1ecbp r\u1ea5t nhi\u1ec1u ti\u1ebfn b\u1ed9 m\u1edbi c\u00f3 th\u1ec3 l\u00e0 m\u1ed9t th\u00e1ch th\u1ee9c. \u0110\u00f3 l\u00e0 l\u00fd do t\u1ea1i sao ch\u00fang t\u00f4i \u0111\u00e3 t\u1eadp h\u1ee3p t\u1ea1i m\u1ed9t n\u01a1i c\u00e1c ph\u00e2n t\u00edch, m\u1eb9o, khuy\u1ebfn ngh\u1ecb, h\u01b0\u1edbng d\u1eabn v\u00e0 n\u1ed9i dung gi\u00fap ng\u01b0\u1eddi d\u00f9ng \u1edf m\u1ecdi tr\u00ecnh \u0111\u1ed9 kh\u00e1m ph\u00e1 c\u00e1c gi\u1ea3i ph\u00e1p th\u1ef1c s\u1ef1 t\u1ea1o ra s\u1ef1 kh\u00e1c bi\u1ec7t, cho d\u00f9 \u0111\u00f3 l\u00e0 v\u1ec1 t\u1ed5 ch\u1ee9c c\u00e1 nh\u00e2n, gi\u1ea3i tr\u00ed, n\u0103ng su\u1ea5t, b\u1ea3o m\u1eadt k\u1ef9 thu\u1eadt s\u1ed1, hay \u2013 t\u1ea5t nhi\u00ean \u2013 qu\u1ea3n l\u00fd t\u00e0i ch\u00ednh.<\/p>\n<p>\u0110\u1ed9i ng\u0169 c\u1ee7a ch\u00fang t\u00f4i g\u1ed3m nh\u1eefng ng\u01b0\u1eddi \u0111am m\u00ea c\u00f4ng ngh\u1ec7, c\u00e1c chuy\u00ean gia theo d\u00f5i xu h\u01b0\u1edbng th\u1ecb tr\u01b0\u1eddng k\u1ef9 thu\u1eadt s\u1ed1 h\u00e0ng ng\u00e0y v\u00e0 chuy\u1ec3n h\u00f3a ki\u1ebfn th\u1ee9c n\u00e0y th\u00e0nh n\u1ed9i dung d\u1ec5 ti\u1ebfp c\u1eadn, kh\u00e1ch quan v\u00e0 h\u1eefu \u00edch. Ch\u00fang t\u00f4i lu\u00f4n n\u1ed7 l\u1ef1c cung c\u1ea5p th\u00f4ng tin r\u00f5 r\u00e0ng, kh\u00f4ng thi\u00ean v\u1ecb v\u00e0 c\u1eadp nh\u1eadt, gi\u00fap b\u1ea1n t\u00ecm th\u1ea5y c\u00e1c \u1ee9ng d\u1ee5ng v\u00e0 t\u00e0i nguy\u00ean ph\u00f9 h\u1ee3p nh\u1ea5t v\u1edbi nhu c\u1ea7u c\u1ee7a m\u00ecnh.<\/p>\n<p>T\u1ea1i Finan\u00e7as Plus, ch\u00fang t\u00f4i tin r\u1eb1ng c\u00f4ng ngh\u1ec7 n\u00ean ph\u1ee5c v\u1ee5 con ng\u01b0\u1eddi, gi\u00fap c\u00f4ng vi\u1ec7c tr\u1edf n\u00ean d\u1ec5 d\u00e0ng h\u01a1n, m\u1edf ra c\u01a1 h\u1ed9i v\u00e0 m\u1edf r\u1ed9ng kh\u1ea3 n\u0103ng. Cam k\u1ebft c\u1ee7a ch\u00fang t\u00f4i l\u00e0 cung c\u1ea5p tr\u1ea3i nghi\u1ec7m to\u00e0n di\u1ec7n cho nh\u1eefng ng\u01b0\u1eddi mu\u1ed1n t\u1eadn d\u1ee5ng t\u1ed1i \u0111a nh\u1eefng g\u00ec th\u1ebf gi\u1edbi k\u1ef9 thu\u1eadt s\u1ed1 mang l\u1ea1i.<\/p>\n<p>Ch\u00e0o m\u1eebng \u0111\u1ebfn v\u1edbi Finan\u00e7as Plus \u2014 n\u01a1i c\u00f4ng ngh\u1ec7, t\u00ednh th\u1ef1c ti\u1ec5n v\u00e0 s\u1ef1 \u0111\u1ed5i m\u1edbi h\u00f2a quy\u1ec7n \u0111\u1ec3 thay \u0111\u1ed5i cu\u1ed9c s\u1ed1ng th\u01b0\u1eddng nh\u1eadt c\u1ee7a b\u1ea1n.<\/p>","protected":false},"excerpt":{"rendered":"<p>O Finan\u00e7as Plus \u00e9 um portal criado para quem deseja explorar o melhor do universo da tecnologia de forma simples, pr\u00e1tica e atual. Apesar do nome remeter ao mundo financeiro, nosso prop\u00f3sito vai muito al\u00e9m disso: somos apaixonados por inova\u00e7\u00e3o, aplicativos, ferramentas digitais e por tudo que pode tornar o dia a dia mais inteligente [&hellip;]<\/p>\n","protected":false},"author":1,"featured_media":0,"parent":0,"menu_order":0,"comment_status":"closed","ping_status":"closed","template":"","meta":{"footnotes":""},"class_list":["post-444","page","type-page","status-publish"],"_links":{"self":[{"href":"https:\/\/financasplus.online\/vi\/wp-json\/wp\/v2\/pages\/444","targetHints":{"allow":["GET"]}}],"collection":[{"href":"https:\/\/financasplus.online\/vi\/wp-json\/wp\/v2\/pages"}],"about":[{"href":"https:\/\/financasplus.online\/vi\/wp-json\/wp\/v2\/types\/page"}],"author":[{"embeddable":true,"href":"https:\/\/financasplus.online\/vi\/wp-json\/wp\/v2\/users\/1"}],"replies":[{"embeddable":true,"href":"https:\/\/financasplus.online\/vi\/wp-json\/wp\/v2\/comments?post=444"}],"version-history":[{"count":1,"href":"https:\/\/financasplus.online\/vi\/wp-json\/wp\/v2\/pages\/444\/revisions"}],"predecessor-version":[{"id":445,"href":"https:\/\/financasplus.online\/vi\/wp-json\/wp\/v2\/pages\/444\/revisions\/445"}],"wp:attachment":[{"href":"https:\/\/financasplus.online\/vi\/wp-json\/wp\/v2\/media?parent=444"}],"curies":[{"name":"trang web","href":"https:\/\/api.w.org\/{rel}","templated":true}]}}