{"id":444,"date":"2025-12-09T04:14:29","date_gmt":"2025-12-09T04:14:29","guid":{"rendered":"https:\/\/financasplus.online\/?page_id=444"},"modified":"2025-12-09T04:14:30","modified_gmt":"2025-12-09T04:14:30","slug":"kung-sino-tayo","status":"publish","type":"page","link":"https:\/\/financasplus.online\/tl\/quem-somos\/","title":{"rendered":"Sino Kami"},"content":{"rendered":"<p>Ang Finan\u00e7as Plus ay isang portal na nilikha para sa mga gustong tuklasin ang pinakamahusay sa mundo ng teknolohiya sa isang simple, praktikal, at napapanahong paraan. Sa kabila ng pangalang nagmumungkahi ng mundo ng pananalapi, ang aming layunin ay higit pa roon: kami ay masigasig sa inobasyon, mga app, mga digital na tool, at lahat ng bagay na maaaring gawing mas matalino at mas mahusay ang pang-araw-araw na buhay.<\/p>\n<p>Nabubuhay tayo sa isang panahon kung saan mabilis na umuunlad ang teknolohiya, at ang pagsunod sa napakaraming bagong pag-unlad ay maaaring maging isang hamon. Kaya naman tinipon namin sa iisang lugar ang mga pagsusuri, tip, rekomendasyon, tutorial, at nilalaman na tumutulong sa mga gumagamit sa lahat ng antas na matuklasan ang mga solusyon na tunay na makakagawa ng pagbabago, maging para sa personal na organisasyon, libangan, produktibidad, digital na seguridad, o\u2014siyempre\u2014pamamahala sa pananalapi.<\/p>\n<p>Ang aming pangkat ay binubuo ng mga mahilig sa teknolohiya, mga propesyonal na araw-araw na sumusunod sa mga uso sa digital market at binabago ang kaalamang ito tungo sa madaling maunawaan, obhetibo, at kapaki-pakinabang na nilalaman. Palagi naming sinisikap na mag-alok ng malinaw, walang kinikilingan, at napapanahong impormasyon, na tutulong sa iyo na mahanap ang mga aplikasyon at mapagkukunan na pinakaangkop sa iyong mga pangangailangan.<\/p>\n<p>Sa Finan\u00e7as Plus, naniniwala kami na ang teknolohiya ay dapat maglingkod sa mga tao, na ginagawang mas madali ang mga gawain, nagbubukas ng mga oportunidad, at nagpapalawak ng mga posibilidad. Ang aming pangako ay magbigay ng kumpletong karanasan para sa mga gustong masulit ang iniaalok ng digital na mundo.<\/p>\n<p>Maligayang pagdating sa Finan\u00e7as Plus \u2014 kung saan ang teknolohiya, praktikalidad, at inobasyon ay nagsasama-sama upang baguhin ang iyong gawain.<\/p>","protected":false},"excerpt":{"rendered":"<p>O Finan\u00e7as Plus \u00e9 um portal criado para quem deseja explorar o melhor do universo da tecnologia de forma simples, pr\u00e1tica e atual. Apesar do nome remeter ao mundo financeiro, nosso prop\u00f3sito vai muito al\u00e9m disso: somos apaixonados por inova\u00e7\u00e3o, aplicativos, ferramentas digitais e por tudo que pode tornar o dia a dia mais inteligente [&hellip;]<\/p>\n","protected":false},"author":1,"featured_media":0,"parent":0,"menu_order":0,"comment_status":"closed","ping_status":"closed","template":"","meta":{"footnotes":""},"class_list":["post-444","page","type-page","status-publish"],"_links":{"self":[{"href":"https:\/\/financasplus.online\/tl\/wp-json\/wp\/v2\/pages\/444","targetHints":{"allow":["GET"]}}],"collection":[{"href":"https:\/\/financasplus.online\/tl\/wp-json\/wp\/v2\/pages"}],"about":[{"href":"https:\/\/financasplus.online\/tl\/wp-json\/wp\/v2\/types\/page"}],"author":[{"embeddable":true,"href":"https:\/\/financasplus.online\/tl\/wp-json\/wp\/v2\/users\/1"}],"replies":[{"embeddable":true,"href":"https:\/\/financasplus.online\/tl\/wp-json\/wp\/v2\/comments?post=444"}],"version-history":[{"count":1,"href":"https:\/\/financasplus.online\/tl\/wp-json\/wp\/v2\/pages\/444\/revisions"}],"predecessor-version":[{"id":445,"href":"https:\/\/financasplus.online\/tl\/wp-json\/wp\/v2\/pages\/444\/revisions\/445"}],"wp:attachment":[{"href":"https:\/\/financasplus.online\/tl\/wp-json\/wp\/v2\/media?parent=444"}],"curies":[{"name":"wp","href":"https:\/\/api.w.org\/{rel}","templated":true}]}}