{"id":444,"date":"2025-12-09T04:14:29","date_gmt":"2025-12-09T04:14:29","guid":{"rendered":"https:\/\/financasplus.online\/?page_id=444"},"modified":"2025-12-09T04:14:30","modified_gmt":"2025-12-09T04:14:30","slug":"%e0%b9%80%e0%b8%a3%e0%b8%b2%e0%b8%84%e0%b8%b7%e0%b8%ad%e0%b9%83%e0%b8%84%e0%b8%a3","status":"publish","type":"page","link":"https:\/\/financasplus.online\/th\/quem-somos\/","title":{"rendered":"\u0e1e\u0e27\u0e01\u0e40\u0e23\u0e32\u0e04\u0e37\u0e2d\u0e43\u0e04\u0e23"},"content":{"rendered":"<p>Finan\u00e7as Plus \u0e04\u0e37\u0e2d\u0e1e\u0e2d\u0e23\u0e4c\u0e17\u0e31\u0e25\u0e17\u0e35\u0e48\u0e2a\u0e23\u0e49\u0e32\u0e07\u0e02\u0e36\u0e49\u0e19\u0e2a\u0e33\u0e2b\u0e23\u0e31\u0e1a\u0e1c\u0e39\u0e49\u0e17\u0e35\u0e48\u0e15\u0e49\u0e2d\u0e07\u0e01\u0e32\u0e23\u0e2a\u0e33\u0e23\u0e27\u0e08\u0e2a\u0e34\u0e48\u0e07\u0e17\u0e35\u0e48\u0e14\u0e35\u0e17\u0e35\u0e48\u0e2a\u0e38\u0e14\u0e43\u0e19\u0e42\u0e25\u0e01\u0e02\u0e2d\u0e07\u0e40\u0e17\u0e04\u0e42\u0e19\u0e42\u0e25\u0e22\u0e35\u0e14\u0e49\u0e27\u0e22\u0e27\u0e34\u0e18\u0e35\u0e17\u0e35\u0e48\u0e40\u0e23\u0e35\u0e22\u0e1a\u0e07\u0e48\u0e32\u0e22 \u0e43\u0e0a\u0e49\u0e07\u0e32\u0e19\u0e44\u0e14\u0e49\u0e08\u0e23\u0e34\u0e07 \u0e41\u0e25\u0e30\u0e17\u0e31\u0e19\u0e2a\u0e21\u0e31\u0e22 \u0e41\u0e21\u0e49\u0e0a\u0e37\u0e48\u0e2d\u0e08\u0e30\u0e1a\u0e48\u0e07\u0e1a\u0e2d\u0e01\u0e16\u0e36\u0e07\u0e42\u0e25\u0e01\u0e01\u0e32\u0e23\u0e40\u0e07\u0e34\u0e19 \u0e41\u0e15\u0e48\u0e08\u0e38\u0e14\u0e1b\u0e23\u0e30\u0e2a\u0e07\u0e04\u0e4c\u0e02\u0e2d\u0e07\u0e40\u0e23\u0e32\u0e19\u0e31\u0e49\u0e19\u0e01\u0e27\u0e49\u0e32\u0e07\u0e44\u0e01\u0e25\u0e01\u0e27\u0e48\u0e32\u0e19\u0e31\u0e49\u0e19\u0e21\u0e32\u0e01: \u0e40\u0e23\u0e32\u0e2b\u0e25\u0e07\u0e43\u0e2b\u0e25\u0e43\u0e19\u0e19\u0e27\u0e31\u0e15\u0e01\u0e23\u0e23\u0e21 \u0e41\u0e2d\u0e1b\u0e1e\u0e25\u0e34\u0e40\u0e04\u0e0a\u0e31\u0e19 \u0e40\u0e04\u0e23\u0e37\u0e48\u0e2d\u0e07\u0e21\u0e37\u0e2d\u0e14\u0e34\u0e08\u0e34\u0e17\u0e31\u0e25 \u0e41\u0e25\u0e30\u0e17\u0e38\u0e01\u0e2a\u0e34\u0e48\u0e07\u0e17\u0e35\u0e48\u0e2a\u0e32\u0e21\u0e32\u0e23\u0e16\u0e17\u0e33\u0e43\u0e2b\u0e49\u0e0a\u0e35\u0e27\u0e34\u0e15\u0e1b\u0e23\u0e30\u0e08\u0e33\u0e27\u0e31\u0e19\u0e09\u0e25\u0e32\u0e14\u0e02\u0e36\u0e49\u0e19\u0e41\u0e25\u0e30\u0e21\u0e35\u0e1b\u0e23\u0e30\u0e2a\u0e34\u0e17\u0e18\u0e34\u0e20\u0e32\u0e1e\u0e21\u0e32\u0e01\u0e02\u0e36\u0e49\u0e19.<\/p>\n<p>\u0e40\u0e23\u0e32\u0e2d\u0e22\u0e39\u0e48\u0e43\u0e19\u0e22\u0e38\u0e04\u0e17\u0e35\u0e48\u0e40\u0e17\u0e04\u0e42\u0e19\u0e42\u0e25\u0e22\u0e35\u0e1e\u0e31\u0e12\u0e19\u0e32\u0e44\u0e1b\u0e2d\u0e22\u0e48\u0e32\u0e07\u0e23\u0e27\u0e14\u0e40\u0e23\u0e47\u0e27 \u0e41\u0e25\u0e30\u0e01\u0e32\u0e23\u0e15\u0e32\u0e21\u0e17\u0e31\u0e19\u0e04\u0e27\u0e32\u0e21\u0e01\u0e49\u0e32\u0e27\u0e2b\u0e19\u0e49\u0e32\u0e43\u0e2b\u0e21\u0e48\u0e46 \u0e21\u0e32\u0e01\u0e21\u0e32\u0e22\u0e19\u0e31\u0e49\u0e19\u0e2d\u0e32\u0e08\u0e40\u0e1b\u0e47\u0e19\u0e40\u0e23\u0e37\u0e48\u0e2d\u0e07\u0e17\u0e49\u0e32\u0e17\u0e32\u0e22 \u0e19\u0e31\u0e48\u0e19\u0e04\u0e37\u0e2d\u0e40\u0e2b\u0e15\u0e38\u0e1c\u0e25\u0e17\u0e35\u0e48\u0e40\u0e23\u0e32\u0e44\u0e14\u0e49\u0e23\u0e27\u0e1a\u0e23\u0e27\u0e21\u0e1a\u0e17\u0e27\u0e34\u0e40\u0e04\u0e23\u0e32\u0e30\u0e2b\u0e4c \u0e40\u0e04\u0e25\u0e47\u0e14\u0e25\u0e31\u0e1a \u0e04\u0e33\u0e41\u0e19\u0e30\u0e19\u0e33 \u0e1a\u0e17\u0e0a\u0e48\u0e27\u0e22\u0e2a\u0e2d\u0e19 \u0e41\u0e25\u0e30\u0e40\u0e19\u0e37\u0e49\u0e2d\u0e2b\u0e32\u0e15\u0e48\u0e32\u0e07\u0e46 \u0e44\u0e27\u0e49\u0e43\u0e19\u0e17\u0e35\u0e48\u0e40\u0e14\u0e35\u0e22\u0e27 \u0e40\u0e1e\u0e37\u0e48\u0e2d\u0e0a\u0e48\u0e27\u0e22\u0e43\u0e2b\u0e49\u0e1c\u0e39\u0e49\u0e43\u0e0a\u0e49\u0e17\u0e38\u0e01\u0e23\u0e30\u0e14\u0e31\u0e1a\u0e04\u0e49\u0e19\u0e1e\u0e1a\u0e27\u0e34\u0e18\u0e35\u0e41\u0e01\u0e49\u0e1b\u0e31\u0e0d\u0e2b\u0e32\u0e17\u0e35\u0e48\u0e2a\u0e23\u0e49\u0e32\u0e07\u0e04\u0e27\u0e32\u0e21\u0e41\u0e15\u0e01\u0e15\u0e48\u0e32\u0e07\u0e2d\u0e22\u0e48\u0e32\u0e07\u0e41\u0e17\u0e49\u0e08\u0e23\u0e34\u0e07 \u0e44\u0e21\u0e48\u0e27\u0e48\u0e32\u0e08\u0e30\u0e40\u0e1b\u0e47\u0e19\u0e14\u0e49\u0e32\u0e19\u0e01\u0e32\u0e23\u0e08\u0e31\u0e14\u0e01\u0e32\u0e23\u0e2a\u0e48\u0e27\u0e19\u0e15\u0e31\u0e27 \u0e04\u0e27\u0e32\u0e21\u0e1a\u0e31\u0e19\u0e40\u0e17\u0e34\u0e07 \u0e1b\u0e23\u0e30\u0e2a\u0e34\u0e17\u0e18\u0e34\u0e20\u0e32\u0e1e\u0e01\u0e32\u0e23\u0e17\u0e33\u0e07\u0e32\u0e19 \u0e04\u0e27\u0e32\u0e21\u0e1b\u0e25\u0e2d\u0e14\u0e20\u0e31\u0e22\u0e17\u0e32\u0e07\u0e14\u0e34\u0e08\u0e34\u0e17\u0e31\u0e25 \u0e2b\u0e23\u0e37\u0e2d\u0e41\u0e19\u0e48\u0e19\u0e2d\u0e19\u0e04\u0e37\u0e2d \u0e01\u0e32\u0e23\u0e08\u0e31\u0e14\u0e01\u0e32\u0e23\u0e14\u0e49\u0e32\u0e19\u0e01\u0e32\u0e23\u0e40\u0e07\u0e34\u0e19.<\/p>\n<p>\u0e17\u0e35\u0e21\u0e02\u0e2d\u0e07\u0e40\u0e23\u0e32\u0e1b\u0e23\u0e30\u0e01\u0e2d\u0e1a\u0e14\u0e49\u0e27\u0e22\u0e1c\u0e39\u0e49\u0e17\u0e35\u0e48\u0e0a\u0e37\u0e48\u0e19\u0e0a\u0e2d\u0e1a\u0e40\u0e17\u0e04\u0e42\u0e19\u0e42\u0e25\u0e22\u0e35\u0e41\u0e25\u0e30\u0e1c\u0e39\u0e49\u0e40\u0e0a\u0e35\u0e48\u0e22\u0e27\u0e0a\u0e32\u0e0d\u0e17\u0e35\u0e48\u0e15\u0e34\u0e14\u0e15\u0e32\u0e21\u0e40\u0e17\u0e23\u0e19\u0e14\u0e4c\u0e15\u0e25\u0e32\u0e14\u0e14\u0e34\u0e08\u0e34\u0e17\u0e31\u0e25\u0e17\u0e38\u0e01\u0e27\u0e31\u0e19 \u0e41\u0e25\u0e30\u0e19\u0e33\u0e04\u0e27\u0e32\u0e21\u0e23\u0e39\u0e49\u0e40\u0e2b\u0e25\u0e48\u0e32\u0e19\u0e31\u0e49\u0e19\u0e21\u0e32\u0e41\u0e1b\u0e25\u0e07\u0e40\u0e1b\u0e47\u0e19\u0e40\u0e19\u0e37\u0e49\u0e2d\u0e2b\u0e32\u0e17\u0e35\u0e48\u0e40\u0e02\u0e49\u0e32\u0e16\u0e36\u0e07\u0e44\u0e14\u0e49 \u0e40\u0e1b\u0e47\u0e19\u0e01\u0e25\u0e32\u0e07 \u0e41\u0e25\u0e30\u0e21\u0e35\u0e1b\u0e23\u0e30\u0e42\u0e22\u0e0a\u0e19\u0e4c \u0e40\u0e23\u0e32\u0e21\u0e38\u0e48\u0e07\u0e21\u0e31\u0e48\u0e19\u0e17\u0e35\u0e48\u0e08\u0e30\u0e19\u0e33\u0e40\u0e2a\u0e19\u0e2d\u0e02\u0e49\u0e2d\u0e21\u0e39\u0e25\u0e17\u0e35\u0e48\u0e0a\u0e31\u0e14\u0e40\u0e08\u0e19 \u0e40\u0e1b\u0e47\u0e19\u0e01\u0e25\u0e32\u0e07 \u0e41\u0e25\u0e30\u0e17\u0e31\u0e19\u0e2a\u0e21\u0e31\u0e22\u0e2d\u0e22\u0e39\u0e48\u0e40\u0e2a\u0e21\u0e2d \u0e40\u0e1e\u0e37\u0e48\u0e2d\u0e0a\u0e48\u0e27\u0e22\u0e43\u0e2b\u0e49\u0e04\u0e38\u0e13\u0e04\u0e49\u0e19\u0e2b\u0e32\u0e41\u0e2d\u0e1b\u0e1e\u0e25\u0e34\u0e40\u0e04\u0e0a\u0e31\u0e19\u0e41\u0e25\u0e30\u0e41\u0e2b\u0e25\u0e48\u0e07\u0e02\u0e49\u0e2d\u0e21\u0e39\u0e25\u0e17\u0e35\u0e48\u0e40\u0e2b\u0e21\u0e32\u0e30\u0e2a\u0e21\u0e01\u0e31\u0e1a\u0e04\u0e27\u0e32\u0e21\u0e15\u0e49\u0e2d\u0e07\u0e01\u0e32\u0e23\u0e02\u0e2d\u0e07\u0e04\u0e38\u0e13\u0e21\u0e32\u0e01\u0e17\u0e35\u0e48\u0e2a\u0e38\u0e14.<\/p>\n<p>\u0e17\u0e35\u0e48 Finan\u00e7as Plus \u0e40\u0e23\u0e32\u0e40\u0e0a\u0e37\u0e48\u0e2d\u0e27\u0e48\u0e32\u0e40\u0e17\u0e04\u0e42\u0e19\u0e42\u0e25\u0e22\u0e35\u0e04\u0e27\u0e23\u0e23\u0e31\u0e1a\u0e43\u0e0a\u0e49\u0e1c\u0e39\u0e49\u0e04\u0e19 \u0e17\u0e33\u0e43\u0e2b\u0e49\u0e07\u0e32\u0e19\u0e15\u0e48\u0e32\u0e07\u0e46 \u0e07\u0e48\u0e32\u0e22\u0e02\u0e36\u0e49\u0e19 \u0e40\u0e1b\u0e34\u0e14\u0e42\u0e2d\u0e01\u0e32\u0e2a \u0e41\u0e25\u0e30\u0e02\u0e22\u0e32\u0e22\u0e02\u0e2d\u0e1a\u0e40\u0e02\u0e15\u0e04\u0e27\u0e32\u0e21\u0e40\u0e1b\u0e47\u0e19\u0e44\u0e1b\u0e44\u0e14\u0e49 \u0e40\u0e23\u0e32\u0e21\u0e38\u0e48\u0e07\u0e21\u0e31\u0e48\u0e19\u0e17\u0e35\u0e48\u0e08\u0e30\u0e21\u0e2d\u0e1a\u0e1b\u0e23\u0e30\u0e2a\u0e1a\u0e01\u0e32\u0e23\u0e13\u0e4c\u0e17\u0e35\u0e48\u0e04\u0e23\u0e1a\u0e16\u0e49\u0e27\u0e19\u0e2a\u0e21\u0e1a\u0e39\u0e23\u0e13\u0e4c\u0e2a\u0e33\u0e2b\u0e23\u0e31\u0e1a\u0e1c\u0e39\u0e49\u0e17\u0e35\u0e48\u0e15\u0e49\u0e2d\u0e07\u0e01\u0e32\u0e23\u0e43\u0e0a\u0e49\u0e1b\u0e23\u0e30\u0e42\u0e22\u0e0a\u0e19\u0e4c\u0e08\u0e32\u0e01\u0e42\u0e25\u0e01\u0e14\u0e34\u0e08\u0e34\u0e17\u0e31\u0e25\u0e2d\u0e22\u0e48\u0e32\u0e07\u0e40\u0e15\u0e47\u0e21\u0e17\u0e35\u0e48.<\/p>\n<p>\u0e22\u0e34\u0e19\u0e14\u0e35\u0e15\u0e49\u0e2d\u0e19\u0e23\u0e31\u0e1a\u0e2a\u0e39\u0e48 Finan\u00e7as Plus \u2014 \u0e17\u0e35\u0e48\u0e0b\u0e36\u0e48\u0e07\u0e40\u0e17\u0e04\u0e42\u0e19\u0e42\u0e25\u0e22\u0e35 \u0e04\u0e27\u0e32\u0e21\u0e2a\u0e30\u0e14\u0e27\u0e01\u0e2a\u0e1a\u0e32\u0e22 \u0e41\u0e25\u0e30\u0e19\u0e27\u0e31\u0e15\u0e01\u0e23\u0e23\u0e21\u0e21\u0e32\u0e1a\u0e23\u0e23\u0e08\u0e1a\u0e01\u0e31\u0e19\u0e40\u0e1e\u0e37\u0e48\u0e2d\u0e40\u0e1b\u0e25\u0e35\u0e48\u0e22\u0e19\u0e41\u0e1b\u0e25\u0e07\u0e01\u0e34\u0e08\u0e27\u0e31\u0e15\u0e23\u0e1b\u0e23\u0e30\u0e08\u0e33\u0e27\u0e31\u0e19\u0e02\u0e2d\u0e07\u0e04\u0e38\u0e13.<\/p>","protected":false},"excerpt":{"rendered":"<p>O Finan\u00e7as Plus \u00e9 um portal criado para quem deseja explorar o melhor do universo da tecnologia de forma simples, pr\u00e1tica e atual. Apesar do nome remeter ao mundo financeiro, nosso prop\u00f3sito vai muito al\u00e9m disso: somos apaixonados por inova\u00e7\u00e3o, aplicativos, ferramentas digitais e por tudo que pode tornar o dia a dia mais inteligente [&hellip;]<\/p>\n","protected":false},"author":1,"featured_media":0,"parent":0,"menu_order":0,"comment_status":"closed","ping_status":"closed","template":"","meta":{"footnotes":""},"class_list":["post-444","page","type-page","status-publish"],"_links":{"self":[{"href":"https:\/\/financasplus.online\/th\/wp-json\/wp\/v2\/pages\/444","targetHints":{"allow":["GET"]}}],"collection":[{"href":"https:\/\/financasplus.online\/th\/wp-json\/wp\/v2\/pages"}],"about":[{"href":"https:\/\/financasplus.online\/th\/wp-json\/wp\/v2\/types\/page"}],"author":[{"embeddable":true,"href":"https:\/\/financasplus.online\/th\/wp-json\/wp\/v2\/users\/1"}],"replies":[{"embeddable":true,"href":"https:\/\/financasplus.online\/th\/wp-json\/wp\/v2\/comments?post=444"}],"version-history":[{"count":1,"href":"https:\/\/financasplus.online\/th\/wp-json\/wp\/v2\/pages\/444\/revisions"}],"predecessor-version":[{"id":445,"href":"https:\/\/financasplus.online\/th\/wp-json\/wp\/v2\/pages\/444\/revisions\/445"}],"wp:attachment":[{"href":"https:\/\/financasplus.online\/th\/wp-json\/wp\/v2\/media?parent=444"}],"curies":[{"name":"wp","href":"https:\/\/api.w.org\/{rel}","templated":true}]}}