{"id":444,"date":"2025-12-09T04:14:29","date_gmt":"2025-12-09T04:14:29","guid":{"rendered":"https:\/\/financasplus.online\/?page_id=444"},"modified":"2025-12-09T04:14:30","modified_gmt":"2025-12-09T04:14:30","slug":"kdo-smo","status":"publish","type":"page","link":"https:\/\/financasplus.online\/sl\/quem-somos\/","title":{"rendered":"Kdo smo"},"content":{"rendered":"<p>Financas Plus je portal, ustvarjen za tiste, ki \u017eelijo na preprost, prakti\u010den in sodoben na\u010din raziskati najbolj\u0161e iz tehnolo\u0161kega vesolja. Kljub temu, da ime nakazuje na finan\u010dni svet, na\u0161 namen sega veliko dlje od tega: strastno nas zanimajo inovacije, aplikacije, digitalna orodja in vse, kar lahko vsakdanje \u017eivljenje naredi pametnej\u0161e in u\u010dinkovitej\u0161e.<\/p>\n<p>\u017divimo v dobi, ko se tehnologija hitro razvija in je lahko sledenje toliko novostim izziv. Zato smo na enem mestu zbrali analize, nasvete, priporo\u010dila, vadnice in vsebine, ki uporabnikom vseh ravni pomagajo odkriti re\u0161itve, ki resni\u010dno spremenijo stvari, pa naj gre za osebno organizacijo, zabavo, produktivnost, digitalno varnost ali \u2013 seveda \u2013 finan\u010dno upravljanje.<\/p>\n<p>Na\u0161o ekipo sestavljajo tehnolo\u0161ki navdu\u0161enci, strokovnjaki, ki dnevno spremljajo trende na digitalnem trgu in to znanje pretvarjajo v dostopne, objektivne in uporabne vsebine. Vedno si prizadevamo ponuditi jasne, nepristranske in a\u017eurne informacije, ki vam pomagajo najti aplikacije in vire, ki najbolj ustrezajo va\u0161im potrebam.<\/p>\n<p>V podjetju Finan\u00e7as Plus verjamemo, da bi morala tehnologija slu\u017eiti ljudem, olaj\u0161ati naloge, odpreti prilo\u017enosti in raz\u0161iriti mo\u017enosti. Na\u0161a zaveza je zagotoviti celovito izku\u0161njo za tiste, ki \u017eelijo kar najbolje izkoristiti tisto, kar ponuja digitalni svet.<\/p>\n<p>Dobrodo\u0161li v Financas Plus \u2013 kjer se tehnologija, prakti\u010dnost in inovacije zdru\u017eijo, da bi preoblikovale va\u0161o rutino.<\/p>","protected":false},"excerpt":{"rendered":"<p>O Finan\u00e7as Plus \u00e9 um portal criado para quem deseja explorar o melhor do universo da tecnologia de forma simples, pr\u00e1tica e atual. Apesar do nome remeter ao mundo financeiro, nosso prop\u00f3sito vai muito al\u00e9m disso: somos apaixonados por inova\u00e7\u00e3o, aplicativos, ferramentas digitais e por tudo que pode tornar o dia a dia mais inteligente [&hellip;]<\/p>\n","protected":false},"author":1,"featured_media":0,"parent":0,"menu_order":0,"comment_status":"closed","ping_status":"closed","template":"","meta":{"footnotes":""},"class_list":["post-444","page","type-page","status-publish"],"_links":{"self":[{"href":"https:\/\/financasplus.online\/sl\/wp-json\/wp\/v2\/pages\/444","targetHints":{"allow":["GET"]}}],"collection":[{"href":"https:\/\/financasplus.online\/sl\/wp-json\/wp\/v2\/pages"}],"about":[{"href":"https:\/\/financasplus.online\/sl\/wp-json\/wp\/v2\/types\/page"}],"author":[{"embeddable":true,"href":"https:\/\/financasplus.online\/sl\/wp-json\/wp\/v2\/users\/1"}],"replies":[{"embeddable":true,"href":"https:\/\/financasplus.online\/sl\/wp-json\/wp\/v2\/comments?post=444"}],"version-history":[{"count":1,"href":"https:\/\/financasplus.online\/sl\/wp-json\/wp\/v2\/pages\/444\/revisions"}],"predecessor-version":[{"id":445,"href":"https:\/\/financasplus.online\/sl\/wp-json\/wp\/v2\/pages\/444\/revisions\/445"}],"wp:attachment":[{"href":"https:\/\/financasplus.online\/sl\/wp-json\/wp\/v2\/media?parent=444"}],"curies":[{"name":"wp","href":"https:\/\/api.w.org\/{rel}","templated":true}]}}