{"id":444,"date":"2025-12-09T04:14:29","date_gmt":"2025-12-09T04:14:29","guid":{"rendered":"https:\/\/financasplus.online\/?page_id=444"},"modified":"2025-12-09T04:14:30","modified_gmt":"2025-12-09T04:14:30","slug":"kto-sme","status":"publish","type":"page","link":"https:\/\/financasplus.online\/sk\/quem-somos\/","title":{"rendered":"Kto sme"},"content":{"rendered":"<p>Financas Plus je port\u00e1l vytvoren\u00fd pre t\u00fdch, ktor\u00ed chc\u00fa presk\u00fama\u0165 to najlep\u0161ie z technologick\u00e9ho sveta jednoduch\u00fdm, praktick\u00fdm a aktu\u00e1lnym sp\u00f4sobom. Napriek tomu, \u017ee n\u00e1zov evokuje svet financi\u00ed, n\u00e1\u0161 cie\u013e siaha \u010faleko za to: sme nad\u0161en\u00ed pre inov\u00e1cie, aplik\u00e1cie, digit\u00e1lne n\u00e1stroje a v\u0161etko, \u010do m\u00f4\u017ee urobi\u0165 ka\u017edodenn\u00fd \u017eivot inteligentnej\u0161\u00edm a efekt\u00edvnej\u0161\u00edm.<\/p>\n<p>\u017dijeme v dobe, ke\u010f sa technol\u00f3gie r\u00fdchlo vyv\u00edjaj\u00fa a dr\u017ea\u0165 krok s to\u013ek\u00fdmi nov\u00fdmi trendmi m\u00f4\u017ee by\u0165 n\u00e1ro\u010dn\u00e9. Preto sme na jednom mieste zhroma\u017edili anal\u00fdzy, tipy, odpor\u00fa\u010dania, n\u00e1vody a obsah, ktor\u00e9 pom\u00e1haj\u00fa pou\u017e\u00edvate\u013eom v\u0161etk\u00fdch \u00farovn\u00ed objavi\u0165 rie\u0161enia, ktor\u00e9 skuto\u010dne prin\u00e1\u0161aj\u00fa zmenu, \u010di u\u017e ide o osobn\u00fa organiz\u00e1ciu, z\u00e1bavu, produktivitu, digit\u00e1lnu bezpe\u010dnos\u0165 alebo \u2013 samozrejme \u2013 finan\u010dn\u00fd mana\u017ement.<\/p>\n<p>N\u00e1\u0161 t\u00edm tvoria technologick\u00ed nad\u0161enci, profesion\u00e1li, ktor\u00ed denne sleduj\u00fa trendy na digit\u00e1lnom trhu a tieto znalosti transformuj\u00fa do pr\u00edstupn\u00e9ho, objekt\u00edvneho a u\u017eito\u010dn\u00e9ho obsahu. V\u017edy sa sna\u017e\u00edme pon\u00faka\u0165 jasn\u00e9, nestrann\u00e9 a aktu\u00e1lne inform\u00e1cie, ktor\u00e9 v\u00e1m pom\u00f4\u017eu n\u00e1js\u0165 aplik\u00e1cie a zdroje, ktor\u00e9 najlep\u0161ie vyhovuj\u00fa va\u0161im potreb\u00e1m.<\/p>\n<p>Vo Finan\u00e7as Plus ver\u00edme, \u017ee technol\u00f3gie by mali sl\u00fa\u017ei\u0165 \u013eu\u010fom, u\u013eah\u010dova\u0165 \u00falohy, otv\u00e1ra\u0165 pr\u00edle\u017eitosti a roz\u0161irova\u0165 mo\u017enosti. Na\u0161\u00edm z\u00e1v\u00e4zkom je poskytn\u00fa\u0165 kompletn\u00fd z\u00e1\u017eitok t\u00fdm, ktor\u00ed chc\u00fa \u010do najlep\u0161ie vyu\u017ei\u0165 to, \u010do digit\u00e1lny svet pon\u00faka.<\/p>\n<p>Vitajte vo Financas Plus \u2013 kde sa technol\u00f3gia, praktickos\u0165 a inov\u00e1cia sp\u00e1jaj\u00fa, aby zmenili va\u0161u rutinu.<\/p>","protected":false},"excerpt":{"rendered":"<p>O Finan\u00e7as Plus \u00e9 um portal criado para quem deseja explorar o melhor do universo da tecnologia de forma simples, pr\u00e1tica e atual. Apesar do nome remeter ao mundo financeiro, nosso prop\u00f3sito vai muito al\u00e9m disso: somos apaixonados por inova\u00e7\u00e3o, aplicativos, ferramentas digitais e por tudo que pode tornar o dia a dia mais inteligente [&hellip;]<\/p>\n","protected":false},"author":1,"featured_media":0,"parent":0,"menu_order":0,"comment_status":"closed","ping_status":"closed","template":"","meta":{"footnotes":""},"class_list":["post-444","page","type-page","status-publish"],"_links":{"self":[{"href":"https:\/\/financasplus.online\/sk\/wp-json\/wp\/v2\/pages\/444","targetHints":{"allow":["GET"]}}],"collection":[{"href":"https:\/\/financasplus.online\/sk\/wp-json\/wp\/v2\/pages"}],"about":[{"href":"https:\/\/financasplus.online\/sk\/wp-json\/wp\/v2\/types\/page"}],"author":[{"embeddable":true,"href":"https:\/\/financasplus.online\/sk\/wp-json\/wp\/v2\/users\/1"}],"replies":[{"embeddable":true,"href":"https:\/\/financasplus.online\/sk\/wp-json\/wp\/v2\/comments?post=444"}],"version-history":[{"count":1,"href":"https:\/\/financasplus.online\/sk\/wp-json\/wp\/v2\/pages\/444\/revisions"}],"predecessor-version":[{"id":445,"href":"https:\/\/financasplus.online\/sk\/wp-json\/wp\/v2\/pages\/444\/revisions\/445"}],"wp:attachment":[{"href":"https:\/\/financasplus.online\/sk\/wp-json\/wp\/v2\/media?parent=444"}],"curies":[{"name":"pracovn\u00fd list","href":"https:\/\/api.w.org\/{rel}","templated":true}]}}