{"id":444,"date":"2025-12-09T04:14:29","date_gmt":"2025-12-09T04:14:29","guid":{"rendered":"https:\/\/financasplus.online\/?page_id=444"},"modified":"2025-12-09T04:14:30","modified_gmt":"2025-12-09T04:14:30","slug":"cine-suntem","status":"publish","type":"page","link":"https:\/\/financasplus.online\/ro\/quem-somos\/","title":{"rendered":"Cine suntem"},"content":{"rendered":"<p>Finan\u00e7as Plus este un portal creat pentru cei care doresc s\u0103 exploreze ce e mai bun din universul tehnologic \u00eentr-un mod simplu, practic \u0219i actualizat. \u00cen ciuda faptului c\u0103 numele sugereaz\u0103 lumea financiar\u0103, scopul nostru merge mult dincolo de asta: suntem pasiona\u021bi de inova\u021bie, aplica\u021bii, instrumente digitale \u0219i tot ceea ce poate face via\u021ba de zi cu zi mai inteligent\u0103 \u0219i mai eficient\u0103.<\/p>\n<p>Tr\u0103im \u00eentr-o er\u0103 \u00een care tehnologia evolueaz\u0103 rapid, iar a \u021bine pasul cu at\u00e2tea noi dezvolt\u0103ri poate fi o provocare. De aceea, am adunat \u00eentr-un singur loc analize, sfaturi, recomand\u0103ri, tutoriale \u0219i con\u021binut care ajut\u0103 utilizatorii de toate nivelurile s\u0103 descopere solu\u021bii care fac cu adev\u0103rat diferen\u021ba, fie c\u0103 este vorba de organizarea personal\u0103, divertisment, productivitate, securitate digital\u0103 sau - bine\u00een\u021beles - management financiar.<\/p>\n<p>Echipa noastr\u0103 este format\u0103 din pasiona\u021bi de tehnologie, profesioni\u0219ti care urm\u0103resc zilnic tendin\u021bele pie\u021bei digitale \u0219i transform\u0103 aceste cuno\u0219tin\u021be \u00een con\u021binut accesibil, obiectiv \u0219i util. Ne str\u0103duim \u00eentotdeauna s\u0103 oferim informa\u021bii clare, impar\u021biale \u0219i actualizate, ajut\u00e2ndu-v\u0103 s\u0103 g\u0103si\u021bi aplica\u021biile \u0219i resursele cele mai potrivite nevoilor dumneavoastr\u0103.<\/p>\n<p>La Finan\u00e7as Plus, credem c\u0103 tehnologia ar trebui s\u0103 fie \u00een serviciul oamenilor, u\u0219ur\u00e2nd sarcinile, deschiz\u00e2nd oportunit\u0103\u021bi \u0219i extinz\u00e2nd posibilit\u0103\u021bile. Angajamentul nostru este de a oferi o experien\u021b\u0103 complet\u0103 celor care doresc s\u0103 profite la maximum de ceea ce are de oferit lumea digital\u0103.<\/p>\n<p>Bine a\u021bi venit la Finan\u00e7as Plus \u2014 unde tehnologia, caracterul practic \u0219i inova\u021bia se combin\u0103 pentru a v\u0103 transforma rutina.<\/p>","protected":false},"excerpt":{"rendered":"<p>O Finan\u00e7as Plus \u00e9 um portal criado para quem deseja explorar o melhor do universo da tecnologia de forma simples, pr\u00e1tica e atual. Apesar do nome remeter ao mundo financeiro, nosso prop\u00f3sito vai muito al\u00e9m disso: somos apaixonados por inova\u00e7\u00e3o, aplicativos, ferramentas digitais e por tudo que pode tornar o dia a dia mais inteligente [&hellip;]<\/p>\n","protected":false},"author":1,"featured_media":0,"parent":0,"menu_order":0,"comment_status":"closed","ping_status":"closed","template":"","meta":{"footnotes":""},"class_list":["post-444","page","type-page","status-publish"],"_links":{"self":[{"href":"https:\/\/financasplus.online\/ro\/wp-json\/wp\/v2\/pages\/444","targetHints":{"allow":["GET"]}}],"collection":[{"href":"https:\/\/financasplus.online\/ro\/wp-json\/wp\/v2\/pages"}],"about":[{"href":"https:\/\/financasplus.online\/ro\/wp-json\/wp\/v2\/types\/page"}],"author":[{"embeddable":true,"href":"https:\/\/financasplus.online\/ro\/wp-json\/wp\/v2\/users\/1"}],"replies":[{"embeddable":true,"href":"https:\/\/financasplus.online\/ro\/wp-json\/wp\/v2\/comments?post=444"}],"version-history":[{"count":1,"href":"https:\/\/financasplus.online\/ro\/wp-json\/wp\/v2\/pages\/444\/revisions"}],"predecessor-version":[{"id":445,"href":"https:\/\/financasplus.online\/ro\/wp-json\/wp\/v2\/pages\/444\/revisions\/445"}],"wp:attachment":[{"href":"https:\/\/financasplus.online\/ro\/wp-json\/wp\/v2\/media?parent=444"}],"curies":[{"name":"wp","href":"https:\/\/api.w.org\/{rel}","templated":true}]}}