{"id":444,"date":"2025-12-09T04:14:29","date_gmt":"2025-12-09T04:14:29","guid":{"rendered":"https:\/\/financasplus.online\/?page_id=444"},"modified":"2025-12-09T04:14:30","modified_gmt":"2025-12-09T04:14:30","slug":"kim-jestesmy","status":"publish","type":"page","link":"https:\/\/financasplus.online\/pl\/quem-somos\/","title":{"rendered":"Kim jeste\u015bmy"},"content":{"rendered":"<p>Finan\u00e7as Plus to portal stworzony dla tych, kt\u00f3rzy chc\u0105 zg\u0142\u0119bia\u0107 to, co najlepsze w \u015bwiecie technologii, w prosty, praktyczny i nowoczesny spos\u00f3b. Cho\u0107 nazwa sugeruje \u015bwiat finans\u00f3w, nasz cel wykracza daleko poza to: pasjonujemy si\u0119 innowacjami, aplikacjami, narz\u0119dziami cyfrowymi i wszystkim, co mo\u017ce uczyni\u0107 codzienne \u017cycie m\u0105drzejszym i bardziej efektywnym.<\/p>\n<p>\u017byjemy w czasach, w kt\u00f3rych technologia rozwija si\u0119 b\u0142yskawicznie, a nad\u0105\u017canie za tak wieloma nowo\u015bciami mo\u017ce by\u0107 wyzwaniem. Dlatego zebrali\u015bmy w jednym miejscu analizy, wskaz\u00f3wki, rekomendacje, samouczki i tre\u015bci, kt\u00f3re pomagaj\u0105 u\u017cytkownikom na ka\u017cdym poziomie odkrywa\u0107 rozwi\u0105zania, kt\u00f3re naprawd\u0119 robi\u0105 r\u00f3\u017cnic\u0119, niezale\u017cnie od tego, czy chodzi o organizacj\u0119 pracy, rozrywk\u0119, produktywno\u015b\u0107, bezpiecze\u0144stwo cyfrowe, czy \u2013 oczywi\u015bcie \u2013 zarz\u0105dzanie finansami.<\/p>\n<p>Nasz zesp\u00f3\u0142 sk\u0142ada si\u0119 z pasjonat\u00f3w technologii, profesjonalist\u00f3w, kt\u00f3rzy codziennie \u015bledz\u0105 trendy na rynku cyfrowym i przekszta\u0142caj\u0105 t\u0119 wiedz\u0119 w przyst\u0119pne, obiektywne i przydatne tre\u015bci. Zawsze staramy si\u0119 oferowa\u0107 jasne, obiektywne i aktualne informacje, pomagaj\u0105c Ci znale\u017a\u0107 aplikacje i zasoby najlepiej dopasowane do Twoich potrzeb.<\/p>\n<p>W Finan\u00e7as Plus wierzymy, \u017ce technologia powinna s\u0142u\u017cy\u0107 ludziom, u\u0142atwiaj\u0105c im zadania, otwieraj\u0105c nowe mo\u017cliwo\u015bci i poszerzaj\u0105c ich mo\u017cliwo\u015bci. Naszym zobowi\u0105zaniem jest zapewnienie kompleksowego do\u015bwiadczenia tym, kt\u00f3rzy chc\u0105 w pe\u0142ni wykorzysta\u0107 potencja\u0142 cyfrowego \u015bwiata.<\/p>\n<p>Witamy w Finan\u00e7as Plus \u2014 gdzie technologia, praktyczno\u015b\u0107 i innowacja \u0142\u0105cz\u0105 si\u0119, by odmieni\u0107 Twoje codzienne \u017cycie.<\/p>","protected":false},"excerpt":{"rendered":"<p>O Finan\u00e7as Plus \u00e9 um portal criado para quem deseja explorar o melhor do universo da tecnologia de forma simples, pr\u00e1tica e atual. Apesar do nome remeter ao mundo financeiro, nosso prop\u00f3sito vai muito al\u00e9m disso: somos apaixonados por inova\u00e7\u00e3o, aplicativos, ferramentas digitais e por tudo que pode tornar o dia a dia mais inteligente [&hellip;]<\/p>\n","protected":false},"author":1,"featured_media":0,"parent":0,"menu_order":0,"comment_status":"closed","ping_status":"closed","template":"","meta":{"footnotes":""},"class_list":["post-444","page","type-page","status-publish"],"_links":{"self":[{"href":"https:\/\/financasplus.online\/pl\/wp-json\/wp\/v2\/pages\/444","targetHints":{"allow":["GET"]}}],"collection":[{"href":"https:\/\/financasplus.online\/pl\/wp-json\/wp\/v2\/pages"}],"about":[{"href":"https:\/\/financasplus.online\/pl\/wp-json\/wp\/v2\/types\/page"}],"author":[{"embeddable":true,"href":"https:\/\/financasplus.online\/pl\/wp-json\/wp\/v2\/users\/1"}],"replies":[{"embeddable":true,"href":"https:\/\/financasplus.online\/pl\/wp-json\/wp\/v2\/comments?post=444"}],"version-history":[{"count":1,"href":"https:\/\/financasplus.online\/pl\/wp-json\/wp\/v2\/pages\/444\/revisions"}],"predecessor-version":[{"id":445,"href":"https:\/\/financasplus.online\/pl\/wp-json\/wp\/v2\/pages\/444\/revisions\/445"}],"wp:attachment":[{"href":"https:\/\/financasplus.online\/pl\/wp-json\/wp\/v2\/media?parent=444"}],"curies":[{"name":"wp","href":"https:\/\/api.w.org\/{rel}","templated":true}]}}