{"id":444,"date":"2025-12-09T04:14:29","date_gmt":"2025-12-09T04:14:29","guid":{"rendered":"https:\/\/financasplus.online\/?page_id=444"},"modified":"2025-12-09T04:14:30","modified_gmt":"2025-12-09T04:14:30","slug":"wie-we-zijn","status":"publish","type":"page","link":"https:\/\/financasplus.online\/nl\/quem-somos\/","title":{"rendered":"Wie we zijn"},"content":{"rendered":"<p>Finan\u00e7as Plus is een portaal voor iedereen die op een eenvoudige, praktische en actuele manier het beste van de technologiewereld wil ontdekken. Hoewel de naam doet denken aan de financi\u00eble wereld, gaat ons doel veel verder: we zijn gepassioneerd door innovatie, apps, digitale tools en alles wat het dagelijks leven slimmer en effici\u00ebnter kan maken.<\/p>\n<p>We leven in een tijdperk waarin technologie zich razendsnel ontwikkelt, en het kan een uitdaging zijn om al die nieuwe ontwikkelingen bij te houden. Daarom hebben we analyses, tips, aanbevelingen, tutorials en content op \u00e9\u00e9n plek verzameld die gebruikers van alle niveaus helpen oplossingen te vinden die echt een verschil maken, of het nu gaat om persoonlijke organisatie, entertainment, productiviteit, digitale beveiliging of \u2013 natuurlijk \u2013 financieel beheer.<\/p>\n<p>Ons team bestaat uit technologieliefhebbers en professionals die dagelijks de trends in de digitale markt volgen en deze kennis omzetten in toegankelijke, objectieve en nuttige content. We streven er altijd naar om duidelijke, onpartijdige en actuele informatie te bieden, zodat u de applicaties en hulpmiddelen kunt vinden die het beste bij uw behoeften passen.<\/p>\n<p>Bij Finan\u00e7as Plus geloven we dat technologie ten dienste moet staan van de mens, taken moet vereenvoudigen, kansen moet cre\u00ebren en mogelijkheden moet vergroten. Het is onze missie om een complete ervaring te bieden aan iedereen die optimaal wil profiteren van wat de digitale wereld te bieden heeft.<\/p>\n<p>Welkom bij Finan\u00e7as Plus \u2014 waar technologie, praktische oplossingen en innovatie samenkomen om uw dagelijkse routine te veranderen.<\/p>","protected":false},"excerpt":{"rendered":"<p>O Finan\u00e7as Plus \u00e9 um portal criado para quem deseja explorar o melhor do universo da tecnologia de forma simples, pr\u00e1tica e atual. Apesar do nome remeter ao mundo financeiro, nosso prop\u00f3sito vai muito al\u00e9m disso: somos apaixonados por inova\u00e7\u00e3o, aplicativos, ferramentas digitais e por tudo que pode tornar o dia a dia mais inteligente [&hellip;]<\/p>\n","protected":false},"author":1,"featured_media":0,"parent":0,"menu_order":0,"comment_status":"closed","ping_status":"closed","template":"","meta":{"footnotes":""},"class_list":["post-444","page","type-page","status-publish"],"_links":{"self":[{"href":"https:\/\/financasplus.online\/nl\/wp-json\/wp\/v2\/pages\/444","targetHints":{"allow":["GET"]}}],"collection":[{"href":"https:\/\/financasplus.online\/nl\/wp-json\/wp\/v2\/pages"}],"about":[{"href":"https:\/\/financasplus.online\/nl\/wp-json\/wp\/v2\/types\/page"}],"author":[{"embeddable":true,"href":"https:\/\/financasplus.online\/nl\/wp-json\/wp\/v2\/users\/1"}],"replies":[{"embeddable":true,"href":"https:\/\/financasplus.online\/nl\/wp-json\/wp\/v2\/comments?post=444"}],"version-history":[{"count":1,"href":"https:\/\/financasplus.online\/nl\/wp-json\/wp\/v2\/pages\/444\/revisions"}],"predecessor-version":[{"id":445,"href":"https:\/\/financasplus.online\/nl\/wp-json\/wp\/v2\/pages\/444\/revisions\/445"}],"wp:attachment":[{"href":"https:\/\/financasplus.online\/nl\/wp-json\/wp\/v2\/media?parent=444"}],"curies":[{"name":"wp","href":"https:\/\/api.w.org\/{rel}","templated":true}]}}