{"id":50,"date":"2024-12-30T03:31:01","date_gmt":"2024-12-30T03:31:01","guid":{"rendered":"https:\/\/financasplus.online\/?page_id=50"},"modified":"2026-02-07T06:38:31","modified_gmt":"2026-02-07T06:38:31","slug":"terma-penggunaan","status":"publish","type":"page","link":"https:\/\/financasplus.online\/ms\/termos-de-uso\/","title":{"rendered":"Syarat Penggunaan"},"content":{"rendered":"<h2>1. Terma<\/h2>\n<p>Apabila mengakses laman web <a href=\"https:\/\/financasplus.online\/ms\/\">FinancePlus<\/a>, Dengan menggunakan laman web ini, anda bersetuju untuk mematuhi terma penggunaan ini, semua undang-undang dan peraturan yang terpakai, dan bersetuju bahawa anda bertanggungjawab untuk mematuhi semua undang-undang tempatan yang terpakai. Jika anda tidak bersetuju dengan mana-mana terma ini, anda dilarang menggunakan atau mengakses laman web ini. Bahan yang terkandung di laman web ini dilindungi oleh undang-undang hak cipta dan tanda dagangan yang terpakai.<\/p>\n<h2>2. Penggunaan Lesen<\/h2>\n<p>Kebenaran diberikan untuk memuat turun sementara satu salinan bahan (maklumat atau perisian) di laman web Finan\u00e7asPlus untuk tontonan peribadi, bukan komersial, sementara sahaja. Ini adalah pemberian lesen, bukan pemindahan hak milik, dan di bawah lesen ini anda tidak boleh:<\/p>\n<ol>\n<li>mengubah suai atau menyalin bahan-bahan tersebut;<\/li>\n<li>Menggunakan bahan-bahan tersebut untuk sebarang tujuan komersial atau untuk paparan awam (komersial atau bukan komersial);<\/li>\n<li>Percubaan untuk menyahkompil atau merekayasa balik mana-mana perisian yang terkandung di laman web Finan\u00e7asPlus;<\/li>\n<li>mengalih keluar sebarang hak cipta atau notasi proprietari lain daripada bahan tersebut; atau<\/li>\n<li>Pindahkan bahan tersebut kepada orang lain atau &#039;cerminkan&#039; bahan tersebut pada mana-mana pelayan lain.<\/li>\n<\/ol>\n<p>Lesen ini akan tamat secara automatik jika anda melanggar mana-mana sekatan ini dan boleh ditamatkan oleh Finan\u00e7asPlus pada bila-bila masa. Setelah menamatkan tontonan bahan-bahan ini atau setelah lesen ini ditamatkan, anda mesti memusnahkan semua bahan yang dimuat turun dalam simpanan anda sama ada dalam format elektronik atau bercetak.<\/p>\n<h2>3. Penafian<\/h2>\n<ol>\n<li>Bahan-bahan di laman web Finan\u00e7asPlus disediakan &#039;sebagaimana adanya&#039;. Finan\u00e7asPlus tidak memberi sebarang jaminan, sama ada tersurat atau tersirat, dan dengan ini menafikan dan menafikan semua jaminan lain, termasuk, tanpa had, jaminan tersirat atau syarat kebolehdagangan, kesesuaian untuk tujuan tertentu, atau bukan pelanggaran harta intelek atau pelanggaran hak lain.<\/li>\n<li>Tambahan pula, Finan\u00e7asPlus tidak menjamin atau membuat sebarang representasi mengenai ketepatan, kemungkinan keputusan atau kebolehpercayaan penggunaan bahan di laman webnya atau yang berkaitan dengan bahan tersebut atau di mana-mana laman web yang dipautkan ke laman web ini.<\/li>\n<\/ol>\n<h2>4. Had<\/h2>\n<p>Dalam apa jua keadaan, Finan\u00e7asPlus atau pembekalnya tidak akan bertanggungjawab atas sebarang kerosakan (termasuk, tanpa had, kerosakan akibat kehilangan data atau keuntungan, atau disebabkan oleh gangguan perniagaan) yang timbul daripada penggunaan atau ketidakupayaan untuk menggunakan bahan-bahan di Finan\u00e7asPlus, walaupun Finan\u00e7asPlus atau wakil sah Finan\u00e7asPlus telah dimaklumkan secara lisan atau bertulis tentang kemungkinan kerosakan tersebut. Oleh kerana sesetengah bidang kuasa tidak membenarkan batasan ke atas jaminan tersirat, atau batasan liabiliti untuk kerosakan berbangkit atau sampingan, batasan ini mungkin tidak terpakai kepada anda.<\/p>\n<h2>5. Ketepatan bahan<\/h2>\n<p>Bahan-bahan yang dipaparkan di laman web Finan\u00e7asPlus mungkin termasuk ralat teknikal, tipografi atau fotografi. Finan\u00e7asPlus tidak menjamin bahawa mana-mana bahan di laman webnya adalah tepat, lengkap atau terkini. Finan\u00e7asPlus boleh membuat perubahan pada bahan yang terkandung di laman webnya pada bila-bila masa tanpa notis. Walau bagaimanapun, Finan\u00e7asPlus tidak komited untuk mengemas kini bahan-bahan tersebut.<\/p>\n<h2>6. Pautan<\/h2>\n<p>Finan\u00e7asPlus belum menyemak semua laman web yang dipautkan ke laman webnya dan tidak bertanggungjawab terhadap kandungan mana-mana laman web yang dipautkan. Kemasukan mana-mana pautan tidak bermaksud pengesahan oleh Finan\u00e7asPlus terhadap laman web tersebut. Penggunaan mana-mana laman web yang dipautkan adalah atas risiko pengguna sendiri.<\/p>\n<h3>Pengubahsuaian<\/h3>\n<p>Finan\u00e7asPlus boleh menyemak semula terma perkhidmatan laman web ini pada bila-bila masa tanpa notis terlebih dahulu. Dengan menggunakan laman web ini, anda bersetuju untuk terikat dengan versi semasa terma perkhidmatan ini.<\/p>\n<h3>Undang-undang yang terpakai<\/h3>\n<p>Terma dan syarat ini ditadbir dan ditafsirkan mengikut undang-undang Finan\u00e7asPlus, dan anda secara tidak boleh batal menyerahkan diri kepada bidang kuasa eksklusif mahkamah di negeri atau kawasan tersebut.<\/p>","protected":false},"excerpt":{"rendered":"<p>1. Termos Ao acessar ao site Finan\u00e7asPlus, concorda em cumprir estes termos de uso, todas as leis e regulamentos aplic\u00e1veis \u200b\u200be concorda que \u00e9 respons\u00e1vel pelo cumprimento de todas as leis locais aplic\u00e1veis. Se voc\u00ea n\u00e3o concordar com algum desses termos, est\u00e1 proibido de usar ou acessar este site. Os materiais contidos neste site s\u00e3o [&hellip;]<\/p>\n","protected":false},"author":1,"featured_media":0,"parent":0,"menu_order":0,"comment_status":"closed","ping_status":"closed","template":"","meta":{"footnotes":""},"class_list":["post-50","page","type-page","status-publish"],"_links":{"self":[{"href":"https:\/\/financasplus.online\/ms\/wp-json\/wp\/v2\/pages\/50","targetHints":{"allow":["GET"]}}],"collection":[{"href":"https:\/\/financasplus.online\/ms\/wp-json\/wp\/v2\/pages"}],"about":[{"href":"https:\/\/financasplus.online\/ms\/wp-json\/wp\/v2\/types\/page"}],"author":[{"embeddable":true,"href":"https:\/\/financasplus.online\/ms\/wp-json\/wp\/v2\/users\/1"}],"replies":[{"embeddable":true,"href":"https:\/\/financasplus.online\/ms\/wp-json\/wp\/v2\/comments?post=50"}],"version-history":[{"count":4,"href":"https:\/\/financasplus.online\/ms\/wp-json\/wp\/v2\/pages\/50\/revisions"}],"predecessor-version":[{"id":571,"href":"https:\/\/financasplus.online\/ms\/wp-json\/wp\/v2\/pages\/50\/revisions\/571"}],"wp:attachment":[{"href":"https:\/\/financasplus.online\/ms\/wp-json\/wp\/v2\/media?parent=50"}],"curies":[{"name":"wp","href":"https:\/\/api.w.org\/{rel}","templated":true}]}}