{"id":444,"date":"2025-12-09T04:14:29","date_gmt":"2025-12-09T04:14:29","guid":{"rendered":"https:\/\/financasplus.online\/?page_id=444"},"modified":"2025-12-09T04:14:30","modified_gmt":"2025-12-09T04:14:30","slug":"siapa-kami","status":"publish","type":"page","link":"https:\/\/financasplus.online\/ms\/quem-somos\/","title":{"rendered":"Siapakah Kami"},"content":{"rendered":"<p>Finan\u00e7as Plus ialah portal yang dicipta untuk mereka yang ingin menerokai yang terbaik dalam dunia teknologi dengan cara yang mudah, praktikal dan terkini. Walaupun namanya menggambarkan dunia kewangan, tujuan kami jauh melangkaui itu: kami bersemangat tentang inovasi, aplikasi, alatan digital dan semua yang boleh menjadikan kehidupan seharian lebih pintar dan cekap.<\/p>\n<p>Kita hidup dalam era di mana teknologi berkembang pesat, dan mengikuti perkembangan baharu boleh menjadi satu cabaran. Itulah sebabnya kami telah mengumpulkan analisis, petua, cadangan, tutorial dan kandungan dalam satu tempat yang membantu pengguna dari semua peringkat menemui penyelesaian yang benar-benar membawa perubahan, sama ada untuk organisasi peribadi, hiburan, produktiviti, keselamatan digital atau\u2014sudah tentu\u2014pengurusan kewangan.<\/p>\n<p>Pasukan kami terdiri daripada peminat teknologi, profesional yang mengikuti trend pasaran digital setiap hari dan mengubah pengetahuan ini menjadi kandungan yang mudah diakses, objektif dan berguna. Kami sentiasa berusaha untuk menawarkan maklumat yang jelas, tidak berat sebelah dan terkini, membantu anda mencari aplikasi dan sumber yang paling sesuai dengan keperluan anda.<\/p>\n<p>Di Finan\u00e7as Plus, kami percaya bahawa teknologi harus memberi manfaat kepada manusia, memudahkan tugas, membuka peluang dan meluaskan kemungkinan. Komitmen kami adalah untuk menyediakan pengalaman yang lengkap bagi mereka yang ingin memanfaatkan sepenuhnya apa yang ditawarkan oleh dunia digital.<\/p>\n<p>Selamat datang ke Finan\u00e7as Plus \u2014 tempat teknologi, praktikaliti dan inovasi bergabung untuk mengubah rutin anda.<\/p>","protected":false},"excerpt":{"rendered":"<p>O Finan\u00e7as Plus \u00e9 um portal criado para quem deseja explorar o melhor do universo da tecnologia de forma simples, pr\u00e1tica e atual. Apesar do nome remeter ao mundo financeiro, nosso prop\u00f3sito vai muito al\u00e9m disso: somos apaixonados por inova\u00e7\u00e3o, aplicativos, ferramentas digitais e por tudo que pode tornar o dia a dia mais inteligente [&hellip;]<\/p>\n","protected":false},"author":1,"featured_media":0,"parent":0,"menu_order":0,"comment_status":"closed","ping_status":"closed","template":"","meta":{"footnotes":""},"class_list":["post-444","page","type-page","status-publish"],"_links":{"self":[{"href":"https:\/\/financasplus.online\/ms\/wp-json\/wp\/v2\/pages\/444","targetHints":{"allow":["GET"]}}],"collection":[{"href":"https:\/\/financasplus.online\/ms\/wp-json\/wp\/v2\/pages"}],"about":[{"href":"https:\/\/financasplus.online\/ms\/wp-json\/wp\/v2\/types\/page"}],"author":[{"embeddable":true,"href":"https:\/\/financasplus.online\/ms\/wp-json\/wp\/v2\/users\/1"}],"replies":[{"embeddable":true,"href":"https:\/\/financasplus.online\/ms\/wp-json\/wp\/v2\/comments?post=444"}],"version-history":[{"count":1,"href":"https:\/\/financasplus.online\/ms\/wp-json\/wp\/v2\/pages\/444\/revisions"}],"predecessor-version":[{"id":445,"href":"https:\/\/financasplus.online\/ms\/wp-json\/wp\/v2\/pages\/444\/revisions\/445"}],"wp:attachment":[{"href":"https:\/\/financasplus.online\/ms\/wp-json\/wp\/v2\/media?parent=444"}],"curies":[{"name":"wp","href":"https:\/\/api.w.org\/{rel}","templated":true}]}}