{"id":444,"date":"2025-12-09T04:14:29","date_gmt":"2025-12-09T04:14:29","guid":{"rendered":"https:\/\/financasplus.online\/?page_id=444"},"modified":"2025-12-09T04:14:30","modified_gmt":"2025-12-09T04:14:30","slug":"kas-mes-esame","status":"publish","type":"page","link":"https:\/\/financasplus.online\/lt\/quem-somos\/","title":{"rendered":"Kas mes esame"},"content":{"rendered":"<p>\u201eFinan\u00e7as Plus\u201c \u2013 tai portalas, sukurtas tiems, kurie nori paprastai, prakti\u0161kai ir \u0161iuolaiki\u0161kai susipa\u017einti su geriausiomis technologij\u0173 sritimis. Nepaisant to, kad pavadinimas sufleruoja apie finans\u0173 pasaul\u012f, m\u016bs\u0173 tikslas yra daug platesnis: mes aistringai domim\u0117s inovacijomis, program\u0117l\u0117mis, skaitmeniniais \u012frankiais ir viskuo, kas gali padaryti kasdien\u012f gyvenim\u0105 i\u0161manesn\u012f ir efektyvesn\u012f.<\/p>\n<p>Gyvename spar\u010diai vystantis technologij\u0173 eroje, ir neatsilikti nuo daugyb\u0117s nauj\u0173 poky\u010di\u0173 gali b\u016bti i\u0161\u0161\u016bkis. Tod\u0117l vienoje vietoje surinkome analizes, patarimus, rekomendacijas, mokymo programas ir turin\u012f, kuris padeda \u012fvairaus lygio vartotojams atrasti sprendimus, kurie i\u0161 ties\u0173 kei\u010dia situacij\u0105 \u2013 tiek asmeninio organizavimo, tiek pramog\u0173, produktyvumo, skaitmeninio saugumo ar, \u017einoma, finans\u0173 valdymo srityse.<\/p>\n<p>M\u016bs\u0173 komand\u0105 sudaro technologij\u0173 entuziastai, profesionalai, kurie kasdien seka skaitmenin\u0117s rinkos tendencijas ir \u0161ias \u017einias paver\u010dia prieinamu, objektyviu ir naudingu turiniu. Mes visada stengiam\u0117s pateikti ai\u0161ki\u0105, ne\u0161ali\u0161k\u0105 ir naujausi\u0105 informacij\u0105, pad\u0117dami jums rasti geriausiai j\u016bs\u0173 poreikius atitinkan\u010dias programas ir i\u0161teklius.<\/p>\n<p>\u201eFinan\u00e7as Plus\u201c tikime, kad technologijos tur\u0117t\u0173 tarnauti \u017emon\u0117ms, palengvinti u\u017eduotis, atverti galimybes ir i\u0161pl\u0117sti potencial\u0105. M\u016bs\u0173 \u012fsipareigojimas \u2013 suteikti visapusi\u0161k\u0105 patirt\u012f tiems, kurie nori kuo geriau i\u0161naudoti skaitmeninio pasaulio galimybes.<\/p>\n<p>Sveiki atvyk\u0119 \u012f \u201eFinan\u00e7as Plus\u201c \u2013 kur technologijos, prakti\u0161kumas ir inovacijos susijungia, kad pakeist\u0173 j\u016bs\u0173 kasdienyb\u0119.<\/p>","protected":false},"excerpt":{"rendered":"<p>O Finan\u00e7as Plus \u00e9 um portal criado para quem deseja explorar o melhor do universo da tecnologia de forma simples, pr\u00e1tica e atual. Apesar do nome remeter ao mundo financeiro, nosso prop\u00f3sito vai muito al\u00e9m disso: somos apaixonados por inova\u00e7\u00e3o, aplicativos, ferramentas digitais e por tudo que pode tornar o dia a dia mais inteligente [&hellip;]<\/p>\n","protected":false},"author":1,"featured_media":0,"parent":0,"menu_order":0,"comment_status":"closed","ping_status":"closed","template":"","meta":{"footnotes":""},"class_list":["post-444","page","type-page","status-publish"],"_links":{"self":[{"href":"https:\/\/financasplus.online\/lt\/wp-json\/wp\/v2\/pages\/444","targetHints":{"allow":["GET"]}}],"collection":[{"href":"https:\/\/financasplus.online\/lt\/wp-json\/wp\/v2\/pages"}],"about":[{"href":"https:\/\/financasplus.online\/lt\/wp-json\/wp\/v2\/types\/page"}],"author":[{"embeddable":true,"href":"https:\/\/financasplus.online\/lt\/wp-json\/wp\/v2\/users\/1"}],"replies":[{"embeddable":true,"href":"https:\/\/financasplus.online\/lt\/wp-json\/wp\/v2\/comments?post=444"}],"version-history":[{"count":1,"href":"https:\/\/financasplus.online\/lt\/wp-json\/wp\/v2\/pages\/444\/revisions"}],"predecessor-version":[{"id":445,"href":"https:\/\/financasplus.online\/lt\/wp-json\/wp\/v2\/pages\/444\/revisions\/445"}],"wp:attachment":[{"href":"https:\/\/financasplus.online\/lt\/wp-json\/wp\/v2\/media?parent=444"}],"curies":[{"name":"wp","href":"https:\/\/api.w.org\/{rel}","templated":true}]}}