{"id":444,"date":"2025-12-09T04:14:29","date_gmt":"2025-12-09T04:14:29","guid":{"rendered":"https:\/\/financasplus.online\/?page_id=444"},"modified":"2025-12-09T04:14:30","modified_gmt":"2025-12-09T04:14:30","slug":"%ec%9a%b0%eb%a6%ac%eb%8a%94-%eb%88%84%ea%b5%ac%ec%9d%b8%ea%b0%80","status":"publish","type":"page","link":"https:\/\/financasplus.online\/ko\/quem-somos\/","title":{"rendered":"\uc6b0\ub9ac\ub294 \ub204\uad6c\uc778\uac00"},"content":{"rendered":"<p>Finan\u00e7as Plus\ub294 \ucd5c\ucca8\ub2e8 \uae30\uc220\uc744 \uac04\ud3b8\ud558\uace0 \uc2e4\uc6a9\uc801\uc774\uba70 \ucd5c\uc2e0 \ubc29\uc2dd\uc73c\ub85c \uc811\ud558\uace0 \uc2f6\uc740 \uc0ac\ub78c\ub4e4\uc744 \uc704\ud574 \ub9cc\ub4e4\uc5b4\uc9c4 \ud3ec\ud138\uc785\ub2c8\ub2e4. \uc774\ub984\uc5d0\uc11c \uc54c \uc218 \uc788\ub4ef\uc774 \uae08\uc735 \ubd84\uc57c\ub97c \ub2e4\ub8e8\uc9c0\ub9cc, \uc800\ud76c\uc758 \ubaa9\ud45c\ub294 \uadf8 \uc774\uc0c1\uc785\ub2c8\ub2e4. \ud601\uc2e0, \uc571, \ub514\uc9c0\ud138 \ub3c4\uad6c, \uadf8\ub9ac\uace0 \uc77c\uc0c1\uc0dd\ud65c\uc744 \ub354\uc6b1 \uc2a4\ub9c8\ud2b8\ud558\uace0 \ud6a8\uc728\uc801\uc73c\ub85c \ub9cc\ub4e4\uc5b4 \uc904 \uc218 \uc788\ub294 \ubaa8\ub4e0 \uac83\uc5d0 \uc5f4\uc815\uc744 \uc3df\uace0 \uc788\uc2b5\ub2c8\ub2e4.<\/p>\n<p>\uc6b0\ub9ac\ub294 \uae30\uc220\uc774 \uae09\uc18d\ub3c4\ub85c \ubc1c\uc804\ud558\ub294 \uc2dc\ub300\uc5d0 \uc0b4\uace0 \uc788\uc73c\uba70, \uc218\ub9ce\uc740 \uc0c8\ub85c\uc6b4 \uae30\uc220 \ubc1c\uc804\uc744 \ub530\ub77c\uc7a1\ub294 \uac83\uc740 \uc27d\uc9c0 \uc54a\uc740 \uc77c\uc785\ub2c8\ub2e4. \uadf8\ub798\uc11c \uc800\ud76c\ub294 \ubaa8\ub4e0 \uc218\uc900\uc758 \uc0ac\uc6a9\uc790\uac00 \uac1c\uc778\uc801\uc778 \uc815\ub9ac, \uc5d4\ud130\ud14c\uc778\uba3c\ud2b8, \uc0dd\uc0b0\uc131 \ud5a5\uc0c1, \ub514\uc9c0\ud138 \ubcf4\uc548, \uadf8\ub9ac\uace0 \ubb3c\ub860 \uc7ac\uc815 \uad00\ub9ac\uae4c\uc9c0 \uc2e4\uc9c8\uc801\uc778 \ub3c4\uc6c0\uc744 \ubc1b\uc744 \uc218 \uc788\ub294 \ubd84\uc11d, \ud301, \ucd94\ucc9c, \ud29c\ud1a0\ub9ac\uc5bc \ubc0f \ucf58\ud150\uce20\ub97c \ud55c\uacf3\uc5d0 \ubaa8\uc558\uc2b5\ub2c8\ub2e4.<\/p>\n<p>\uc800\ud76c \ud300\uc740 \uae30\uc220 \uc560\ud638\uac00\ub4e4\uacfc \ub514\uc9c0\ud138 \uc2dc\uc7a5 \ud2b8\ub80c\ub4dc\ub97c \ub9e4\uc77c\uac19\uc774 \ucd94\uc801\ud558\uace0, \uc774\ub7ec\ud55c \uc9c0\uc2dd\uc744 \uc811\uadfc\ud558\uae30 \uc27d\uace0 \uac1d\uad00\uc801\uc774\uba70 \uc720\uc6a9\ud55c \ucf58\ud150\uce20\ub85c \ubcc0\ud658\ud558\ub294 \uc804\ubb38\uac00\ub4e4\ub85c \uad6c\uc131\ub418\uc5b4 \uc788\uc2b5\ub2c8\ub2e4. \uc800\ud76c\ub294 \ud56d\uc0c1 \uba85\ud655\ud558\uace0 \ud3b8\uacac \uc5c6\ub294 \ucd5c\uc2e0 \uc815\ubcf4\ub97c \uc81c\uacf5\ud558\uc5ec \uc5ec\ub7ec\ubd84\uc758 \ud544\uc694\uc5d0 \uac00\uc7a5 \uc801\ud569\ud55c \uc560\ud50c\ub9ac\ucf00\uc774\uc158\uacfc \ub9ac\uc18c\uc2a4\ub97c \ucc3e\uc744 \uc218 \uc788\ub3c4\ub85d \ub3d5\uc2b5\ub2c8\ub2e4.<\/p>\n<p>Finan\u00e7as Plus\ub294 \uae30\uc220\uc774 \uc0ac\ub78c\ub4e4\uc744 \uc704\ud574 \uc874\uc7ac\ud574\uc57c \ud558\uba70, \uc5c5\ubb34\ub97c \ub354 \uc27d\uac8c \ub9cc\ub4e4\uace0, \uc0c8\ub85c\uc6b4 \uae30\ud68c\ub97c \uc5f4\uc5b4\uc8fc\uace0, \uac00\ub2a5\uc131\uc744 \ud655\uc7a5\ud574\uc57c \ud55c\ub2e4\uace0 \ubbff\uc2b5\ub2c8\ub2e4. \uc800\ud76c\ub294 \ub514\uc9c0\ud138 \uc138\uc0c1\uc774 \uc81c\uacf5\ud558\ub294 \ubaa8\ub4e0 \uac83\uc744 \ucd5c\ub300\ud55c \ud65c\uc6a9\ud558\uace0\uc790 \ud558\ub294 \uc0ac\ub78c\ub4e4\uc5d0\uac8c \uc644\ubcbd\ud55c \uacbd\ud5d8\uc744 \uc81c\uacf5\ud558\uae30 \uc704\ud574 \ucd5c\uc120\uc744 \ub2e4\ud558\uace0 \uc788\uc2b5\ub2c8\ub2e4.<\/p>\n<p>Finan\u00e7as Plus\uc5d0 \uc624\uc2e0 \uac83\uc744 \ud658\uc601\ud569\ub2c8\ub2e4. Finan\u00e7as Plus\uc5d0\uc11c\ub294 \uae30\uc220, \uc2e4\uc6a9\uc131, \ud601\uc2e0\uc774 \uc5b4\uc6b0\ub7ec\uc838 \uc5ec\ub7ec\ubd84\uc758 \uc77c\uc0c1\uc744 \ubcc0\ud654\uc2dc\ud0b5\ub2c8\ub2e4.<\/p>","protected":false},"excerpt":{"rendered":"<p>O Finan\u00e7as Plus \u00e9 um portal criado para quem deseja explorar o melhor do universo da tecnologia de forma simples, pr\u00e1tica e atual. Apesar do nome remeter ao mundo financeiro, nosso prop\u00f3sito vai muito al\u00e9m disso: somos apaixonados por inova\u00e7\u00e3o, aplicativos, ferramentas digitais e por tudo que pode tornar o dia a dia mais inteligente [&hellip;]<\/p>\n","protected":false},"author":1,"featured_media":0,"parent":0,"menu_order":0,"comment_status":"closed","ping_status":"closed","template":"","meta":{"footnotes":""},"class_list":["post-444","page","type-page","status-publish"],"_links":{"self":[{"href":"https:\/\/financasplus.online\/ko\/wp-json\/wp\/v2\/pages\/444","targetHints":{"allow":["GET"]}}],"collection":[{"href":"https:\/\/financasplus.online\/ko\/wp-json\/wp\/v2\/pages"}],"about":[{"href":"https:\/\/financasplus.online\/ko\/wp-json\/wp\/v2\/types\/page"}],"author":[{"embeddable":true,"href":"https:\/\/financasplus.online\/ko\/wp-json\/wp\/v2\/users\/1"}],"replies":[{"embeddable":true,"href":"https:\/\/financasplus.online\/ko\/wp-json\/wp\/v2\/comments?post=444"}],"version-history":[{"count":1,"href":"https:\/\/financasplus.online\/ko\/wp-json\/wp\/v2\/pages\/444\/revisions"}],"predecessor-version":[{"id":445,"href":"https:\/\/financasplus.online\/ko\/wp-json\/wp\/v2\/pages\/444\/revisions\/445"}],"wp:attachment":[{"href":"https:\/\/financasplus.online\/ko\/wp-json\/wp\/v2\/media?parent=444"}],"curies":[{"name":"wp","href":"https:\/\/api.w.org\/{rel}","templated":true}]}}