{"id":54,"date":"2024-12-30T03:36:17","date_gmt":"2024-12-30T03:36:17","guid":{"rendered":"https:\/\/financasplus.online\/?page_id=54"},"modified":"2026-02-07T06:47:52","modified_gmt":"2026-02-07T06:47:52","slug":"%e3%83%97%e3%83%a9%e3%82%a4%e3%83%90%e3%82%b7%e3%83%bc%e3%83%9d%e3%83%aa%e3%82%b7%e3%83%bc","status":"publish","type":"page","link":"https:\/\/financasplus.online\/ja\/politica-de-privacidade\/","title":{"rendered":"\u30d7\u30e9\u30a4\u30d0\u30b7\u30fc\u30dd\u30ea\u30b7\u30fc"},"content":{"rendered":"<p>\u304a\u5ba2\u69d8\u306e\u30d7\u30e9\u30a4\u30d0\u30b7\u30fc\u306f\u5f53\u793e\u306b\u3068\u3063\u3066\u91cd\u8981\u3067\u3059\u3002Finan\u00e7asPlus\u306f\u3001\u30a6\u30a7\u30d6\u30b5\u30a4\u30c8\u4e0a\u3067\u304a\u5ba2\u69d8\u304b\u3089\u53ce\u96c6\u3059\u308b\u3042\u3089\u3086\u308b\u60c5\u5831\u306b\u95a2\u3057\u3066\u3001\u304a\u5ba2\u69d8\u306e\u30d7\u30e9\u30a4\u30d0\u30b7\u30fc\u3092\u5c0a\u91cd\u3059\u308b\u3053\u3068\u3092\u30dd\u30ea\u30b7\u30fc\u3068\u3057\u3066\u3044\u307e\u3059\u3002 <a href=\"https:\/\/financasplus.online\/ja\/\">\u30d5\u30a1\u30a4\u30ca\u30f3\u30b9\u30d7\u30e9\u30b9<\/a>, \u3001\u304a\u3088\u3073\u5f53\u793e\u304c\u6240\u6709\u304a\u3088\u3073\u904b\u55b6\u3059\u308b\u305d\u306e\u4ed6\u306e\u30a6\u30a7\u30d6\u30b5\u30a4\u30c8\u3002.<\/p>\n<p>\u5f53\u793e\u306f\u3001\u304a\u5ba2\u69d8\u306b\u30b5\u30fc\u30d3\u30b9\u3092\u63d0\u4f9b\u3059\u308b\u305f\u3081\u306b\u771f\u306b\u5fc5\u8981\u306a\u5834\u5408\u306b\u306e\u307f\u3001\u500b\u4eba\u60c5\u5831\u3092\u8981\u6c42\u3057\u307e\u3059\u3002\u3053\u308c\u306f\u3001\u304a\u5ba2\u69d8\u306e\u3054\u7406\u89e3\u3068\u540c\u610f\u3092\u5f97\u305f\u4e0a\u3067\u3001\u516c\u6b63\u304b\u3064\u5408\u6cd5\u7684\u306b\u884c\u308f\u308c\u307e\u3059\u3002\u307e\u305f\u3001\u5f53\u793e\u304c\u500b\u4eba\u60c5\u5831\u3092\u53ce\u96c6\u3059\u308b\u7406\u7531\u3068\u3001\u305d\u306e\u60c5\u5831\u304c\u3069\u306e\u3088\u3046\u306b\u4f7f\u7528\u3055\u308c\u308b\u304b\u306b\u3064\u3044\u3066\u3082\u304a\u77e5\u3089\u305b\u3044\u305f\u3057\u307e\u3059\u3002.<\/p>\n<p>\u53ce\u96c6\u3057\u305f\u60c5\u5831\u306f\u3001\u3054\u4f9d\u983c\u3044\u305f\u3060\u3044\u305f\u30b5\u30fc\u30d3\u30b9\u3092\u63d0\u4f9b\u3059\u308b\u305f\u3081\u306b\u5fc5\u8981\u306a\u671f\u9593\u306e\u307f\u4fdd\u6301\u3044\u305f\u3057\u307e\u3059\u3002\u30c7\u30fc\u30bf\u306e\u4fdd\u7ba1\u306b\u3042\u305f\u3063\u3066\u306f\u3001\u7d1b\u5931\u3084\u76d7\u96e3\u3001\u4e0d\u6b63\u30a2\u30af\u30bb\u30b9\u3001\u958b\u793a\u3001\u8907\u88fd\u3001\u4f7f\u7528\u3001\u6539\u3056\u3093\u3092\u9632\u6b62\u3059\u308b\u305f\u3081\u3001\u5546\u696d\u7684\u306b\u8a31\u5bb9\u3055\u308c\u308b\u624b\u6bb5\u3092\u7528\u3044\u3066\u4fdd\u8b77\u3044\u305f\u3057\u307e\u3059\u3002.<\/p>\n<p>\u5f53\u793e\u306f\u3001\u6cd5\u5f8b\u3067\u7fa9\u52d9\u4ed8\u3051\u3089\u308c\u3066\u3044\u308b\u5834\u5408\u3092\u9664\u304d\u3001\u500b\u4eba\u60c5\u5831\u3092\u516c\u8868\u3057\u305f\u308a\u7b2c\u4e09\u8005\u3068\u5171\u6709\u3057\u305f\u308a\u3059\u308b\u3053\u3068\u306f\u3042\u308a\u307e\u305b\u3093\u3002.<\/p>\n<p>\u5f53\u793e\u306e\u30a6\u30a7\u30d6\u30b5\u30a4\u30c8\u306b\u306f\u3001\u5f53\u793e\u304c\u904b\u55b6\u3057\u3066\u3044\u306a\u3044\u5916\u90e8\u30b5\u30a4\u30c8\u3078\u306e\u30ea\u30f3\u30af\u304c\u542b\u307e\u308c\u3066\u3044\u308b\u5834\u5408\u304c\u3042\u308a\u307e\u3059\u3002\u5f53\u793e\u306f\u3053\u308c\u3089\u306e\u30b5\u30a4\u30c8\u306e\u30b3\u30f3\u30c6\u30f3\u30c4\u3084\u904b\u55b6\u306b\u3064\u3044\u3066\u4e00\u5207\u7ba1\u7406\u3057\u3066\u304a\u3089\u305a\u3001\u305d\u308c\u305e\u308c\u306e\u30dd\u30ea\u30b7\u30fc\u306b\u3064\u3044\u3066\u8cac\u4efb\u3092\u8ca0\u3046\u3053\u3068\u306f\u3067\u304d\u307e\u305b\u3093\u306e\u3067\u3054\u4e86\u627f\u304f\u3060\u3055\u3044\u3002 <strong>\u30d7\u30e9\u30a4\u30d0\u30b7\u30fc\u30dd\u30ea\u30b7\u30fc<\/strong>.<\/p>\n<p>\u3054\u5e0c\u671b\u306e\u30b5\u30fc\u30d3\u30b9\u306e\u4e00\u90e8\u3092\u63d0\u4f9b\u3067\u304d\u306a\u3044\u5834\u5408\u304c\u3042\u308b\u3053\u3068\u3092\u3054\u7406\u89e3\u3044\u305f\u3060\u3044\u305f\u4e0a\u3067\u3001\u500b\u4eba\u60c5\u5831\u306e\u63d0\u4f9b\u306e\u8981\u8acb\u3092\u62d2\u5426\u3059\u308b\u3053\u3068\u304c\u3067\u304d\u307e\u3059\u3002.<\/p>\n<p>\u5f53\u793e\u306e\u30a6\u30a7\u30d6\u30b5\u30a4\u30c8\u3092\u5f15\u304d\u7d9a\u304d\u3054\u5229\u7528\u3044\u305f\u3060\u304f\u3053\u3068\u3067\u3001\u30d7\u30e9\u30a4\u30d0\u30b7\u30fc\u3068\u500b\u4eba\u60c5\u5831\u306b\u95a2\u3059\u308b\u5f53\u793e\u306e\u65b9\u91dd\u306b\u3054\u540c\u610f\u3044\u305f\u3060\u3044\u305f\u3082\u306e\u3068\u307f\u306a\u3057\u307e\u3059\u3002\u30e6\u30fc\u30b6\u30fc\u30c7\u30fc\u30bf\u304a\u3088\u3073\u500b\u4eba\u60c5\u5831\u306e\u53d6\u308a\u6271\u3044\u306b\u3064\u3044\u3066\u3054\u8cea\u554f\u304c\u3042\u308b\u5834\u5408\u306f\u3001\u304a\u554f\u3044\u5408\u308f\u305b\u304f\u3060\u3055\u3044\u3002.<\/p>\n<h2>Finan\u00e7asPlus\u30a6\u30a7\u30d6\u30b5\u30a4\u30c8\u306e\u30bb\u30ad\u30e5\u30ea\u30c6\u30a3\u3068\u4fe1\u983c\u6027<\/h2>\n<p>[\u30bd\u30fc\u30b9\/\u4f1a\u793e] \u304c\u8ff0\u3079\u3066\u3044\u308b\u3088\u3046\u306b\u3001\u3053\u306e Web \u30b5\u30a4\u30c8\u306f\u4fe1\u983c\u6027\u304c\u9ad8\u304f\u3001\u30e6\u30fc\u30b6\u30fc\u306e\u95b2\u89a7\u306b\u3068\u3063\u3066\u5b89\u5168\u3067\u3059\u3002 <a style=\"color: #576d96; text-decoration: none;\" href=\"https:\/\/confiavel.com.br\/https:\/\/financasplus.online\" target=\"_BLANK\" rel=\"noopener noreferrer\">\u691c\u8a3c<\/a>. \u3053\u306e\u30da\u30fc\u30b8\u306f\u30a6\u30a7\u30d6\u30b5\u30a4\u30c8\u306e\u60c5\u5831\u3092\u30c1\u30a7\u30c3\u30af\u3057\u3001\u6f5c\u5728\u7684\u306a\u30bb\u30ad\u30e5\u30ea\u30c6\u30a3\u554f\u984c\u3092\u7279\u5b9a\u3057\u307e\u3059\u3002\u95b2\u89a7\u30a2\u30af\u30c6\u30a3\u30d3\u30c6\u30a3\u306f\u30c4\u30fc\u30eb\u306b\u3088\u3063\u3066\u691c\u8a3c\u3055\u308c\u307e\u3059\u3002 <a style=\"color: #576d96; text-decoration: none;\" href=\"https:\/\/transparencyreport.google.com\/safe-browsing\/search?url=https:\/\/financasplus.online\" target=\"_BLANK\" rel=\"noopener noreferrer\">Google\u306e\u30bb\u30ad\u30e5\u30ea\u30c6\u30a3<\/a> \u3053\u308c\u306f\u30b5\u30a4\u30c8\u304c\u5b89\u5168\u3067\u3042\u308b\u3053\u3068\u3092\u793a\u3057\u307e\u3059\u3002.<\/p>\n<h2>FinancePlus \u30af\u30c3\u30ad\u30fc\u30dd\u30ea\u30b7\u30fc<\/h2>\n<h3>\u30af\u30c3\u30ad\u30fc\u3068\u306f\u4f55\u3067\u3059\u304b?<\/h3>\n<p>\u307b\u307c\u3059\u3079\u3066\u306e\u30d7\u30ed\u30d5\u30a7\u30c3\u30b7\u30e7\u30ca\u30eb\u30a6\u30a7\u30d6\u30b5\u30a4\u30c8\u3068\u540c\u69d8\u306b\u3001\u5f53\u30b5\u30a4\u30c8\u3067\u306f\u3001\u304a\u5ba2\u69d8\u306e\u5229\u4fbf\u6027\u5411\u4e0a\u306e\u305f\u3081\u3001Cookie\uff08\u304a\u5ba2\u69d8\u306e\u30b3\u30f3\u30d4\u30e5\u30fc\u30bf\u306b\u30c0\u30a6\u30f3\u30ed\u30fc\u30c9\u3055\u308c\u308b\u5c0f\u3055\u306a\u30d5\u30a1\u30a4\u30eb\uff09\u3092\u4f7f\u7528\u3057\u3066\u3044\u307e\u3059\u3002\u3053\u306e\u30da\u30fc\u30b8\u3067\u306f\u3001Cookie\u304c\u53ce\u96c6\u3059\u308b\u60c5\u5831\u3001Cookie\u306e\u4f7f\u7528\u65b9\u6cd5\u3001\u305d\u3057\u3066Cookie\u3092\u4fdd\u5b58\u3059\u308b\u5fc5\u8981\u304c\u3042\u308b\u7406\u7531\u306b\u3064\u3044\u3066\u8aac\u660e\u3057\u307e\u3059\u3002\u307e\u305f\u3001Cookie\u306e\u4fdd\u5b58\u3092\u505c\u6b62\u3059\u308b\u65b9\u6cd5\u306b\u3064\u3044\u3066\u3082\u8aac\u660e\u3057\u307e\u3059\u3002\u305f\u3060\u3057\u3001Cookie\u306e\u4fdd\u5b58\u3092\u505c\u6b62\u3059\u308b\u3068\u3001\u30b5\u30a4\u30c8\u306e\u4e00\u90e8\u306e\u6a5f\u80fd\u304c\u4f4e\u4e0b\u307e\u305f\u306f\u300c\u6a5f\u80fd\u3057\u306a\u304f\u306a\u308b\u300d\u53ef\u80fd\u6027\u304c\u3042\u308a\u307e\u3059\u3002.<\/p>\n<h3>\u30af\u30c3\u30ad\u30fc\u306f\u3069\u306e\u3088\u3046\u306b\u4f7f\u7528\u3055\u308c\u307e\u3059\u304b?<\/h3>\n<p>\u5f53\u793e\u306f\u3001\u4ee5\u4e0b\u306b\u8a73\u8ff0\u3059\u308b\u69d8\u3005\u306a\u7406\u7531\u3067Cookie\u3092\u4f7f\u7528\u3057\u3066\u3044\u307e\u3059\u3002\u6b8b\u5ff5\u306a\u304c\u3089\u3001\u307b\u3068\u3093\u3069\u306e\u5834\u5408\u3001Cookie\u304c\u5f53\u30b5\u30a4\u30c8\u306b\u8ffd\u52a0\u3059\u308b\u6a5f\u80fd\u3084\u7279\u5fb4\u3092\u5b8c\u5168\u306b\u7121\u52b9\u306b\u3059\u308b\u3053\u3068\u306a\u304fCookie\u3092\u7121\u52b9\u306b\u3059\u308b\u696d\u754c\u6a19\u6e96\u306e\u30aa\u30d7\u30b7\u30e7\u30f3\u306f\u3042\u308a\u307e\u305b\u3093\u3002Cookie\u304c\u5fc5\u8981\u304b\u3069\u3046\u304b\u4e0d\u660e\u306a\u5834\u5408\u306f\u3001\u3054\u5229\u7528\u306e\u30b5\u30fc\u30d3\u30b9\u306e\u63d0\u4f9b\u306bCookie\u304c\u4f7f\u7528\u3055\u308c\u308b\u53ef\u80fd\u6027\u304c\u3042\u308b\u305f\u3081\u3001\u3059\u3079\u3066\u306eCookie\u3092\u6709\u52b9\u306b\u3057\u3066\u304a\u304f\u3053\u3068\u3092\u304a\u52e7\u3081\u3057\u307e\u3059\u3002.<\/p>\n<h3>\u30af\u30c3\u30ad\u30fc\u3092\u7121\u52b9\u306b\u3059\u308b<\/h3>\n<p>\u30d6\u30e9\u30a6\u30b6\u306e\u8a2d\u5b9a\u3092\u5909\u66f4\u3059\u308b\u3053\u3068\u3067\u3001Cookie\u306e\u8a2d\u5b9a\u3092\u7121\u52b9\u306b\u3059\u308b\u3053\u3068\u304c\u3067\u304d\u307e\u3059\uff08\u8a2d\u5b9a\u65b9\u6cd5\u306b\u3064\u3044\u3066\u306f\u30d6\u30e9\u30a6\u30b6\u306e\u30d8\u30eb\u30d7\u3092\u3054\u89a7\u304f\u3060\u3055\u3044\uff09\u3002Cookie\u3092\u7121\u52b9\u306b\u3059\u308b\u3068\u3001\u5f53\u30b5\u30a4\u30c8\u304a\u3088\u3073\u304a\u5ba2\u69d8\u304c\u30a2\u30af\u30bb\u30b9\u3059\u308b\u4ed6\u306e\u591a\u304f\u306e\u30a6\u30a7\u30d6\u30b5\u30a4\u30c8\u306e\u6a5f\u80fd\u306b\u5f71\u97ff\u304c\u51fa\u308b\u3053\u3068\u306b\u3054\u6ce8\u610f\u304f\u3060\u3055\u3044\u3002Cookie\u3092\u7121\u52b9\u306b\u3059\u308b\u3068\u3001\u901a\u5e38\u3001\u5f53\u30b5\u30a4\u30c8\u306e\u4e00\u90e8\u306e\u6a5f\u80fd\u3082\u7121\u52b9\u306b\u306a\u308a\u307e\u3059\u3002\u305d\u306e\u305f\u3081\u3001Cookie\u3092\u7121\u52b9\u306b\u3057\u306a\u3044\u3053\u3068\u3092\u63a8\u5968\u3057\u307e\u3059\u3002.<\/p>\n<h3>\u5f53\u793e\u304c\u8a2d\u5b9a\u3059\u308bCookie<\/h3>\n<ul>\n<li>\u30a2\u30ab\u30a6\u30f3\u30c8\u95a2\u9023Cookie\uff1a\u304a\u5ba2\u69d8\u304c\u5f53\u793e\u306b\u30a2\u30ab\u30a6\u30f3\u30c8\u3092\u4f5c\u6210\u3055\u308c\u305f\u5834\u5408\u3001\u767b\u9332\u30d7\u30ed\u30bb\u30b9\u3068\u4e00\u822c\u7684\u306a\u7ba1\u7406\u306e\u305f\u3081\u306bCookie\u3092\u4f7f\u7528\u3057\u307e\u3059\u3002\u3053\u308c\u3089\u306eCookie\u306f\u901a\u5e38\u3001\u30b7\u30b9\u30c6\u30e0\u304b\u3089\u30ed\u30b0\u30a2\u30a6\u30c8\u3059\u308b\u3068\u524a\u9664\u3055\u308c\u307e\u3059\u304c\u3001\u30b5\u30a4\u30c8\u3092\u96e2\u308c\u305f\u969b\u306b\u304a\u5ba2\u69d8\u306e\u8a2d\u5b9a\u3092\u8a18\u61b6\u3059\u308b\u305f\u3081\u306b\u3001\u30ed\u30b0\u30a2\u30a6\u30c8\u5f8c\u3082\u4fdd\u6301\u3055\u308c\u308b\u5834\u5408\u304c\u3042\u308a\u307e\u3059\u3002.<\/li>\n<li>\u30ed\u30b0\u30a4\u30f3\u95a2\u9023Cookie\uff1a\u30ed\u30b0\u30a4\u30f3\u6642\u306bCookie\u3092\u4f7f\u7528\u3059\u308b\u3053\u3068\u3067\u3001\u3053\u306e\u64cd\u4f5c\u3092\u8a18\u61b6\u3057\u307e\u3059\u3002\u3053\u308c\u306b\u3088\u308a\u3001\u65b0\u3057\u3044\u30da\u30fc\u30b8\u306b\u30a2\u30af\u30bb\u30b9\u3059\u308b\u305f\u3073\u306b\u30ed\u30b0\u30a4\u30f3\u3059\u308b\u5fc5\u8981\u304c\u306a\u304f\u306a\u308a\u307e\u3059\u3002\u3053\u308c\u3089\u306eCookie\u306f\u901a\u5e38\u3001\u30ed\u30b0\u30a2\u30a6\u30c8\u6642\u306b\u524a\u9664\u307e\u305f\u306f\u6d88\u53bb\u3055\u308c\u3001\u30ed\u30b0\u30a4\u30f3\u4e2d\u306f\u5236\u9650\u3055\u308c\u305f\u30ea\u30bd\u30fc\u30b9\u3084\u30a8\u30ea\u30a2\u306b\u306e\u307f\u30a2\u30af\u30bb\u30b9\u3067\u304d\u308b\u3088\u3046\u306b\u306a\u308a\u307e\u3059\u3002.<\/li>\n<li>\u96fb\u5b50\u30e1\u30fc\u30eb \u30cb\u30e5\u30fc\u30b9\u30ec\u30bf\u30fc\u306b\u95a2\u9023\u3059\u308b Cookie: \u3053\u306e Web \u30b5\u30a4\u30c8\u306f\u30cb\u30e5\u30fc\u30b9\u30ec\u30bf\u30fc\u307e\u305f\u306f\u96fb\u5b50\u30e1\u30fc\u30eb\u306e\u8cfc\u8aad\u30b5\u30fc\u30d3\u30b9\u3092\u63d0\u4f9b\u3057\u3066\u304a\u308a\u3001\u30e6\u30fc\u30b6\u30fc\u304c\u3059\u3067\u306b\u767b\u9332\u3055\u308c\u3066\u3044\u308b\u304b\u3069\u3046\u304b\u3001\u307e\u305f\u8cfc\u8aad\u6e08\u307f\/\u8cfc\u8aad\u89e3\u9664\u6e08\u307f\u306e\u30e6\u30fc\u30b6\u30fc\u306e\u307f\u306b\u6709\u52b9\u306a\u7279\u5b9a\u306e\u901a\u77e5\u3092\u8868\u793a\u3059\u308b\u304b\u3069\u3046\u304b\u3092\u8a18\u61b6\u3059\u308b\u305f\u3081\u306b Cookie \u304c\u4f7f\u7528\u3055\u308c\u308b\u3053\u3068\u304c\u3042\u308a\u307e\u3059\u3002.<\/li>\n<li>\u6ce8\u6587\u51e6\u7406\u95a2\u9023\u306e Cookie: \u3053\u306e\u30b5\u30a4\u30c8\u306f\u96fb\u5b50\u5546\u53d6\u5f15\u3084\u652f\u6255\u3044\u6a5f\u80fd\u3092\u63d0\u4f9b\u3057\u3066\u304a\u308a\u3001\u4e00\u90e8\u306e Cookie \u306f\u30da\u30fc\u30b8\u9593\u3067\u6ce8\u6587\u3092\u8a18\u61b6\u3057\u3066\u9069\u5207\u306b\u51e6\u7406\u3059\u308b\u305f\u3081\u306b\u4e0d\u53ef\u6b20\u3067\u3059\u3002.<\/li>\n<li>\u30a2\u30f3\u30b1\u30fc\u30c8\u95a2\u9023\u306eCookie\uff1a\u5f53\u793e\u306f\u3001\u8208\u5473\u6df1\u3044\u60c5\u5831\u3084\u4fbf\u5229\u306a\u30c4\u30fc\u30eb\u3092\u63d0\u4f9b\u3057\u305f\u308a\u3001\u30e6\u30fc\u30b6\u30fc\u30d9\u30fc\u30b9\u3092\u3088\u308a\u6b63\u78ba\u306b\u628a\u63e1\u3057\u305f\u308a\u3059\u308b\u305f\u3081\u306b\u3001\u5b9a\u671f\u7684\u306b\u30a2\u30f3\u30b1\u30fc\u30c8\u3084\u8cea\u554f\u7968\u3092\u5b9f\u65bd\u3057\u3066\u3044\u307e\u3059\u3002\u3053\u308c\u3089\u306e\u30a2\u30f3\u30b1\u30fc\u30c8\u3067\u306f\u3001\u30a2\u30f3\u30b1\u30fc\u30c8\u306b\u65e2\u306b\u53c2\u52a0\u3057\u305f\u30e6\u30fc\u30b6\u30fc\u3092\u8a18\u61b6\u3057\u305f\u308a\u3001\u30da\u30fc\u30b8\u3092\u79fb\u52d5\u3057\u305f\u5f8c\u306b\u6b63\u78ba\u306a\u7d50\u679c\u3092\u63d0\u4f9b\u3057\u305f\u308a\u3059\u308b\u305f\u3081\u306bCookie\u3092\u4f7f\u7528\u3059\u308b\u5834\u5408\u304c\u3042\u308a\u307e\u3059\u3002.<\/li>\n<li>\u30d5\u30a9\u30fc\u30e0\u95a2\u9023\u306e Cookie: \u9023\u7d61\u5148\u30da\u30fc\u30b8\u3084\u30b3\u30e1\u30f3\u30c8\u30d5\u30a9\u30fc\u30e0\u306a\u3069\u306e\u30d5\u30a9\u30fc\u30e0\u3092\u901a\u3058\u3066\u30c7\u30fc\u30bf\u3092\u9001\u4fe1\u3059\u308b\u3068\u3001\u4eca\u5f8c\u306e\u3084\u308a\u53d6\u308a\u306e\u305f\u3081\u306b\u30e6\u30fc\u30b6\u30fc\u306e\u8a73\u7d30\u3092\u8a18\u61b6\u3059\u308b\u305f\u3081\u306e Cookie \u304c\u8a2d\u5b9a\u3055\u308c\u308b\u5834\u5408\u304c\u3042\u308a\u307e\u3059\u3002.<\/li>\n<li>\u30a6\u30a7\u30d6\u30b5\u30a4\u30c8\u8a2d\u5b9aCookie\uff1a\u5f53\u30b5\u30a4\u30c8\u3067\u306f\u3001\u304a\u5ba2\u69d8\u306b\u5feb\u9069\u306a\u4f53\u9a13\u3092\u3054\u63d0\u4f9b\u3059\u308b\u305f\u3081\u3001\u30b5\u30a4\u30c8\u3054\u5229\u7528\u6642\u306e\u52d5\u4f5c\u306b\u95a2\u3059\u308b\u8a2d\u5b9a\u3092\u884c\u3048\u308b\u6a5f\u80fd\u3092\u63d0\u4f9b\u3057\u3066\u3044\u307e\u3059\u3002\u304a\u5ba2\u69d8\u306e\u8a2d\u5b9a\u3092\u8a18\u61b6\u3059\u308b\u305f\u3081\u306bCookie\u3092\u8a2d\u5b9a\u3059\u308b\u5fc5\u8981\u304c\u3042\u308a\u307e\u3059\u3002\u3053\u308c\u306b\u3088\u308a\u3001\u304a\u5ba2\u69d8\u306e\u8a2d\u5b9a\u304c\u53cd\u6620\u3055\u308c\u308b\u30da\u30fc\u30b8\u306b\u30a2\u30af\u30bb\u30b9\u3057\u305f\u969b\u306b\u3001\u3053\u306e\u60c5\u5831\u304c\u547c\u3073\u51fa\u3055\u308c\u307e\u3059\u3002.<\/li>\n<\/ul>\n<h3>\u30b5\u30fc\u30c9\u30d1\u30fc\u30c6\u30a3\u306eCookie<\/h3>\n<p>\u7279\u5225\u306a\u30b1\u30fc\u30b9\u3067\u306f\u3001\u4fe1\u983c\u3067\u304d\u308b\u7b2c\u4e09\u8005\u304c\u63d0\u4f9b\u3059\u308bCookie\u3082\u4f7f\u7528\u3057\u307e\u3059\u3002\u4ee5\u4e0b\u306e\u30bb\u30af\u30b7\u30e7\u30f3\u3067\u306f\u3001\u3053\u306e\u30a6\u30a7\u30d6\u30b5\u30a4\u30c8\u3092\u901a\u3058\u3066\u304a\u5ba2\u69d8\u304c\u906d\u9047\u3059\u308b\u53ef\u80fd\u6027\u306e\u3042\u308b\u30b5\u30fc\u30c9\u30d1\u30fc\u30c6\u30a3Cookie\u306b\u3064\u3044\u3066\u8a73\u3057\u304f\u8aac\u660e\u3057\u307e\u3059\u3002.<\/p>\n<ul>\n<li>\u3053\u306e\u30b5\u30a4\u30c8\u3067\u306f <a href=\"https:\/\/analytics.google.com\/analytics\/web\/\">Google\u30a2\u30ca\u30ea\u30c6\u30a3\u30af\u30b9<\/a>, \u3053\u308c\u306f\u30a6\u30a7\u30d6\u4e0a\u3067\u6700\u3082\u5e83\u304f\u666e\u53ca\u3057\u3001\u4fe1\u983c\u3055\u308c\u3066\u3044\u308b\u5206\u6790\u30bd\u30ea\u30e5\u30fc\u30b7\u30e7\u30f3\u306e\u4e00\u3064\u3067\u3042\u308a\u3001\u30b5\u30a4\u30c8\u306e\u5229\u7528\u72b6\u6cc1\u3092\u628a\u63e1\u3057\u3001\u30e6\u30fc\u30b6\u30fc\u30a8\u30af\u30b9\u30da\u30ea\u30a8\u30f3\u30b9\u3092\u5411\u4e0a\u3055\u305b\u308b\u305f\u3081\u306b\u5f79\u7acb\u3061\u307e\u3059\u3002\u3053\u308c\u3089\u306eCookie\u306f\u3001\u30b5\u30a4\u30c8\u6ede\u5728\u6642\u9593\u3084\u95b2\u89a7\u30da\u30fc\u30b8\u306a\u3069\u306e\u60c5\u5831\u3092\u8ffd\u8de1\u3057\u3001\u9b45\u529b\u7684\u306a\u30b3\u30f3\u30c6\u30f3\u30c4\u3092\u7d99\u7d9a\u7684\u306b\u63d0\u4f9b\u3067\u304d\u308b\u3088\u3046\u52aa\u3081\u3066\u3044\u307e\u3059\u3002.<\/li>\n<\/ul>\n<p>Google Analytics \u306e Cookie \u306e\u8a73\u7d30\u306b\u3064\u3044\u3066\u306f\u3001Google Analytics \u306e\u516c\u5f0f\u30da\u30fc\u30b8\u3092\u3054\u89a7\u304f\u3060\u3055\u3044\u3002.<\/p>\n<ul>\n<li>\u5f53\u30b5\u30a4\u30c8\u306e\u5229\u7528\u72b6\u6cc1\u3092\u8ffd\u8de1\u30fb\u6e2c\u5b9a\u3059\u308b\u305f\u3081\u306b\u3001\u30b5\u30fc\u30c9\u30d1\u30fc\u30c6\u30a3\u306e\u5206\u6790\u30c4\u30fc\u30eb\u3092\u4f7f\u7528\u3057\u3066\u3044\u307e\u3059\u3002\u3053\u308c\u306b\u3088\u308a\u3001\u9b45\u529b\u7684\u306a\u30b3\u30f3\u30c6\u30f3\u30c4\u3092\u7d99\u7d9a\u7684\u306b\u63d0\u4f9b\u3059\u308b\u3053\u3068\u304c\u3067\u304d\u307e\u3059\u3002\u3053\u308c\u3089\u306eCookie\u306f\u3001\u304a\u5ba2\u69d8\u304c\u5f53\u30b5\u30a4\u30c8\u306b\u6ede\u5728\u3057\u305f\u6642\u9593\u3084\u95b2\u89a7\u3057\u305f\u30da\u30fc\u30b8\u306a\u3069\u3092\u8ffd\u8de1\u3057\u3001\u304a\u5ba2\u69d8\u306b\u3068\u3063\u3066\u6700\u9069\u306a\u30b5\u30a4\u30c8\u904b\u55b6\u65b9\u6cd5\u306e\u691c\u8a0e\u306b\u5f79\u7acb\u3066\u3066\u3044\u307e\u3059\u3002.<\/li>\n<li>\u5f53\u793e\u306f\u5b9a\u671f\u7684\u306b\u65b0\u6a5f\u80fd\u306e\u30c6\u30b9\u30c8\u3092\u884c\u3044\u3001\u30b5\u30a4\u30c8\u306e\u8868\u793a\u65b9\u6cd5\u3092\u5fae\u8abf\u6574\u3057\u3066\u3044\u307e\u3059\u3002\u65b0\u6a5f\u80fd\u306e\u30c6\u30b9\u30c8\u4e2d\u306f\u3001\u30b5\u30a4\u30c8\u4e0a\u3067\u4e00\u8cab\u3057\u305f\u30a8\u30af\u30b9\u30da\u30ea\u30a8\u30f3\u30b9\u3092\u63d0\u4f9b\u3057\u3001\u30e6\u30fc\u30b6\u30fc\u304c\u6700\u3082\u597d\u3080\u6700\u9069\u5316\u3092\u628a\u63e1\u3059\u308b\u305f\u3081\u306b\u3001\u3053\u308c\u3089\u306eCookie\u3092\u4f7f\u7528\u3059\u308b\u5834\u5408\u304c\u3042\u308a\u307e\u3059\u3002.<\/li>\n<li>\u5f53\u793e\u304c\u5546\u54c1\u3092\u8ca9\u58f2\u3059\u308b\u4e0a\u3067\u3001\u30a6\u30a7\u30d6\u30b5\u30a4\u30c8\u8a2a\u554f\u8005\u306e\u3046\u3061\u5b9f\u969b\u306b\u4f55\u4eba\u304c\u5546\u54c1\u3092\u8cfc\u5165\u3057\u305f\u304b\u3068\u3044\u3046\u7d71\u8a08\u60c5\u5831\u3092\u628a\u63e1\u3059\u308b\u3053\u3068\u306f\u91cd\u8981\u3067\u3059\u3002\u305d\u3057\u3066\u3001\u3053\u308c\u3089\u306eCookie\u306f\u307e\u3055\u306b\u305d\u306e\u3088\u3046\u306a\u30c7\u30fc\u30bf\u3092\u8ffd\u8de1\u3057\u307e\u3059\u3002\u3053\u308c\u306f\u304a\u5ba2\u69d8\u306b\u3068\u3063\u3066\u91cd\u8981\u3067\u3059\u3002\u306a\u305c\u306a\u3089\u3001\u6b63\u78ba\u306a\u4e8b\u696d\u4e88\u6e2c\u3092\u884c\u3044\u3001\u5e83\u544a\u8cbb\u3084\u5546\u54c1\u30b3\u30b9\u30c8\u3092\u5206\u6790\u3057\u3066\u6700\u9069\u306a\u4fa1\u683c\u8a2d\u5b9a\u3092\u5b9f\u73fe\u3067\u304d\u308b\u304b\u3089\u3067\u3059\u3002.<\/li>\n<\/ul>\n<h3>\u30e6\u30fc\u30b6\u30fc\u306e\u30b3\u30df\u30c3\u30c8\u30e1\u30f3\u30c8<\/h3>\n<p>\u30e6\u30fc\u30b6\u30fc\u306f\u3001Finan\u00e7asPlus \u304c\u30a6\u30a7\u30d6\u30b5\u30a4\u30c8\u4e0a\u3067\u63d0\u4f9b\u3059\u308b\u30b3\u30f3\u30c6\u30f3\u30c4\u304a\u3088\u3073\u60c5\u5831\uff08\u4ee5\u4e0b\u3092\u542b\u307f\u307e\u3059\u304c\u3001\u3053\u308c\u3089\u306b\u9650\u5b9a\u3055\u308c\u307e\u305b\u3093\uff09\u3092\u9069\u5207\u306b\u4f7f\u7528\u3059\u308b\u3053\u3068\u306b\u540c\u610f\u3057\u307e\u3059\u3002<\/p>\n<ul>\n<li>A) \u9055\u6cd5\u306a\u6d3b\u52d5\u3084\u4fe1\u7fa9\u8aa0\u5b9f\u306e\u79e9\u5e8f\u306b\u53cd\u3059\u308b\u6d3b\u52d5\u3092\u884c\u308f\u306a\u3044\u3053\u3068\u3002;<\/li>\n<li>B) \u4eba\u7a2e\u5dee\u5225\u7684\u307e\u305f\u306f\u5916\u56fd\u4eba\u6392\u65a5\u7684\u306a\u6027\u8cea\u306e\u5ba3\u4f1d\u3084\u30b3\u30f3\u30c6\u30f3\u30c4\u3001\u3042\u308b\u3044\u306f\u8ced\u535a\u3001\u30ae\u30e3\u30f3\u30d6\u30eb\u3001\u3042\u3089\u3086\u308b\u7a2e\u985e\u306e\u9055\u6cd5\u30dd\u30eb\u30ce\u3001\u30c6\u30ed\u3092\u52a9\u9577\u3057\u305f\u308a\u4eba\u6a29\u3092\u4fb5\u5bb3\u3057\u305f\u308a\u3059\u308b\u30b3\u30f3\u30c6\u30f3\u30c4\u306b\u95a2\u9023\u3059\u308b\u5ba3\u4f1d\u3084\u30b3\u30f3\u30c6\u30f3\u30c4\u3092\u914d\u5e03\u3057\u306a\u3044\u3053\u3068\u3002;<\/li>\n<li>C) \u30b3\u30f3\u30d4\u30e5\u30fc\u30bf\u30a6\u30a4\u30eb\u30b9\u3084\u3001\u524d\u8ff0\u306e\u640d\u5bb3\u3092\u5f15\u304d\u8d77\u3053\u3059\u53ef\u80fd\u6027\u306e\u3042\u308b\u305d\u306e\u4ed6\u306e\u30cf\u30fc\u30c9\u30a6\u30a7\u30a2\u307e\u305f\u306f\u30bd\u30d5\u30c8\u30a6\u30a7\u30a2\u30b7\u30b9\u30c6\u30e0\u3092\u5c0e\u5165\u307e\u305f\u306f\u914d\u5e03\u3059\u308b\u3053\u3068\u306b\u3088\u308a\u3001Finan\u00e7asPlus\u3001\u305d\u306e\u30b5\u30d7\u30e9\u30a4\u30e4\u30fc\u3001\u307e\u305f\u306f\u7b2c\u4e09\u8005\u306e\u7269\u7406 (\u30cf\u30fc\u30c9\u30a6\u30a7\u30a2) \u304a\u3088\u3073\u8ad6\u7406 (\u30bd\u30d5\u30c8\u30a6\u30a7\u30a2) \u30b7\u30b9\u30c6\u30e0\u306b\u640d\u5bb3\u3092\u4e0e\u3048\u306a\u3044\u3053\u3068\u3002.<\/li>\n<\/ul>\n<h3>\u30af\u30c3\u30ad\u30fc\u3092\u30d6\u30ed\u30c3\u30af\u3059\u308b:<\/h3>\n<p>\u30e6\u30fc\u30b6\u30fc\u306f\u3001\u5f53\u793e\u3092\u542b\u3080\u3042\u3089\u3086\u308b\u30a6\u30a7\u30d6\u30b5\u30a4\u30c8\u304b\u3089\u306eCookie\u3092\u3044\u3064\u3067\u3082\u30d6\u30ed\u30c3\u30af\u307e\u305f\u306f\u7121\u52b9\u5316\u3067\u304d\u307e\u3059\u3002\u3053\u308c\u3092\u884c\u3046\u306b\u306f\u3001\u30d6\u30e9\u30a6\u30b6\u306e\u8a2d\u5b9a\u306b\u30a2\u30af\u30bb\u30b9\u3057\u3066\u304f\u3060\u3055\u3044\u3002\u4e3b\u8981\u30d6\u30e9\u30a6\u30b6\u306e\u30d8\u30eb\u30d7\u30ac\u30a4\u30c9\u306b\u3064\u3044\u3066\u306f\u3001\u4ee5\u4e0b\u3092\u3054\u89a7\u304f\u3060\u3055\u3044\u3002<\/p>\n<ul>\n<li><a href=\"https:\/\/support.google.com\/accounts\/answer\/61416?hl=en\" target=\"_blank\" rel=\"noopener noreferrer\"> \u30b0\u30fc\u30b0\u30eb\u30af\u30ed\u30fc\u30e0 <\/a><\/li>\n<li><a href=\"https:\/\/support.mozilla.org\/en-US\/kb\/enhanced-tracking-protection-firefox-desktop?redirectlocale=en-US&amp;redirectslug=enable-and-disable-cookies-website-preferences\" target=\"_blank\" rel=\"noopener noreferrer\"> \u30d5\u30a1\u30a4\u30a2\u30d5\u30a9\u30c3\u30af\u30b9 <\/a><\/li>\n<li><a href=\"https:\/\/support.microsoft.com\/pt-br\/help\/17442\/windows-internet-explorer-delete-manage-cookies\" target=\"_blank\" rel=\"noopener noreferrer\"> \u30de\u30a4\u30af\u30ed\u30bd\u30d5\u30c8\u30a8\u30c3\u30b8 <\/a><\/li>\n<li><a href=\"https:\/\/blogs.opera.com\/news\/2015\/08\/how-to-manage-cookies-in-opera\/\" target=\"_blank\" rel=\"noopener noreferrer\"> \u30aa\u30da\u30e9 <\/a><\/li>\n<li><a href=\"https:\/\/support.apple.com\/pt-br\/guide\/safari\/sfri11471\/mac\" target=\"_blank\" rel=\"noopener noreferrer\"> \u30b5\u30d5\u30a1\u30ea <\/a>.<\/li>\n<\/ul>\n<h3>\u8a73\u7d30\u60c5\u5831<\/h3>\n<p>\u3053\u308c\u304c\u660e\u78ba\u3067\u3042\u308b\u3053\u3068\u3092\u9858\u3063\u3066\u304a\u308a\u307e\u3059\u3002\u307e\u305f\u3001\u524d\u8ff0\u306e\u3068\u304a\u308a\u3001\u5fc5\u8981\u304b\u3069\u3046\u304b\u4e0d\u660e\u306a\u70b9\u304c\u3042\u308b\u5834\u5408\u306f\u3001\u5f53\u793e\u306e Web \u30b5\u30a4\u30c8\u3067\u4f7f\u7528\u3059\u308b\u6a5f\u80fd\u306e\u3044\u305a\u308c\u304b\u3092\u64cd\u4f5c\u3059\u308b\u5834\u5408\u306b\u5099\u3048\u3066\u3001Cookie \u3092\u6709\u52b9\u306b\u3057\u305f\u307e\u307e\u306b\u3057\u3066\u304a\u304f\u65b9\u304c\u4e00\u822c\u7684\u306b\u5b89\u5168\u3067\u3059\u3002.<\/p>\n<p>\u3053\u306e\u30dd\u30ea\u30b7\u30fc\u306f\u3001 <strong>2\u6708<\/strong>\/<strong>2023<\/strong>.<\/p>","protected":false},"excerpt":{"rendered":"<p>A sua privacidade \u00e9 importante para n\u00f3s. \u00c9 pol\u00edtica do Finan\u00e7asPlus respeitar a sua privacidade em rela\u00e7\u00e3o a qualquer informa\u00e7\u00e3o sua que possamos coletar no site Finan\u00e7asPlus, e outros sites que possu\u00edmos e operamos. Solicitamos informa\u00e7\u00f5es pessoais apenas quando realmente precisamos delas para lhe fornecer um servi\u00e7o. Fazemo-lo por meios justos e legais, com o seu conhecimento e consentimento. Tamb\u00e9m informamos por que estamos coletando e como ser\u00e1 usado. Apenas retemos as informa\u00e7\u00f5es coletadas pelo tempo necess\u00e1rio para fornecer o servi\u00e7o solicitado. Quando armazenamos dados, protegemos dentro de meios comercialmente aceit\u00e1veis \u200b\u200bpara evitar perdas e roubos, bem como acesso, divulga\u00e7\u00e3o, c\u00f3pia, uso ou modifica\u00e7\u00e3o n\u00e3o autorizados. N\u00e3o compartilhamos informa\u00e7\u00f5es de [&hellip;]<\/p>\n","protected":false},"author":1,"featured_media":0,"parent":0,"menu_order":0,"comment_status":"closed","ping_status":"closed","template":"","meta":{"footnotes":""},"class_list":["post-54","page","type-page","status-publish"],"_links":{"self":[{"href":"https:\/\/financasplus.online\/ja\/wp-json\/wp\/v2\/pages\/54","targetHints":{"allow":["GET"]}}],"collection":[{"href":"https:\/\/financasplus.online\/ja\/wp-json\/wp\/v2\/pages"}],"about":[{"href":"https:\/\/financasplus.online\/ja\/wp-json\/wp\/v2\/types\/page"}],"author":[{"embeddable":true,"href":"https:\/\/financasplus.online\/ja\/wp-json\/wp\/v2\/users\/1"}],"replies":[{"embeddable":true,"href":"https:\/\/financasplus.online\/ja\/wp-json\/wp\/v2\/comments?post=54"}],"version-history":[{"count":14,"href":"https:\/\/financasplus.online\/ja\/wp-json\/wp\/v2\/pages\/54\/revisions"}],"predecessor-version":[{"id":578,"href":"https:\/\/financasplus.online\/ja\/wp-json\/wp\/v2\/pages\/54\/revisions\/578"}],"wp:attachment":[{"href":"https:\/\/financasplus.online\/ja\/wp-json\/wp\/v2\/media?parent=54"}],"curies":[{"name":"wp","href":"https:\/\/api.w.org\/{rel}","templated":true}]}}