{"id":444,"date":"2025-12-09T04:14:29","date_gmt":"2025-12-09T04:14:29","guid":{"rendered":"https:\/\/financasplus.online\/?page_id=444"},"modified":"2025-12-09T04:14:30","modified_gmt":"2025-12-09T04:14:30","slug":"%e7%a7%81%e3%81%9f%e3%81%a1%e3%81%af%e8%aa%b0%e3%81%a7%e3%81%99%e3%81%8b","status":"publish","type":"page","link":"https:\/\/financasplus.online\/ja\/quem-somos\/","title":{"rendered":"\u79c1\u305f\u3061\u306b\u3064\u3044\u3066"},"content":{"rendered":"<p>Finan\u00e7as Plus\u306f\u3001\u30c6\u30af\u30ce\u30ed\u30b8\u30fc\u306e\u4e16\u754c\u3092\u30b7\u30f3\u30d7\u30eb\u304b\u3064\u5b9f\u7528\u7684\u3001\u305d\u3057\u3066\u6700\u65b0\u306e\u65b9\u6cd5\u3067\u63a2\u6c42\u3057\u305f\u3044\u65b9\u306e\u305f\u3081\u306b\u4f5c\u3089\u308c\u305f\u30dd\u30fc\u30bf\u30eb\u3067\u3059\u3002\u91d1\u878d\u696d\u754c\u3092\u9023\u60f3\u3055\u305b\u308b\u540d\u524d\u3067\u3059\u304c\u3001\u79c1\u305f\u3061\u306e\u76ee\u7684\u306f\u305d\u308c\u3060\u3051\u306b\u3068\u3069\u307e\u308a\u307e\u305b\u3093\u3002\u79c1\u305f\u3061\u306f\u3001\u30a4\u30ce\u30d9\u30fc\u30b7\u30e7\u30f3\u3001\u30a2\u30d7\u30ea\u3001\u30c7\u30b8\u30bf\u30eb\u30c4\u30fc\u30eb\u3001\u305d\u3057\u3066\u65e5\u5e38\u751f\u6d3b\u3092\u3088\u308a\u30b9\u30de\u30fc\u30c8\u3067\u52b9\u7387\u7684\u306b\u3059\u308b\u3042\u3089\u3086\u308b\u3082\u306e\u306b\u60c5\u71b1\u3092\u6ce8\u3044\u3067\u3044\u307e\u3059\u3002.<\/p>\n<p>\u30c6\u30af\u30ce\u30ed\u30b8\u30fc\u304c\u6025\u901f\u306b\u9032\u5316\u3059\u308b\u6642\u4ee3\u3092\u751f\u304d\u3066\u304a\u308a\u3001\u81a8\u5927\u306a\u6570\u306e\u6700\u65b0\u6280\u8853\u306b\u5bfe\u5fdc\u3059\u308b\u306e\u306f\u5bb9\u6613\u3067\u306f\u3042\u308a\u307e\u305b\u3093\u3002\u3060\u304b\u3089\u3053\u305d\u3001\u79c1\u305f\u3061\u306f\u5206\u6790\u3001\u30d2\u30f3\u30c8\u3001\u63a8\u5968\u4e8b\u9805\u3001\u30c1\u30e5\u30fc\u30c8\u30ea\u30a2\u30eb\u3001\u305d\u3057\u3066\u3042\u3089\u3086\u308b\u30ec\u30d9\u30eb\u306e\u30e6\u30fc\u30b6\u30fc\u304c\u3001\u30d1\u30fc\u30bd\u30ca\u30eb\u306a\u6574\u7406\u3001\u30a8\u30f3\u30bf\u30fc\u30c6\u30a4\u30e1\u30f3\u30c8\u3001\u751f\u7523\u6027\u3001\u30c7\u30b8\u30bf\u30eb\u30bb\u30ad\u30e5\u30ea\u30c6\u30a3\u3001\u305d\u3057\u3066\u3082\u3061\u308d\u3093\u8ca1\u52d9\u7ba1\u7406\u306a\u3069\u3001\u771f\u306b\u52b9\u679c\u7684\u306a\u30bd\u30ea\u30e5\u30fc\u30b7\u30e7\u30f3\u3092\u898b\u3064\u3051\u308b\u306e\u306b\u5f79\u7acb\u3064\u30b3\u30f3\u30c6\u30f3\u30c4\u3092\u4e00\u304b\u6240\u306b\u96c6\u3081\u307e\u3057\u305f\u3002.<\/p>\n<p>\u79c1\u305f\u3061\u306e\u30c1\u30fc\u30e0\u306f\u3001\u30c6\u30af\u30ce\u30ed\u30b8\u30fc\u306b\u60c5\u71b1\u3092\u6ce8\u3050\u30d7\u30ed\u30d5\u30a7\u30c3\u30b7\u30e7\u30ca\u30eb\u96c6\u56e3\u3067\u3059\u3002\u30c7\u30b8\u30bf\u30eb\u5e02\u5834\u306e\u30c8\u30ec\u30f3\u30c9\u3092\u65e5\u3005\u8ffd\u8de1\u3057\u3001\u305d\u306e\u77e5\u8b58\u3092\u5206\u304b\u308a\u3084\u3059\u304f\u5ba2\u89b3\u7684\u3067\u5f79\u7acb\u3064\u30b3\u30f3\u30c6\u30f3\u30c4\u3078\u3068\u6607\u83ef\u3055\u305b\u3066\u3044\u307e\u3059\u3002\u79c1\u305f\u3061\u306f\u5e38\u306b\u3001\u660e\u78ba\u3067\u504f\u308a\u306e\u306a\u3044\u6700\u65b0\u306e\u60c5\u5831\u3092\u63d0\u4f9b\u3059\u308b\u3053\u3068\u306b\u52aa\u3081\u3001\u304a\u5ba2\u69d8\u306e\u30cb\u30fc\u30ba\u306b\u6700\u9069\u306a\u30a2\u30d7\u30ea\u30b1\u30fc\u30b7\u30e7\u30f3\u3068\u30ea\u30bd\u30fc\u30b9\u3092\u898b\u3064\u3051\u3089\u308c\u308b\u3088\u3046\u304a\u624b\u4f1d\u3044\u3057\u307e\u3059\u3002.<\/p>\n<p>Finan\u00e7as Plus\u306f\u3001\u30c6\u30af\u30ce\u30ed\u30b8\u30fc\u306f\u4eba\u3005\u306e\u5f79\u306b\u7acb\u3064\u3082\u306e\u3067\u3042\u308a\u3001\u30bf\u30b9\u30af\u3092\u7c21\u7d20\u5316\u3057\u3001\u6a5f\u4f1a\u3092\u5e83\u3052\u3001\u53ef\u80fd\u6027\u3092\u5e83\u3052\u308b\u3082\u306e\u3067\u3042\u308b\u3079\u304d\u3060\u3068\u8003\u3048\u3066\u3044\u307e\u3059\u3002\u79c1\u305f\u3061\u306f\u3001\u30c7\u30b8\u30bf\u30eb\u4e16\u754c\u304c\u63d0\u4f9b\u3059\u308b\u3082\u306e\u3092\u6700\u5927\u9650\u306b\u6d3b\u7528\u3057\u305f\u3044\u3068\u9858\u3046\u4eba\u3005\u306b\u3001\u5305\u62ec\u7684\u306a\u4f53\u9a13\u3092\u63d0\u4f9b\u3059\u308b\u3053\u3068\u306b\u5c3d\u529b\u3057\u3066\u3044\u307e\u3059\u3002.<\/p>\n<p>Finan\u00e7as Plus \u3078\u3088\u3046\u3053\u305d\u3002\u3053\u3053\u3067\u306f\u3001\u30c6\u30af\u30ce\u30ed\u30b8\u30fc\u3001\u5b9f\u7528\u6027\u3001\u30a4\u30ce\u30d9\u30fc\u30b7\u30e7\u30f3\u304c\u878d\u5408\u3057\u3001\u3042\u306a\u305f\u306e\u65e5\u5e38\u751f\u6d3b\u304c\u5909\u308f\u308a\u307e\u3059\u3002.<\/p>","protected":false},"excerpt":{"rendered":"<p>O Finan\u00e7as Plus \u00e9 um portal criado para quem deseja explorar o melhor do universo da tecnologia de forma simples, pr\u00e1tica e atual. Apesar do nome remeter ao mundo financeiro, nosso prop\u00f3sito vai muito al\u00e9m disso: somos apaixonados por inova\u00e7\u00e3o, aplicativos, ferramentas digitais e por tudo que pode tornar o dia a dia mais inteligente e eficiente. Vivemos em uma era em que a tecnologia evolui rapidamente, e acompanhar tantas novidades pode ser um desafio. Por isso, reunimos em um s\u00f3 lugar an\u00e1lises, dicas, recomenda\u00e7\u00f5es, tutoriais e conte\u00fados que ajudam usu\u00e1rios de todos os n\u00edveis a descobrir solu\u00e7\u00f5es que realmente fazem diferen\u00e7a, seja para organiza\u00e7\u00e3o pessoal, entretenimento, produtividade, seguran\u00e7a digital [&hellip;]<\/p>\n","protected":false},"author":1,"featured_media":0,"parent":0,"menu_order":0,"comment_status":"closed","ping_status":"closed","template":"","meta":{"footnotes":""},"class_list":["post-444","page","type-page","status-publish"],"_links":{"self":[{"href":"https:\/\/financasplus.online\/ja\/wp-json\/wp\/v2\/pages\/444","targetHints":{"allow":["GET"]}}],"collection":[{"href":"https:\/\/financasplus.online\/ja\/wp-json\/wp\/v2\/pages"}],"about":[{"href":"https:\/\/financasplus.online\/ja\/wp-json\/wp\/v2\/types\/page"}],"author":[{"embeddable":true,"href":"https:\/\/financasplus.online\/ja\/wp-json\/wp\/v2\/users\/1"}],"replies":[{"embeddable":true,"href":"https:\/\/financasplus.online\/ja\/wp-json\/wp\/v2\/comments?post=444"}],"version-history":[{"count":1,"href":"https:\/\/financasplus.online\/ja\/wp-json\/wp\/v2\/pages\/444\/revisions"}],"predecessor-version":[{"id":445,"href":"https:\/\/financasplus.online\/ja\/wp-json\/wp\/v2\/pages\/444\/revisions\/445"}],"wp:attachment":[{"href":"https:\/\/financasplus.online\/ja\/wp-json\/wp\/v2\/media?parent=444"}],"curies":[{"name":"wp","href":"https:\/\/api.w.org\/{rel}","templated":true}]}}