{"id":54,"date":"2024-12-30T03:36:17","date_gmt":"2024-12-30T03:36:17","guid":{"rendered":"https:\/\/financasplus.online\/?page_id=54"},"modified":"2026-02-07T06:47:52","modified_gmt":"2026-02-07T06:47:52","slug":"politica-sulla-riservatezza","status":"publish","type":"page","link":"https:\/\/financasplus.online\/it\/politica-de-privacidade\/","title":{"rendered":"politica sulla riservatezza"},"content":{"rendered":"<p>La tua privacy \u00e8 importante per noi. La politica di Finan\u00e7asPlus \u00e8 quella di rispettare la tua privacy in relazione a qualsiasi informazione che potremmo raccogliere da te sul sito web. <a href=\"https:\/\/financasplus.online\/it\/\">FinancePlus<\/a>, e altri siti web di nostra propriet\u00e0 e da noi gestiti.<\/p>\n<p>Richiediamo informazioni personali solo quando ne abbiamo realmente bisogno per fornirti un servizio. Lo facciamo in modo corretto e lecito, con la tua conoscenza e il tuo consenso. Ti informiamo inoltre sul motivo per cui raccogliamo tali informazioni e su come verranno utilizzate.<\/p>\n<p>Conserviamo le informazioni raccolte solo per il tempo necessario a fornire il servizio richiesto. Quando conserviamo i dati, li proteggiamo con mezzi commercialmente accettabili per prevenirne la perdita e il furto, nonch\u00e9 l&#039;accesso, la divulgazione, la copia, l&#039;uso o la modifica non autorizzati.<\/p>\n<p>Non condividiamo informazioni personali identificabili pubblicamente o con terze parti, salvo quando richiesto dalla legge.<\/p>\n<p>Il nostro sito web potrebbe contenere link a siti esterni non gestiti da noi. Si prega di notare che non abbiamo alcun controllo sul contenuto e sulle pratiche di questi siti e non possiamo accettare alcuna responsabilit\u00e0 per le rispettive politiche. <strong>politiche sulla privacy<\/strong>.<\/p>\n<p>Puoi rifiutare la nostra richiesta di informazioni personali, tenendo presente che potremmo non essere in grado di fornirti alcuni dei servizi che desideri.<\/p>\n<p>L&#039;utilizzo continuato del nostro sito web sar\u00e0 considerato come accettazione delle nostre pratiche in materia di privacy e dati personali. Per qualsiasi domanda su come gestiamo i dati degli utenti e le informazioni personali, non esitate a contattarci.<\/p>\n<h2>Sicurezza e affidabilit\u00e0 del sito web Finan\u00e7asPlus<\/h2>\n<p>Il sito web \u00e8 affidabile e sicuro per la navigazione degli utenti, come affermato da [la fonte\/azienda]. <a style=\"color: #576d96; text-decoration: none;\" href=\"https:\/\/confiavel.com.br\/https:\/\/financasplus.online\" target=\"_BLANK\" rel=\"noopener noreferrer\">Verifica<\/a>. La pagina verifica le informazioni del sito web per identificare potenziali problemi di sicurezza. L&#039;attivit\u00e0 di navigazione viene verificata dallo strumento. <a style=\"color: #576d96; text-decoration: none;\" href=\"https:\/\/transparencyreport.google.com\/safe-browsing\/search?url=https:\/\/financasplus.online\" target=\"_BLANK\" rel=\"noopener noreferrer\">Sicurezza di Google<\/a> Ci\u00f2 dimostra che il sito \u00e8 sicuro.<\/p>\n<h2>Politica sui cookie di FinancePlus<\/h2>\n<h3>Cosa sono i cookie?<\/h3>\n<p>Come prassi comune per quasi tutti i siti web professionali, questo sito utilizza i cookie, piccoli file scaricati sul tuo computer, per migliorare la tua esperienza. Questa pagina descrive quali informazioni raccolgono, come le utilizziamo e perch\u00e9 a volte abbiamo bisogno di memorizzare questi cookie. Ti spiegheremo anche come puoi impedire che questi cookie vengano memorizzati; tuttavia, ci\u00f2 potrebbe ridurre o &quot;interrompere&quot; alcune funzionalit\u00e0 del sito.<\/p>\n<h3>Come utilizziamo i cookie?<\/h3>\n<p>Utilizziamo i cookie per vari motivi, descritti di seguito. Purtroppo, nella maggior parte dei casi, non esistono opzioni standard di settore per disabilitare i cookie senza disattivare completamente le funzionalit\u00e0 e le caratteristiche che aggiungono a questo sito. Si consiglia di lasciare tutti i cookie abilitati se non si \u00e8 sicuri di averne bisogno o meno, nel caso in cui vengano utilizzati per fornire un servizio di cui si usufruisce.<\/p>\n<h3>Disabilitare i cookie<\/h3>\n<p>\u00c8 possibile impedire l&#039;installazione dei cookie modificando le impostazioni del browser (consultare la Guida del browser per informazioni su come procedere). Si tenga presente che la disattivazione dei cookie influir\u00e0 sulla funzionalit\u00e0 di questo e di molti altri siti web visitati. La disattivazione dei cookie comporta solitamente anche la disattivazione di alcune funzionalit\u00e0 e caratteristiche di questo sito. Pertanto, si consiglia di non disattivare i cookie.<\/p>\n<h3>Cookie che impostiamo<\/h3>\n<ul>\n<li>Cookie relativi all&#039;account: se crei un account con noi, utilizzeremo i cookie per gestire il processo di registrazione e l&#039;amministrazione generale. Questi cookie vengono generalmente eliminati quando esci dal sistema, tuttavia, in alcuni casi, potrebbero rimanere in memoria per ricordare le tue preferenze del sito quando esci.<\/li>\n<li>Cookie relativi all&#039;accesso: utilizziamo i cookie quando effettui l&#039;accesso in modo da poter ricordare questa azione. Questo ti evita di dover effettuare l&#039;accesso ogni volta che visiti una nuova pagina. Questi cookie vengono normalmente rimossi o cancellati quando effettui il logout, per garantire che tu possa accedere alle risorse e alle aree riservate solo quando hai effettuato l&#039;accesso.<\/li>\n<li>Cookie relativi alle newsletter via e-mail: questo sito web offre servizi di newsletter o di abbonamento via e-mail e i cookie potrebbero essere utilizzati per ricordare se sei gi\u00e0 registrato e se mostrare determinate notifiche valide solo per gli utenti iscritti\/non iscritti.<\/li>\n<li>Cookie relativi all&#039;elaborazione degli ordini: questo sito offre servizi di e-commerce o di pagamento e alcuni cookie sono essenziali per garantire che il tuo ordine venga ricordato tra le pagine in modo da poterlo elaborare correttamente.<\/li>\n<li>Cookie relativi ai sondaggi: periodicamente proponiamo sondaggi e questionari per fornire informazioni interessanti, strumenti utili o per comprendere meglio la nostra base di utenti. Questi sondaggi potrebbero utilizzare cookie per ricordare chi ha gi\u00e0 partecipato a un sondaggio o per fornire risultati accurati dopo aver cambiato pagina.<\/li>\n<li>Cookie relativi ai moduli: quando invii dati tramite un modulo, come quelli presenti nelle pagine dei contatti o nei moduli di commento, i cookie potrebbero essere impostati per ricordare i tuoi dati utente per la corrispondenza futura.<\/li>\n<li>Cookie di preferenza del sito web: per offrirti un&#039;esperienza ottimale su questo sito, forniamo funzionalit\u00e0 per impostare le tue preferenze su come questo sito si comporta quando lo utilizzi. Per ricordare le tue preferenze, dobbiamo impostare i cookie in modo che queste informazioni possano essere richiamate ogni volta che interagisci con una pagina che \u00e8 influenzata dalle tue preferenze.<\/li>\n<\/ul>\n<h3>Cookie di terze parti<\/h3>\n<p>In alcuni casi particolari, utilizziamo anche cookie forniti da terze parti fidate. La sezione seguente descrive in dettaglio quali cookie di terze parti potresti incontrare su questo sito web.<\/p>\n<ul>\n<li>Questo sito utilizza il <a href=\"https:\/\/analytics.google.com\/analytics\/web\/\">Google Analytics<\/a>, Si tratta di una delle soluzioni di analisi pi\u00f9 diffuse e affidabili sul web, che ci aiuta a capire come utilizzi il sito e come possiamo migliorare la tua esperienza. Questi cookie possono tracciare dati come il tempo che trascorri sul sito e le pagine che visiti, cos\u00ec da poter continuare a produrre contenuti coinvolgenti.<\/li>\n<\/ul>\n<p>Per maggiori informazioni sui cookie di Google Analytics, visita la pagina ufficiale di Google Analytics.<\/p>\n<ul>\n<li>Utilizziamo analisi di terze parti per monitorare e misurare l&#039;utilizzo di questo sito, in modo da poter continuare a produrre contenuti coinvolgenti. Questi cookie possono tracciare dati come il tempo trascorso sul sito o le pagine visitate, aiutandoci a capire come possiamo migliorare il sito per te.<\/li>\n<li>Periodicamente, testiamo nuove funzionalit\u00e0 e apportiamo piccole modifiche al modo in cui il sito si presenta. Quando stiamo ancora testando nuove funzionalit\u00e0, questi cookie potrebbero essere utilizzati per garantire un&#039;esperienza coerente durante la navigazione sul sito, mentre comprendiamo quali ottimizzazioni i nostri utenti apprezzano di pi\u00f9.<\/li>\n<li>Poich\u00e9 vendiamo prodotti, \u00e8 importante per noi comprendere le statistiche su quanti dei visitatori del nostro sito web effettuano effettivamente un acquisto, ed \u00e8 questo il tipo di dati che questi cookie tracceranno. Questo \u00e8 importante per te perch\u00e9 ci consente di fare previsioni commerciali accurate che ci consentono di analizzare i costi pubblicitari e di prodotto per garantire il miglior prezzo possibile.<\/li>\n<\/ul>\n<h3>Impegno dell&#039;utente<\/h3>\n<p>L&#039;utente si impegna a fare un uso appropriato dei contenuti e delle informazioni che Finan\u00e7asPlus offre sul sito web, inclusi, a titolo esemplificativo ma non esaustivo:<\/p>\n<ul>\n<li>A) Non intraprendere attivit\u00e0 illegali o contrarie alla buona fede e all&#039;ordine pubblico;<\/li>\n<li>B) Non diffondere propaganda o contenuti di natura razzista o xenofoba, o relativi al gioco d&#039;azzardo, ai giochi d&#039;azzardo, a qualsiasi tipo di pornografia illegale, o contenuti che promuovono il terrorismo o violano i diritti umani;<\/li>\n<li>C) Non causare danni ai sistemi fisici (hardware) e logici (software) di Finan\u00e7asPlus, dei suoi fornitori o di terzi, mediante l&#039;introduzione o la diffusione di virus informatici o di qualsiasi altro sistema hardware o software in grado di causare i suddetti danni.<\/li>\n<\/ul>\n<h3>Blocca i cookie:<\/h3>\n<p>Gli utenti possono bloccare e\/o disabilitare i cookie di qualsiasi sito web, incluso il nostro, in qualsiasi momento. Per farlo, accedi alle impostazioni del tuo browser. Di seguito sono riportate le guide per i principali browser:<\/p>\n<ul>\n<li><a href=\"https:\/\/support.google.com\/accounts\/answer\/61416?hl=en\" target=\"_blank\" rel=\"noopener noreferrer\"> Google Chrome <\/a><\/li>\n<li><a href=\"https:\/\/support.mozilla.org\/en-US\/kb\/enhanced-tracking-protection-firefox-desktop?redirectlocale=en-US&amp;redirectslug=enable-and-disable-cookies-website-preferences\" target=\"_blank\" rel=\"noopener noreferrer\"> Moschettone <\/a><\/li>\n<li><a href=\"https:\/\/support.microsoft.com\/pt-br\/help\/17442\/windows-internet-explorer-delete-manage-cookies\" target=\"_blank\" rel=\"noopener noreferrer\"> Microsoft Edge <\/a><\/li>\n<li><a href=\"https:\/\/blogs.opera.com\/news\/2015\/08\/how-to-manage-cookies-in-opera\/\" target=\"_blank\" rel=\"noopener noreferrer\"> Opera <\/a><\/li>\n<li><a href=\"https:\/\/support.apple.com\/pt-br\/guide\/safari\/sfri11471\/mac\" target=\"_blank\" rel=\"noopener noreferrer\"> Safari <\/a>.<\/li>\n<\/ul>\n<h3>Ulteriori informazioni<\/h3>\n<p>Ci auguriamo che tutto ci\u00f2 sia chiaro e, come gi\u00e0 detto, se c&#039;\u00e8 qualcosa di cui non sei sicuro se ti serva o meno, in genere \u00e8 pi\u00f9 sicuro lasciare i cookie abilitati nel caso in cui interagisci con una delle funzionalit\u00e0 che utilizzi sul nostro sito web.<\/p>\n<p>La presente politica \u00e8 efficace a partire dal <strong>Febbraio<\/strong>\/<strong>2023<\/strong>.<\/p>","protected":false},"excerpt":{"rendered":"<p>A sua privacidade \u00e9 importante para n\u00f3s. \u00c9 pol\u00edtica do Finan\u00e7asPlus respeitar a sua privacidade em rela\u00e7\u00e3o a qualquer informa\u00e7\u00e3o sua que possamos coletar no site Finan\u00e7asPlus, e outros sites que possu\u00edmos e operamos. Solicitamos informa\u00e7\u00f5es pessoais apenas quando realmente precisamos delas para lhe fornecer um servi\u00e7o. Fazemo-lo por meios justos e legais, com o [&hellip;]<\/p>\n","protected":false},"author":1,"featured_media":0,"parent":0,"menu_order":0,"comment_status":"closed","ping_status":"closed","template":"","meta":{"footnotes":""},"class_list":["post-54","page","type-page","status-publish"],"_links":{"self":[{"href":"https:\/\/financasplus.online\/it\/wp-json\/wp\/v2\/pages\/54","targetHints":{"allow":["GET"]}}],"collection":[{"href":"https:\/\/financasplus.online\/it\/wp-json\/wp\/v2\/pages"}],"about":[{"href":"https:\/\/financasplus.online\/it\/wp-json\/wp\/v2\/types\/page"}],"author":[{"embeddable":true,"href":"https:\/\/financasplus.online\/it\/wp-json\/wp\/v2\/users\/1"}],"replies":[{"embeddable":true,"href":"https:\/\/financasplus.online\/it\/wp-json\/wp\/v2\/comments?post=54"}],"version-history":[{"count":14,"href":"https:\/\/financasplus.online\/it\/wp-json\/wp\/v2\/pages\/54\/revisions"}],"predecessor-version":[{"id":578,"href":"https:\/\/financasplus.online\/it\/wp-json\/wp\/v2\/pages\/54\/revisions\/578"}],"wp:attachment":[{"href":"https:\/\/financasplus.online\/it\/wp-json\/wp\/v2\/media?parent=54"}],"curies":[{"name":"wp","href":"https:\/\/api.w.org\/{rel}","templated":true}]}}