{"id":444,"date":"2025-12-09T04:14:29","date_gmt":"2025-12-09T04:14:29","guid":{"rendered":"https:\/\/financasplus.online\/?page_id=444"},"modified":"2025-12-09T04:14:30","modified_gmt":"2025-12-09T04:14:30","slug":"chi-siamo","status":"publish","type":"page","link":"https:\/\/financasplus.online\/it\/quem-somos\/","title":{"rendered":"Chi siamo"},"content":{"rendered":"<p>Finan\u00e7as Plus \u00e8 un portale creato per chi desidera esplorare il meglio dell&#039;universo tecnologico in modo semplice, pratico e aggiornato. Nonostante il nome suggerisca il mondo finanziario, il nostro obiettivo va ben oltre: siamo appassionati di innovazione, app, strumenti digitali e tutto ci\u00f2 che pu\u00f2 rendere la vita quotidiana pi\u00f9 intelligente ed efficiente.<\/p>\n<p>Viviamo in un&#039;epoca in cui la tecnologia si evolve rapidamente e stare al passo con cos\u00ec tanti nuovi sviluppi pu\u00f2 essere una sfida. Ecco perch\u00e9 abbiamo raccolto in un unico luogo analisi, suggerimenti, raccomandazioni, tutorial e contenuti che aiutano gli utenti di tutti i livelli a scoprire soluzioni che fanno davvero la differenza, che si tratti di organizzazione personale, intrattenimento, produttivit\u00e0, sicurezza digitale o, naturalmente, gestione finanziaria.<\/p>\n<p>Il nostro team \u00e8 composto da appassionati di tecnologia, professionisti che seguono quotidianamente le tendenze del mercato digitale e trasformano questa conoscenza in contenuti accessibili, oggettivi e utili. Ci impegniamo sempre a offrire informazioni chiare, imparziali e aggiornate, aiutandovi a trovare le applicazioni e le risorse pi\u00f9 adatte alle vostre esigenze.<\/p>\n<p>In Finan\u00e7as Plus crediamo che la tecnologia debba essere al servizio delle persone, semplificando le attivit\u00e0, aprendo nuove opportunit\u00e0 e ampliando le possibilit\u00e0. Il nostro impegno \u00e8 offrire un&#039;esperienza completa a chi desidera sfruttare al meglio ci\u00f2 che il mondo digitale ha da offrire.<\/p>\n<p>Benvenuti a Finan\u00e7as Plus, dove tecnologia, praticit\u00e0 e innovazione si uniscono per trasformare la vostra routine.<\/p>","protected":false},"excerpt":{"rendered":"<p>O Finan\u00e7as Plus \u00e9 um portal criado para quem deseja explorar o melhor do universo da tecnologia de forma simples, pr\u00e1tica e atual. Apesar do nome remeter ao mundo financeiro, nosso prop\u00f3sito vai muito al\u00e9m disso: somos apaixonados por inova\u00e7\u00e3o, aplicativos, ferramentas digitais e por tudo que pode tornar o dia a dia mais inteligente [&hellip;]<\/p>\n","protected":false},"author":1,"featured_media":0,"parent":0,"menu_order":0,"comment_status":"closed","ping_status":"closed","template":"","meta":{"footnotes":""},"class_list":["post-444","page","type-page","status-publish"],"_links":{"self":[{"href":"https:\/\/financasplus.online\/it\/wp-json\/wp\/v2\/pages\/444","targetHints":{"allow":["GET"]}}],"collection":[{"href":"https:\/\/financasplus.online\/it\/wp-json\/wp\/v2\/pages"}],"about":[{"href":"https:\/\/financasplus.online\/it\/wp-json\/wp\/v2\/types\/page"}],"author":[{"embeddable":true,"href":"https:\/\/financasplus.online\/it\/wp-json\/wp\/v2\/users\/1"}],"replies":[{"embeddable":true,"href":"https:\/\/financasplus.online\/it\/wp-json\/wp\/v2\/comments?post=444"}],"version-history":[{"count":1,"href":"https:\/\/financasplus.online\/it\/wp-json\/wp\/v2\/pages\/444\/revisions"}],"predecessor-version":[{"id":445,"href":"https:\/\/financasplus.online\/it\/wp-json\/wp\/v2\/pages\/444\/revisions\/445"}],"wp:attachment":[{"href":"https:\/\/financasplus.online\/it\/wp-json\/wp\/v2\/media?parent=444"}],"curies":[{"name":"wp","href":"https:\/\/api.w.org\/{rel}","templated":true}]}}