{"id":444,"date":"2025-12-09T04:14:29","date_gmt":"2025-12-09T04:14:29","guid":{"rendered":"https:\/\/financasplus.online\/?page_id=444"},"modified":"2025-12-09T04:14:30","modified_gmt":"2025-12-09T04:14:30","slug":"kik-vagyunk","status":"publish","type":"page","link":"https:\/\/financasplus.online\/hu\/quem-somos\/","title":{"rendered":"Kik vagyunk"},"content":{"rendered":"<p>A Finan\u00e7as Plus egy olyan port\u00e1l, amelyet azok sz\u00e1m\u00e1ra hoztak l\u00e9tre, akik egyszer\u0171, praktikus \u00e9s naprak\u00e9sz m\u00f3don szeretn\u00e9k felfedezni a technol\u00f3giai univerzum legjav\u00e1t. Annak ellen\u00e9re, hogy a n\u00e9v a p\u00e9nz\u00fcgyi vil\u00e1gra utal, c\u00e9lunk messze t\u00falmutat ezen: szenved\u00e9lyesen rajongunk az innov\u00e1ci\u00f3\u00e9rt, az alkalmaz\u00e1sok\u00e9rt, a digit\u00e1lis eszk\u00f6z\u00f6k\u00e9rt \u00e9s minden\u00e9rt, ami okosabb\u00e1 \u00e9s hat\u00e9konyabb\u00e1 teheti a mindennapi \u00e9letet.<\/p>\n<p>Egy olyan korban \u00e9l\u00fcnk, amikor a technol\u00f3gia gyorsan fejl\u0151dik, \u00e9s a sok \u00faj fejleszt\u00e9ssel l\u00e9p\u00e9st tartani kih\u00edv\u00e1st jelenthet. Ez\u00e9rt gy\u0171jt\u00f6tt\u00fcnk \u00f6ssze egy helyen elemz\u00e9seket, tippeket, aj\u00e1nl\u00e1sokat, oktat\u00f3anyagokat \u00e9s tartalmakat, amelyek seg\u00edtenek minden szint\u0171 felhaszn\u00e1l\u00f3nak olyan megold\u00e1sokat felfedezni, amelyek val\u00f3ban v\u00e1ltoz\u00e1st hoznak, legyen sz\u00f3 szem\u00e9lyes szervez\u00e9sr\u0151l, sz\u00f3rakoz\u00e1sr\u00f3l, termel\u00e9kenys\u00e9gr\u0151l, digit\u00e1lis biztons\u00e1gr\u00f3l vagy \u2013 term\u00e9szetesen \u2013 p\u00e9nz\u00fcgykezel\u00e9sr\u0151l.<\/p>\n<p>Csapatunk technol\u00f3giai rajong\u00f3kb\u00f3l, olyan szakemberekb\u0151l \u00e1ll, akik nap mint nap k\u00f6vetik a digit\u00e1lis piaci trendeket, \u00e9s ezt a tud\u00e1st hozz\u00e1f\u00e9rhet\u0151, objekt\u00edv \u00e9s hasznos tartalomm\u00e1 alak\u00edtj\u00e1k. Mindig arra t\u00f6reksz\u00fcnk, hogy vil\u00e1gos, elfogulatlan \u00e9s naprak\u00e9sz inform\u00e1ci\u00f3kat k\u00edn\u00e1ljunk, seg\u00edtve \u00d6nt megtal\u00e1lni az \u00d6n ig\u00e9nyeinek legink\u00e1bb megfelel\u0151 alkalmaz\u00e1sokat \u00e9s er\u0151forr\u00e1sokat.<\/p>\n<p>A Finan\u00e7as Plusn\u00e1l hisz\u00fcnk abban, hogy a technol\u00f3gi\u00e1nak az embereket kell szolg\u00e1lnia, megk\u00f6nny\u00edtve a feladatokat, lehet\u0151s\u00e9geket nyitva \u00e9s b\u0151v\u00edtve a lehet\u0151s\u00e9geket. Elk\u00f6telezettek vagyunk abban, hogy teljes \u00e9lm\u00e9nyt ny\u00fajtsunk azoknak, akik a legt\u00f6bbet szeretn\u00e9k kihozni a digit\u00e1lis vil\u00e1g k\u00edn\u00e1lat\u00e1b\u00f3l.<\/p>\n<p>\u00dcdv\u00f6z\u00f6lj\u00fck a Finan\u00e7as Plusn\u00e1l \u2014 ahol a technol\u00f3gia, a praktikum \u00e9s az innov\u00e1ci\u00f3 egyes\u00fcl, hogy \u00e1talak\u00edtsa a mindennapjaidat.<\/p>","protected":false},"excerpt":{"rendered":"<p>O Finan\u00e7as Plus \u00e9 um portal criado para quem deseja explorar o melhor do universo da tecnologia de forma simples, pr\u00e1tica e atual. Apesar do nome remeter ao mundo financeiro, nosso prop\u00f3sito vai muito al\u00e9m disso: somos apaixonados por inova\u00e7\u00e3o, aplicativos, ferramentas digitais e por tudo que pode tornar o dia a dia mais inteligente [&hellip;]<\/p>\n","protected":false},"author":1,"featured_media":0,"parent":0,"menu_order":0,"comment_status":"closed","ping_status":"closed","template":"","meta":{"footnotes":""},"class_list":["post-444","page","type-page","status-publish"],"_links":{"self":[{"href":"https:\/\/financasplus.online\/hu\/wp-json\/wp\/v2\/pages\/444","targetHints":{"allow":["GET"]}}],"collection":[{"href":"https:\/\/financasplus.online\/hu\/wp-json\/wp\/v2\/pages"}],"about":[{"href":"https:\/\/financasplus.online\/hu\/wp-json\/wp\/v2\/types\/page"}],"author":[{"embeddable":true,"href":"https:\/\/financasplus.online\/hu\/wp-json\/wp\/v2\/users\/1"}],"replies":[{"embeddable":true,"href":"https:\/\/financasplus.online\/hu\/wp-json\/wp\/v2\/comments?post=444"}],"version-history":[{"count":1,"href":"https:\/\/financasplus.online\/hu\/wp-json\/wp\/v2\/pages\/444\/revisions"}],"predecessor-version":[{"id":445,"href":"https:\/\/financasplus.online\/hu\/wp-json\/wp\/v2\/pages\/444\/revisions\/445"}],"wp:attachment":[{"href":"https:\/\/financasplus.online\/hu\/wp-json\/wp\/v2\/media?parent=444"}],"curies":[{"name":"wp","href":"https:\/\/api.w.org\/{rel}","templated":true}]}}