{"id":444,"date":"2025-12-09T04:14:29","date_gmt":"2025-12-09T04:14:29","guid":{"rendered":"https:\/\/financasplus.online\/?page_id=444"},"modified":"2025-12-09T04:14:30","modified_gmt":"2025-12-09T04:14:30","slug":"tko-smo-mi","status":"publish","type":"page","link":"https:\/\/financasplus.online\/hr\/quem-somos\/","title":{"rendered":"Tko smo mi"},"content":{"rendered":"<p>Financas Plus je portal stvoren za one koji \u017eele istra\u017eiti najbolje iz tehnolo\u0161kog svijeta na jednostavan, prakti\u010dan i moderan na\u010din. Unato\u010d nazivu koji sugerira financijski svijet, na\u0161a svrha ide daleko dalje od toga: strastveni smo prema inovacijama, aplikacijama, digitalnim alatima i svemu \u0161to svakodnevni \u017eivot mo\u017ee u\u010diniti pametnijim i u\u010dinkovitijim.<\/p>\n<p>\u017divimo u eri u kojoj se tehnologija brzo razvija, a pra\u0107enje toliko novih dostignu\u0107a mo\u017ee biti izazov. Zato smo na jednom mjestu okupili analize, savjete, preporuke, tutorijale i sadr\u017eaj koji poma\u017ee korisnicima svih razina da otkriju rje\u0161enja koja zaista \u010dine razliku, bilo da se radi o osobnoj organizaciji, zabavi, produktivnosti, digitalnoj sigurnosti ili - naravno - financijskom upravljanju.<\/p>\n<p>Na\u0161 tim \u010dine tehnolo\u0161ki entuzijasti, profesionalci koji svakodnevno prate trendove digitalnog tr\u017ei\u0161ta i to znanje pretvaraju u pristupa\u010dan, objektivan i koristan sadr\u017eaj. Uvijek se trudimo ponuditi jasne, nepristrane i a\u017eurne informacije, poma\u017eu\u0107i vam da prona\u0111ete aplikacije i resurse koji najbolje odgovaraju va\u0161im potrebama.<\/p>\n<p>U tvrtki Finan\u00e7as Plus vjerujemo da tehnologija treba slu\u017eiti ljudima, olak\u0161avaju\u0107i zadatke, otvaraju\u0107i prilike i pro\u0161iruju\u0107i mogu\u0107nosti. Na\u0161a je predanost pru\u017eiti cjelovito iskustvo onima koji \u017eele maksimalno iskoristiti ono \u0161to digitalni svijet nudi.<\/p>\n<p>Dobrodo\u0161li u Financas Plus \u2014 gdje se tehnologija, prakti\u010dnost i inovacija spajaju kako bi transformirale va\u0161u rutinu.<\/p>","protected":false},"excerpt":{"rendered":"<p>O Finan\u00e7as Plus \u00e9 um portal criado para quem deseja explorar o melhor do universo da tecnologia de forma simples, pr\u00e1tica e atual. Apesar do nome remeter ao mundo financeiro, nosso prop\u00f3sito vai muito al\u00e9m disso: somos apaixonados por inova\u00e7\u00e3o, aplicativos, ferramentas digitais e por tudo que pode tornar o dia a dia mais inteligente [&hellip;]<\/p>\n","protected":false},"author":1,"featured_media":0,"parent":0,"menu_order":0,"comment_status":"closed","ping_status":"closed","template":"","meta":{"footnotes":""},"class_list":["post-444","page","type-page","status-publish"],"_links":{"self":[{"href":"https:\/\/financasplus.online\/hr\/wp-json\/wp\/v2\/pages\/444","targetHints":{"allow":["GET"]}}],"collection":[{"href":"https:\/\/financasplus.online\/hr\/wp-json\/wp\/v2\/pages"}],"about":[{"href":"https:\/\/financasplus.online\/hr\/wp-json\/wp\/v2\/types\/page"}],"author":[{"embeddable":true,"href":"https:\/\/financasplus.online\/hr\/wp-json\/wp\/v2\/users\/1"}],"replies":[{"embeddable":true,"href":"https:\/\/financasplus.online\/hr\/wp-json\/wp\/v2\/comments?post=444"}],"version-history":[{"count":1,"href":"https:\/\/financasplus.online\/hr\/wp-json\/wp\/v2\/pages\/444\/revisions"}],"predecessor-version":[{"id":445,"href":"https:\/\/financasplus.online\/hr\/wp-json\/wp\/v2\/pages\/444\/revisions\/445"}],"wp:attachment":[{"href":"https:\/\/financasplus.online\/hr\/wp-json\/wp\/v2\/media?parent=444"}],"curies":[{"name":"radni list","href":"https:\/\/api.w.org\/{rel}","templated":true}]}}