{"id":444,"date":"2025-12-09T04:14:29","date_gmt":"2025-12-09T04:14:29","guid":{"rendered":"https:\/\/financasplus.online\/?page_id=444"},"modified":"2025-12-09T04:14:30","modified_gmt":"2025-12-09T04:14:30","slug":"%d7%9e%d7%99-%d7%90%d7%a0%d7%97%d7%a0%d7%95","status":"publish","type":"page","link":"https:\/\/financasplus.online\/he\/quem-somos\/","title":{"rendered":"\u05de\u05d9 \u05d0\u05e0\u05d7\u05e0\u05d5"},"content":{"rendered":"<p>Finan\u00e7as Plus \u05d4\u05d5\u05d0 \u05e4\u05d5\u05e8\u05d8\u05dc \u05e9\u05e0\u05d5\u05e6\u05e8 \u05e2\u05d1\u05d5\u05e8 \u05d0\u05dc\u05d5 \u05d4\u05de\u05e2\u05d5\u05e0\u05d9\u05d9\u05e0\u05d9\u05dd \u05dc\u05d7\u05e7\u05d5\u05e8 \u05d0\u05ea \u05d4\u05d8\u05d5\u05d1 \u05d1\u05d9\u05d5\u05ea\u05e8 \u05e9\u05dc \u05e2\u05d5\u05dc\u05dd \u05d4\u05d8\u05db\u05e0\u05d5\u05dc\u05d5\u05d2\u05d9\u05d4 \u05d1\u05e6\u05d5\u05e8\u05d4 \u05e4\u05e9\u05d5\u05d8\u05d4, \u05e4\u05e8\u05e7\u05d8\u05d9\u05ea \u05d5\u05e2\u05d3\u05db\u05e0\u05d9\u05ea. \u05dc\u05de\u05e8\u05d5\u05ea \u05d4\u05e9\u05dd \u05de\u05e8\u05de\u05d6 \u05e2\u05dc \u05e2\u05d5\u05dc\u05dd \u05d4\u05e4\u05d9\u05e0\u05e0\u05e1\u05d9\u05dd, \u05d4\u05de\u05d8\u05e8\u05d4 \u05e9\u05dc\u05e0\u05d5 \u05d7\u05d5\u05e8\u05d2\u05ea \u05d4\u05e8\u05d1\u05d4 \u05de\u05e2\u05d1\u05e8 \u05dc\u05db\u05da: \u05d0\u05e0\u05d5 \u05e0\u05dc\u05d4\u05d1\u05d9\u05dd \u05de\u05d7\u05d3\u05e9\u05e0\u05d5\u05ea, \u05d0\u05e4\u05dc\u05d9\u05e7\u05e6\u05d9\u05d5\u05ea, \u05db\u05dc\u05d9\u05dd \u05d3\u05d9\u05d2\u05d9\u05d8\u05dc\u05d9\u05d9\u05dd \u05d5\u05db\u05dc \u05de\u05d4 \u05e9\u05d9\u05db\u05d5\u05dc \u05dc\u05d4\u05e4\u05d5\u05da \u05d0\u05ea \u05d7\u05d9\u05d9 \u05d4\u05d9\u05d5\u05de\u05d9\u05d5\u05dd \u05dc\u05d7\u05db\u05de\u05d9\u05dd \u05d5\u05d9\u05e2\u05d9\u05dc\u05d9\u05dd \u05d9\u05d5\u05ea\u05e8.<\/p>\n<p>\u05d0\u05e0\u05d5 \u05d7\u05d9\u05d9\u05dd \u05d1\u05e2\u05d9\u05d3\u05df \u05e9\u05d1\u05d5 \u05d4\u05d8\u05db\u05e0\u05d5\u05dc\u05d5\u05d2\u05d9\u05d4 \u05de\u05ea\u05e4\u05ea\u05d7\u05ea \u05d1\u05de\u05d4\u05d9\u05e8\u05d5\u05ea, \u05d5\u05de\u05e2\u05e7\u05d1 \u05d0\u05d7\u05e8 \u05db\u05dc \u05db\u05da \u05d4\u05e8\u05d1\u05d4 \u05d4\u05ea\u05e4\u05ea\u05d7\u05d5\u05d9\u05d5\u05ea \u05d7\u05d3\u05e9\u05d5\u05ea \u05d9\u05db\u05d5\u05dc \u05dc\u05d4\u05d9\u05d5\u05ea \u05d0\u05ea\u05d2\u05e8. \u05dc\u05db\u05df \u05e8\u05d9\u05db\u05d6\u05e0\u05d5 \u05d1\u05de\u05e7\u05d5\u05dd \u05d0\u05d7\u05d3 \u05e0\u05d9\u05ea\u05d5\u05d7\u05d9\u05dd, \u05d8\u05d9\u05e4\u05d9\u05dd, \u05d4\u05de\u05dc\u05e6\u05d5\u05ea, \u05d4\u05d3\u05e8\u05db\u05d5\u05ea \u05d5\u05ea\u05d5\u05db\u05df \u05e9\u05d9\u05e2\u05d6\u05e8\u05d5 \u05dc\u05de\u05e9\u05ea\u05de\u05e9\u05d9\u05dd \u05de\u05db\u05dc \u05d4\u05e8\u05de\u05d5\u05ea \u05dc\u05d2\u05dc\u05d5\u05ea \u05e4\u05ea\u05e8\u05d5\u05e0\u05d5\u05ea \u05e9\u05d1\u05d0\u05de\u05ea \u05e2\u05d5\u05e9\u05d9\u05dd \u05d0\u05ea \u05d4\u05d4\u05d1\u05d3\u05dc, \u05d1\u05d9\u05df \u05d0\u05dd \u05dc\u05d0\u05e8\u05d2\u05d5\u05df \u05d0\u05d9\u05e9\u05d9, \u05d1\u05d9\u05d3\u05d5\u05e8, \u05e4\u05e8\u05d5\u05d3\u05d5\u05e7\u05d8\u05d9\u05d1\u05d9\u05d5\u05ea, \u05d0\u05d1\u05d8\u05d7\u05d4 \u05d3\u05d9\u05d2\u05d9\u05d8\u05dc\u05d9\u05ea \u05d0\u05d5 - \u05db\u05de\u05d5\u05d1\u05df - \u05e0\u05d9\u05d4\u05d5\u05dc \u05e4\u05d9\u05e0\u05e0\u05e1\u05d9.<\/p>\n<p>\u05d4\u05e6\u05d5\u05d5\u05ea \u05e9\u05dc\u05e0\u05d5 \u05de\u05d5\u05e8\u05db\u05d1 \u05de\u05d7\u05d5\u05d1\u05d1\u05d9 \u05d8\u05db\u05e0\u05d5\u05dc\u05d5\u05d2\u05d9\u05d4, \u05d0\u05e0\u05e9\u05d9 \u05de\u05e7\u05e6\u05d5\u05e2 \u05e9\u05e2\u05d5\u05e7\u05d1\u05d9\u05dd \u05de\u05d3\u05d9 \u05d9\u05d5\u05dd \u05d0\u05d7\u05e8 \u05de\u05d2\u05de\u05d5\u05ea \u05d4\u05e9\u05d5\u05e7 \u05d4\u05d3\u05d9\u05d2\u05d9\u05d8\u05dc\u05d9 \u05d5\u05d4\u05d5\u05e4\u05db\u05d9\u05dd \u05d0\u05ea \u05d4\u05d9\u05d3\u05e2 \u05d4\u05d6\u05d4 \u05dc\u05ea\u05d5\u05db\u05df \u05e0\u05d2\u05d9\u05e9, \u05d0\u05d5\u05d1\u05d9\u05d9\u05e7\u05d8\u05d9\u05d1\u05d9 \u05d5\u05e9\u05d9\u05de\u05d5\u05e9\u05d9. \u05d0\u05e0\u05d5 \u05ea\u05de\u05d9\u05d3 \u05e9\u05d5\u05d0\u05e4\u05d9\u05dd \u05dc\u05d4\u05e6\u05d9\u05e2 \u05de\u05d9\u05d3\u05e2 \u05d1\u05e8\u05d5\u05e8, \u05d0\u05d5\u05d1\u05d9\u05d9\u05e7\u05d8\u05d9\u05d1\u05d9 \u05d5\u05e2\u05d3\u05db\u05e0\u05d9, \u05d5\u05dc\u05e2\u05d6\u05d5\u05e8 \u05dc\u05db\u05dd \u05dc\u05de\u05e6\u05d5\u05d0 \u05d0\u05ea \u05d4\u05d9\u05d9\u05e9\u05d5\u05de\u05d9\u05dd \u05d5\u05d4\u05de\u05e9\u05d0\u05d1\u05d9\u05dd \u05d4\u05de\u05ea\u05d0\u05d9\u05de\u05d9\u05dd \u05d1\u05d9\u05d5\u05ea\u05e8 \u05dc\u05e6\u05e8\u05db\u05d9\u05dd \u05e9\u05dc\u05db\u05dd.<\/p>\n<p>\u05d1-Finan\u00e7as Plus, \u05d0\u05e0\u05d5 \u05de\u05d0\u05de\u05d9\u05e0\u05d9\u05dd \u05e9\u05d8\u05db\u05e0\u05d5\u05dc\u05d5\u05d2\u05d9\u05d4 \u05e6\u05e8\u05d9\u05db\u05d4 \u05dc\u05e9\u05e8\u05ea \u05d0\u05e0\u05e9\u05d9\u05dd, \u05dc\u05d4\u05e7\u05dc \u05e2\u05dc \u05de\u05e9\u05d9\u05de\u05d5\u05ea, \u05dc\u05e4\u05ea\u05d5\u05d7 \u05d4\u05d6\u05d3\u05de\u05e0\u05d5\u05d9\u05d5\u05ea \u05d5\u05dc\u05d4\u05e8\u05d7\u05d9\u05d1 \u05d0\u05e4\u05e9\u05e8\u05d5\u05d9\u05d5\u05ea. \u05d4\u05de\u05d7\u05d5\u05d9\u05d1\u05d5\u05ea \u05e9\u05dc\u05e0\u05d5 \u05d4\u05d9\u05d0 \u05dc\u05e1\u05e4\u05e7 \u05d7\u05d5\u05d5\u05d9\u05d4 \u05e9\u05dc\u05de\u05d4 \u05dc\u05d0\u05dc\u05d5 \u05e9\u05e8\u05d5\u05e6\u05d9\u05dd \u05dc\u05d4\u05e4\u05d9\u05e7 \u05d0\u05ea \u05d4\u05de\u05e8\u05d1 \u05de\u05de\u05d4 \u05e9\u05d9\u05e9 \u05dc\u05e2\u05d5\u05dc\u05dd \u05d4\u05d3\u05d9\u05d2\u05d9\u05d8\u05dc\u05d9 \u05dc\u05d4\u05e6\u05d9\u05e2.<\/p>\n<p>\u05d1\u05e8\u05d5\u05db\u05d9\u05dd \u05d4\u05d1\u05d0\u05d9\u05dd \u05dc-Finan\u00e7as Plus - \u05de\u05e7\u05d5\u05dd \u05d1\u05d5 \u05d8\u05db\u05e0\u05d5\u05dc\u05d5\u05d2\u05d9\u05d4, \u05e4\u05e8\u05e7\u05d8\u05d9\u05d5\u05ea \u05d5\u05d7\u05d3\u05e9\u05e0\u05d5\u05ea \u05e0\u05e4\u05d2\u05e9\u05d5\u05ea \u05db\u05d3\u05d9 \u05dc\u05e9\u05e0\u05d5\u05ea \u05d0\u05ea \u05e9\u05d2\u05e8\u05ea \u05d9\u05d5\u05de\u05db\u05dd.<\/p>","protected":false},"excerpt":{"rendered":"<p>O Finan\u00e7as Plus \u00e9 um portal criado para quem deseja explorar o melhor do universo da tecnologia de forma simples, pr\u00e1tica e atual. Apesar do nome remeter ao mundo financeiro, nosso prop\u00f3sito vai muito al\u00e9m disso: somos apaixonados por inova\u00e7\u00e3o, aplicativos, ferramentas digitais e por tudo que pode tornar o dia a dia mais inteligente [&hellip;]<\/p>\n","protected":false},"author":1,"featured_media":0,"parent":0,"menu_order":0,"comment_status":"closed","ping_status":"closed","template":"","meta":{"footnotes":""},"class_list":["post-444","page","type-page","status-publish"],"_links":{"self":[{"href":"https:\/\/financasplus.online\/he\/wp-json\/wp\/v2\/pages\/444","targetHints":{"allow":["GET"]}}],"collection":[{"href":"https:\/\/financasplus.online\/he\/wp-json\/wp\/v2\/pages"}],"about":[{"href":"https:\/\/financasplus.online\/he\/wp-json\/wp\/v2\/types\/page"}],"author":[{"embeddable":true,"href":"https:\/\/financasplus.online\/he\/wp-json\/wp\/v2\/users\/1"}],"replies":[{"embeddable":true,"href":"https:\/\/financasplus.online\/he\/wp-json\/wp\/v2\/comments?post=444"}],"version-history":[{"count":1,"href":"https:\/\/financasplus.online\/he\/wp-json\/wp\/v2\/pages\/444\/revisions"}],"predecessor-version":[{"id":445,"href":"https:\/\/financasplus.online\/he\/wp-json\/wp\/v2\/pages\/444\/revisions\/445"}],"wp:attachment":[{"href":"https:\/\/financasplus.online\/he\/wp-json\/wp\/v2\/media?parent=444"}],"curies":[{"name":"wp","href":"https:\/\/api.w.org\/{rel}","templated":true}]}}