{"id":444,"date":"2025-12-09T04:14:29","date_gmt":"2025-12-09T04:14:29","guid":{"rendered":"https:\/\/financasplus.online\/?page_id=444"},"modified":"2025-12-09T04:14:30","modified_gmt":"2025-12-09T04:14:30","slug":"qui-nous-sommes","status":"publish","type":"page","link":"https:\/\/financasplus.online\/fr\/quem-somos\/","title":{"rendered":"Qui sommes-nous ?"},"content":{"rendered":"<p>Finan\u00e7as Plus est un portail con\u00e7u pour celles et ceux qui souhaitent d\u00e9couvrir le meilleur de l&#039;univers technologique de mani\u00e8re simple, pratique et toujours \u00e0 la pointe de la technologie. Malgr\u00e9 son nom \u00e9vocateur du monde financier, notre ambition va bien au-del\u00e0\u00a0: nous sommes passionn\u00e9s par l&#039;innovation, les applications, les outils num\u00e9riques et tout ce qui peut simplifier et optimiser le quotidien.<\/p>\n<p>Nous vivons \u00e0 une \u00e9poque o\u00f9 la technologie \u00e9volue rapidement, et se tenir au courant de toutes ces nouveaut\u00e9s peut s&#039;av\u00e9rer complexe. C&#039;est pourquoi nous avons rassembl\u00e9 en un seul endroit des analyses, des conseils, des recommandations, des tutoriels et du contenu qui aident les utilisateurs de tous niveaux \u00e0 d\u00e9couvrir des solutions qui font r\u00e9ellement la diff\u00e9rence, que ce soit pour l&#039;organisation personnelle, les loisirs, la productivit\u00e9, la s\u00e9curit\u00e9 num\u00e9rique ou, bien s\u00fbr, la gestion financi\u00e8re.<\/p>\n<p>Notre \u00e9quipe est compos\u00e9e de passionn\u00e9s de technologie, des professionnels qui suivent quotidiennement les tendances du march\u00e9 num\u00e9rique et transforment ces connaissances en contenu accessible, objectif et utile. Nous nous effor\u00e7ons constamment de fournir des informations claires, impartiales et \u00e0 jour, afin de vous aider \u00e0 trouver les applications et les ressources les mieux adapt\u00e9es \u00e0 vos besoins.<\/p>\n<p>Chez Finan\u00e7as Plus, nous sommes convaincus que la technologie doit \u00eatre au service des personnes, en simplifiant leurs t\u00e2ches, en leur offrant de nouvelles opportunit\u00e9s et en \u00e9largissant leurs horizons. Notre engagement est de proposer une exp\u00e9rience compl\u00e8te \u00e0 celles et ceux qui souhaitent tirer pleinement parti des atouts du monde num\u00e9rique.<\/p>\n<p>Bienvenue chez Finan\u00e7as Plus \u2014 o\u00f9 la technologie, la praticit\u00e9 et l&#039;innovation s&#039;unissent pour transformer votre quotidien.<\/p>","protected":false},"excerpt":{"rendered":"<p>O Finan\u00e7as Plus \u00e9 um portal criado para quem deseja explorar o melhor do universo da tecnologia de forma simples, pr\u00e1tica e atual. Apesar do nome remeter ao mundo financeiro, nosso prop\u00f3sito vai muito al\u00e9m disso: somos apaixonados por inova\u00e7\u00e3o, aplicativos, ferramentas digitais e por tudo que pode tornar o dia a dia mais inteligente [&hellip;]<\/p>\n","protected":false},"author":1,"featured_media":0,"parent":0,"menu_order":0,"comment_status":"closed","ping_status":"closed","template":"","meta":{"footnotes":""},"class_list":["post-444","page","type-page","status-publish"],"_links":{"self":[{"href":"https:\/\/financasplus.online\/fr\/wp-json\/wp\/v2\/pages\/444","targetHints":{"allow":["GET"]}}],"collection":[{"href":"https:\/\/financasplus.online\/fr\/wp-json\/wp\/v2\/pages"}],"about":[{"href":"https:\/\/financasplus.online\/fr\/wp-json\/wp\/v2\/types\/page"}],"author":[{"embeddable":true,"href":"https:\/\/financasplus.online\/fr\/wp-json\/wp\/v2\/users\/1"}],"replies":[{"embeddable":true,"href":"https:\/\/financasplus.online\/fr\/wp-json\/wp\/v2\/comments?post=444"}],"version-history":[{"count":1,"href":"https:\/\/financasplus.online\/fr\/wp-json\/wp\/v2\/pages\/444\/revisions"}],"predecessor-version":[{"id":445,"href":"https:\/\/financasplus.online\/fr\/wp-json\/wp\/v2\/pages\/444\/revisions\/445"}],"wp:attachment":[{"href":"https:\/\/financasplus.online\/fr\/wp-json\/wp\/v2\/media?parent=444"}],"curies":[{"name":"wp","href":"https:\/\/api.w.org\/{rel}","templated":true}]}}