{"id":444,"date":"2025-12-09T04:14:29","date_gmt":"2025-12-09T04:14:29","guid":{"rendered":"https:\/\/financasplus.online\/?page_id=444"},"modified":"2025-12-09T04:14:30","modified_gmt":"2025-12-09T04:14:30","slug":"%cf%80%ce%bf%ce%b9%ce%bf%ce%b9-%ce%b5%ce%af%ce%bc%ce%b1%cf%83%cf%84%ce%b5","status":"publish","type":"page","link":"https:\/\/financasplus.online\/el\/quem-somos\/","title":{"rendered":"\u03a0\u03bf\u03b9\u03bf\u03b9 \u0395\u03af\u03bc\u03b1\u03c3\u03c4\u03b5"},"content":{"rendered":"<p>\u03a4\u03bf Finan\u00e7as Plus \u03b5\u03af\u03bd\u03b1\u03b9 \u03bc\u03b9\u03b1 \u03c0\u03cd\u03bb\u03b7 \u03c0\u03bf\u03c5 \u03b4\u03b7\u03bc\u03b9\u03bf\u03c5\u03c1\u03b3\u03ae\u03b8\u03b7\u03ba\u03b5 \u03b3\u03b9\u03b1 \u03cc\u03c3\u03bf\u03c5\u03c2 \u03b8\u03ad\u03bb\u03bf\u03c5\u03bd \u03bd\u03b1 \u03b5\u03be\u03b5\u03c1\u03b5\u03c5\u03bd\u03ae\u03c3\u03bf\u03c5\u03bd \u03c4\u03b1 \u03ba\u03b1\u03bb\u03cd\u03c4\u03b5\u03c1\u03b1 \u03c4\u03bf\u03c5 \u03c4\u03b5\u03c7\u03bd\u03bf\u03bb\u03bf\u03b3\u03b9\u03ba\u03bf\u03cd \u03c3\u03cd\u03bc\u03c0\u03b1\u03bd\u03c4\u03bf\u03c2 \u03bc\u03b5 \u03ad\u03bd\u03b1\u03bd \u03b1\u03c0\u03bb\u03cc, \u03c0\u03c1\u03b1\u03ba\u03c4\u03b9\u03ba\u03cc \u03ba\u03b1\u03b9 \u03c3\u03cd\u03b3\u03c7\u03c1\u03bf\u03bd\u03bf \u03c4\u03c1\u03cc\u03c0\u03bf. \u03a0\u03b1\u03c1\u03ac \u03c4\u03bf \u03b3\u03b5\u03b3\u03bf\u03bd\u03cc\u03c2 \u03cc\u03c4\u03b9 \u03c4\u03bf \u03cc\u03bd\u03bf\u03bc\u03b1 \u03c5\u03c0\u03bf\u03b4\u03b7\u03bb\u03ce\u03bd\u03b5\u03b9 \u03c4\u03bf\u03bd \u03c7\u03c1\u03b7\u03bc\u03b1\u03c4\u03bf\u03bf\u03b9\u03ba\u03bf\u03bd\u03bf\u03bc\u03b9\u03ba\u03cc \u03ba\u03cc\u03c3\u03bc\u03bf, \u03bf \u03c3\u03ba\u03bf\u03c0\u03cc\u03c2 \u03bc\u03b1\u03c2 \u03c5\u03c0\u03b5\u03c1\u03b2\u03b1\u03af\u03bd\u03b5\u03b9 \u03ba\u03b1\u03c4\u03ac \u03c0\u03bf\u03bb\u03cd \u03b1\u03c5\u03c4\u03cc: \u03b5\u03af\u03bc\u03b1\u03c3\u03c4\u03b5 \u03c0\u03b1\u03b8\u03b9\u03b1\u03c3\u03bc\u03ad\u03bd\u03bf\u03b9 \u03bc\u03b5 \u03c4\u03b7\u03bd \u03ba\u03b1\u03b9\u03bd\u03bf\u03c4\u03bf\u03bc\u03af\u03b1, \u03c4\u03b9\u03c2 \u03b5\u03c6\u03b1\u03c1\u03bc\u03bf\u03b3\u03ad\u03c2, \u03c4\u03b1 \u03c8\u03b7\u03c6\u03b9\u03b1\u03ba\u03ac \u03b5\u03c1\u03b3\u03b1\u03bb\u03b5\u03af\u03b1 \u03ba\u03b1\u03b9 \u03cc\u03bb\u03b1 \u03cc\u03c3\u03b1 \u03bc\u03c0\u03bf\u03c1\u03bf\u03cd\u03bd \u03bd\u03b1 \u03ba\u03ac\u03bd\u03bf\u03c5\u03bd \u03c4\u03b7\u03bd \u03ba\u03b1\u03b8\u03b7\u03bc\u03b5\u03c1\u03b9\u03bd\u03ae \u03b6\u03c9\u03ae \u03c0\u03b9\u03bf \u03ad\u03be\u03c5\u03c0\u03bd\u03b7 \u03ba\u03b1\u03b9 \u03b1\u03c0\u03bf\u03c4\u03b5\u03bb\u03b5\u03c3\u03bc\u03b1\u03c4\u03b9\u03ba\u03ae.<\/p>\n<p>\u0396\u03bf\u03cd\u03bc\u03b5 \u03c3\u03b5 \u03bc\u03b9\u03b1 \u03b5\u03c0\u03bf\u03c7\u03ae \u03cc\u03c0\u03bf\u03c5 \u03b7 \u03c4\u03b5\u03c7\u03bd\u03bf\u03bb\u03bf\u03b3\u03af\u03b1 \u03b5\u03be\u03b5\u03bb\u03af\u03c3\u03c3\u03b5\u03c4\u03b1\u03b9 \u03c1\u03b1\u03b3\u03b4\u03b1\u03af\u03b1 \u03ba\u03b1\u03b9 \u03b7 \u03c0\u03b1\u03c1\u03b1\u03ba\u03bf\u03bb\u03bf\u03cd\u03b8\u03b7\u03c3\u03b7 \u03c4\u03cc\u03c3\u03c9\u03bd \u03bd\u03ad\u03c9\u03bd \u03b5\u03be\u03b5\u03bb\u03af\u03be\u03b5\u03c9\u03bd \u03bc\u03c0\u03bf\u03c1\u03b5\u03af \u03bd\u03b1 \u03b1\u03c0\u03bf\u03c4\u03b5\u03bb\u03ad\u03c3\u03b5\u03b9 \u03c0\u03c1\u03cc\u03ba\u03bb\u03b7\u03c3\u03b7. \u0393\u03b9&#039; \u03b1\u03c5\u03c4\u03cc \u03ad\u03c7\u03bf\u03c5\u03bc\u03b5 \u03c3\u03c5\u03b3\u03ba\u03b5\u03bd\u03c4\u03c1\u03ce\u03c3\u03b5\u03b9 \u03c3\u03b5 \u03ad\u03bd\u03b1 \u03bc\u03ad\u03c1\u03bf\u03c2 \u03b1\u03bd\u03b1\u03bb\u03cd\u03c3\u03b5\u03b9\u03c2, \u03c3\u03c5\u03bc\u03b2\u03bf\u03c5\u03bb\u03ad\u03c2, \u03c0\u03c1\u03bf\u03c4\u03ac\u03c3\u03b5\u03b9\u03c2, \u03b5\u03ba\u03c0\u03b1\u03b9\u03b4\u03b5\u03c5\u03c4\u03b9\u03ba\u03ac \u03b2\u03af\u03bd\u03c4\u03b5\u03bf \u03ba\u03b1\u03b9 \u03c0\u03b5\u03c1\u03b9\u03b5\u03c7\u03cc\u03bc\u03b5\u03bd\u03bf \u03c0\u03bf\u03c5 \u03b2\u03bf\u03b7\u03b8\u03bf\u03cd\u03bd \u03c4\u03bf\u03c5\u03c2 \u03c7\u03c1\u03ae\u03c3\u03c4\u03b5\u03c2 \u03cc\u03bb\u03c9\u03bd \u03c4\u03c9\u03bd \u03b5\u03c0\u03b9\u03c0\u03ad\u03b4\u03c9\u03bd \u03bd\u03b1 \u03b1\u03bd\u03b1\u03ba\u03b1\u03bb\u03cd\u03c8\u03bf\u03c5\u03bd \u03bb\u03cd\u03c3\u03b5\u03b9\u03c2 \u03c0\u03bf\u03c5 \u03c0\u03c1\u03b1\u03b3\u03bc\u03b1\u03c4\u03b9\u03ba\u03ac \u03ba\u03ac\u03bd\u03bf\u03c5\u03bd \u03c4\u03b7 \u03b4\u03b9\u03b1\u03c6\u03bf\u03c1\u03ac, \u03b5\u03af\u03c4\u03b5 \u03c0\u03c1\u03cc\u03ba\u03b5\u03b9\u03c4\u03b1\u03b9 \u03b3\u03b9\u03b1 \u03c0\u03c1\u03bf\u03c3\u03c9\u03c0\u03b9\u03ba\u03ae \u03bf\u03c1\u03b3\u03ac\u03bd\u03c9\u03c3\u03b7, \u03c8\u03c5\u03c7\u03b1\u03b3\u03c9\u03b3\u03af\u03b1, \u03c0\u03b1\u03c1\u03b1\u03b3\u03c9\u03b3\u03b9\u03ba\u03cc\u03c4\u03b7\u03c4\u03b1, \u03c8\u03b7\u03c6\u03b9\u03b1\u03ba\u03ae \u03b1\u03c3\u03c6\u03ac\u03bb\u03b5\u03b9\u03b1 \u03ae\u2014\u03c6\u03c5\u03c3\u03b9\u03ba\u03ac\u2014 \u03bf\u03b9\u03ba\u03bf\u03bd\u03bf\u03bc\u03b9\u03ba\u03ae \u03b4\u03b9\u03b1\u03c7\u03b5\u03af\u03c1\u03b9\u03c3\u03b7.<\/p>\n<p>\u0397 \u03bf\u03bc\u03ac\u03b4\u03b1 \u03bc\u03b1\u03c2 \u03b1\u03c0\u03bf\u03c4\u03b5\u03bb\u03b5\u03af\u03c4\u03b1\u03b9 \u03b1\u03c0\u03cc \u03bb\u03ac\u03c4\u03c1\u03b5\u03b9\u03c2 \u03c4\u03b7\u03c2 \u03c4\u03b5\u03c7\u03bd\u03bf\u03bb\u03bf\u03b3\u03af\u03b1\u03c2, \u03b5\u03c0\u03b1\u03b3\u03b3\u03b5\u03bb\u03bc\u03b1\u03c4\u03af\u03b5\u03c2 \u03c0\u03bf\u03c5 \u03c0\u03b1\u03c1\u03b1\u03ba\u03bf\u03bb\u03bf\u03c5\u03b8\u03bf\u03cd\u03bd \u03ba\u03b1\u03b8\u03b7\u03bc\u03b5\u03c1\u03b9\u03bd\u03ac \u03c4\u03b9\u03c2 \u03c4\u03ac\u03c3\u03b5\u03b9\u03c2 \u03c4\u03b7\u03c2 \u03c8\u03b7\u03c6\u03b9\u03b1\u03ba\u03ae\u03c2 \u03b1\u03b3\u03bf\u03c1\u03ac\u03c2 \u03ba\u03b1\u03b9 \u03bc\u03b5\u03c4\u03b1\u03c4\u03c1\u03ad\u03c0\u03bf\u03c5\u03bd \u03b1\u03c5\u03c4\u03ae \u03c4\u03b7 \u03b3\u03bd\u03ce\u03c3\u03b7 \u03c3\u03b5 \u03c0\u03c1\u03bf\u03c3\u03b2\u03ac\u03c3\u03b9\u03bc\u03bf, \u03b1\u03bd\u03c4\u03b9\u03ba\u03b5\u03b9\u03bc\u03b5\u03bd\u03b9\u03ba\u03cc \u03ba\u03b1\u03b9 \u03c7\u03c1\u03ae\u03c3\u03b9\u03bc\u03bf \u03c0\u03b5\u03c1\u03b9\u03b5\u03c7\u03cc\u03bc\u03b5\u03bd\u03bf. \u03a0\u03c1\u03bf\u03c3\u03c0\u03b1\u03b8\u03bf\u03cd\u03bc\u03b5 \u03c0\u03ac\u03bd\u03c4\u03b1 \u03bd\u03b1 \u03c0\u03c1\u03bf\u03c3\u03c6\u03ad\u03c1\u03bf\u03c5\u03bc\u03b5 \u03c3\u03b1\u03c6\u03b5\u03af\u03c2, \u03b1\u03bc\u03b5\u03c1\u03cc\u03bb\u03b7\u03c0\u03c4\u03b5\u03c2 \u03ba\u03b1\u03b9 \u03b5\u03bd\u03b7\u03bc\u03b5\u03c1\u03c9\u03bc\u03ad\u03bd\u03b5\u03c2 \u03c0\u03bb\u03b7\u03c1\u03bf\u03c6\u03bf\u03c1\u03af\u03b5\u03c2, \u03b2\u03bf\u03b7\u03b8\u03ce\u03bd\u03c4\u03b1\u03c2 \u03c3\u03b1\u03c2 \u03bd\u03b1 \u03b2\u03c1\u03b5\u03af\u03c4\u03b5 \u03c4\u03b9\u03c2 \u03b5\u03c6\u03b1\u03c1\u03bc\u03bf\u03b3\u03ad\u03c2 \u03ba\u03b1\u03b9 \u03c4\u03bf\u03c5\u03c2 \u03c0\u03cc\u03c1\u03bf\u03c5\u03c2 \u03c0\u03bf\u03c5 \u03c4\u03b1\u03b9\u03c1\u03b9\u03ac\u03b6\u03bf\u03c5\u03bd \u03ba\u03b1\u03bb\u03cd\u03c4\u03b5\u03c1\u03b1 \u03c3\u03c4\u03b9\u03c2 \u03b1\u03bd\u03ac\u03b3\u03ba\u03b5\u03c2 \u03c3\u03b1\u03c2.<\/p>\n<p>\u03a3\u03c4\u03b7 Finan\u00e7as Plus, \u03c0\u03b9\u03c3\u03c4\u03b5\u03cd\u03bf\u03c5\u03bc\u03b5 \u03cc\u03c4\u03b9 \u03b7 \u03c4\u03b5\u03c7\u03bd\u03bf\u03bb\u03bf\u03b3\u03af\u03b1 \u03c0\u03c1\u03ad\u03c0\u03b5\u03b9 \u03bd\u03b1 \u03c5\u03c0\u03b7\u03c1\u03b5\u03c4\u03b5\u03af \u03c4\u03bf\u03c5\u03c2 \u03b1\u03bd\u03b8\u03c1\u03ce\u03c0\u03bf\u03c5\u03c2, \u03b4\u03b9\u03b5\u03c5\u03ba\u03bf\u03bb\u03cd\u03bd\u03bf\u03bd\u03c4\u03b1\u03c2 \u03c4\u03b9\u03c2 \u03b5\u03c1\u03b3\u03b1\u03c3\u03af\u03b5\u03c2, \u03b1\u03bd\u03bf\u03af\u03b3\u03bf\u03bd\u03c4\u03b1\u03c2 \u03b5\u03c5\u03ba\u03b1\u03b9\u03c1\u03af\u03b5\u03c2 \u03ba\u03b1\u03b9 \u03b4\u03b9\u03b5\u03c5\u03c1\u03cd\u03bd\u03bf\u03bd\u03c4\u03b1\u03c2 \u03c4\u03b9\u03c2 \u03b4\u03c5\u03bd\u03b1\u03c4\u03cc\u03c4\u03b7\u03c4\u03b5\u03c2. \u0397 \u03b4\u03ad\u03c3\u03bc\u03b5\u03c5\u03c3\u03ae \u03bc\u03b1\u03c2 \u03b5\u03af\u03bd\u03b1\u03b9 \u03bd\u03b1 \u03c0\u03b1\u03c1\u03ad\u03c7\u03bf\u03c5\u03bc\u03b5 \u03bc\u03b9\u03b1 \u03bf\u03bb\u03bf\u03ba\u03bb\u03b7\u03c1\u03c9\u03bc\u03ad\u03bd\u03b7 \u03b5\u03bc\u03c0\u03b5\u03b9\u03c1\u03af\u03b1 \u03c3\u03b5 \u03cc\u03c3\u03bf\u03c5\u03c2 \u03b8\u03ad\u03bb\u03bf\u03c5\u03bd \u03bd\u03b1 \u03b1\u03be\u03b9\u03bf\u03c0\u03bf\u03b9\u03ae\u03c3\u03bf\u03c5\u03bd \u03c3\u03c4\u03bf \u03ad\u03c0\u03b1\u03ba\u03c1\u03bf \u03cc,\u03c4\u03b9 \u03ad\u03c7\u03b5\u03b9 \u03bd\u03b1 \u03c0\u03c1\u03bf\u03c3\u03c6\u03ad\u03c1\u03b5\u03b9 \u03bf \u03c8\u03b7\u03c6\u03b9\u03b1\u03ba\u03cc\u03c2 \u03ba\u03cc\u03c3\u03bc\u03bf\u03c2.<\/p>\n<p>\u039a\u03b1\u03bb\u03ce\u03c2 \u03bf\u03c1\u03af\u03c3\u03b1\u03c4\u03b5 \u03c3\u03c4\u03bf Finan\u00e7as Plus \u2014 \u03cc\u03c0\u03bf\u03c5 \u03b7 \u03c4\u03b5\u03c7\u03bd\u03bf\u03bb\u03bf\u03b3\u03af\u03b1, \u03b7 \u03c0\u03c1\u03b1\u03ba\u03c4\u03b9\u03ba\u03cc\u03c4\u03b7\u03c4\u03b1 \u03ba\u03b1\u03b9 \u03b7 \u03ba\u03b1\u03b9\u03bd\u03bf\u03c4\u03bf\u03bc\u03af\u03b1 \u03c3\u03c5\u03bd\u03b4\u03c5\u03ac\u03b6\u03bf\u03bd\u03c4\u03b1\u03b9 \u03b3\u03b9\u03b1 \u03bd\u03b1 \u03bc\u03b5\u03c4\u03b1\u03bc\u03bf\u03c1\u03c6\u03ce\u03c3\u03bf\u03c5\u03bd \u03c4\u03b7\u03bd \u03ba\u03b1\u03b8\u03b7\u03bc\u03b5\u03c1\u03b9\u03bd\u03cc\u03c4\u03b7\u03c4\u03ac \u03c3\u03b1\u03c2.<\/p>","protected":false},"excerpt":{"rendered":"<p>O Finan\u00e7as Plus \u00e9 um portal criado para quem deseja explorar o melhor do universo da tecnologia de forma simples, pr\u00e1tica e atual. Apesar do nome remeter ao mundo financeiro, nosso prop\u00f3sito vai muito al\u00e9m disso: somos apaixonados por inova\u00e7\u00e3o, aplicativos, ferramentas digitais e por tudo que pode tornar o dia a dia mais inteligente [&hellip;]<\/p>\n","protected":false},"author":1,"featured_media":0,"parent":0,"menu_order":0,"comment_status":"closed","ping_status":"closed","template":"","meta":{"footnotes":""},"class_list":["post-444","page","type-page","status-publish"],"_links":{"self":[{"href":"https:\/\/financasplus.online\/el\/wp-json\/wp\/v2\/pages\/444","targetHints":{"allow":["GET"]}}],"collection":[{"href":"https:\/\/financasplus.online\/el\/wp-json\/wp\/v2\/pages"}],"about":[{"href":"https:\/\/financasplus.online\/el\/wp-json\/wp\/v2\/types\/page"}],"author":[{"embeddable":true,"href":"https:\/\/financasplus.online\/el\/wp-json\/wp\/v2\/users\/1"}],"replies":[{"embeddable":true,"href":"https:\/\/financasplus.online\/el\/wp-json\/wp\/v2\/comments?post=444"}],"version-history":[{"count":1,"href":"https:\/\/financasplus.online\/el\/wp-json\/wp\/v2\/pages\/444\/revisions"}],"predecessor-version":[{"id":445,"href":"https:\/\/financasplus.online\/el\/wp-json\/wp\/v2\/pages\/444\/revisions\/445"}],"wp:attachment":[{"href":"https:\/\/financasplus.online\/el\/wp-json\/wp\/v2\/media?parent=444"}],"curies":[{"name":"wp","href":"https:\/\/api.w.org\/{rel}","templated":true}]}}