{"id":444,"date":"2025-12-09T04:14:29","date_gmt":"2025-12-09T04:14:29","guid":{"rendered":"https:\/\/financasplus.online\/?page_id=444"},"modified":"2025-12-09T04:14:30","modified_gmt":"2025-12-09T04:14:30","slug":"wer-wir-sind","status":"publish","type":"page","link":"https:\/\/financasplus.online\/de\/quem-somos\/","title":{"rendered":"Wer wir sind"},"content":{"rendered":"<p>Finan\u00e7as Plus ist ein Portal f\u00fcr alle, die die besten Technologien auf einfache, praktische und aktuelle Weise entdecken m\u00f6chten. Auch wenn der Name an die Finanzwelt erinnert, geht unser Ziel weit dar\u00fcber hinaus: Wir begeistern uns f\u00fcr Innovationen, Apps, digitale Tools und alles, was den Alltag intelligenter und effizienter macht.<\/p>\n<p>Wir leben in einem Zeitalter rasanter technologischer Entwicklungen, und es kann eine Herausforderung sein, mit all den Neuerungen Schritt zu halten. Deshalb haben wir Analysen, Tipps, Empfehlungen, Anleitungen und Inhalte an einem Ort zusammengetragen, die Nutzern aller Erfahrungsstufen helfen, L\u00f6sungen zu finden, die wirklich etwas bewirken \u2013 sei es f\u00fcr die pers\u00f6nliche Organisation, Unterhaltung, Produktivit\u00e4t, digitale Sicherheit oder nat\u00fcrlich Finanzmanagement.<\/p>\n<p>Unser Team besteht aus Technologiebegeisterten und Experten, die die Trends des digitalen Marktes t\u00e4glich verfolgen und dieses Wissen in verst\u00e4ndliche, objektive und n\u00fctzliche Inhalte umwandeln. Wir sind stets bestrebt, klare, unvoreingenommene und aktuelle Informationen bereitzustellen und Ihnen so zu helfen, die f\u00fcr Ihre Bed\u00fcrfnisse optimalen Anwendungen und Ressourcen zu finden.<\/p>\n<p>Wir bei Finan\u00e7as Plus sind \u00fcberzeugt, dass Technologie den Menschen dienen sollte, indem sie Aufgaben erleichtert, Chancen er\u00f6ffnet und M\u00f6glichkeiten erweitert. Unser Ziel ist es, ein umfassendes Erlebnis f\u00fcr alle zu bieten, die das Potenzial der digitalen Welt optimal nutzen m\u00f6chten.<\/p>\n<p>Willkommen bei Finan\u00e7as Plus \u2013 wo Technologie, Praktikabilit\u00e4t und Innovation zusammenkommen, um Ihren Alltag zu ver\u00e4ndern.<\/p>","protected":false},"excerpt":{"rendered":"<p>O Finan\u00e7as Plus \u00e9 um portal criado para quem deseja explorar o melhor do universo da tecnologia de forma simples, pr\u00e1tica e atual. Apesar do nome remeter ao mundo financeiro, nosso prop\u00f3sito vai muito al\u00e9m disso: somos apaixonados por inova\u00e7\u00e3o, aplicativos, ferramentas digitais e por tudo que pode tornar o dia a dia mais inteligente [&hellip;]<\/p>\n","protected":false},"author":1,"featured_media":0,"parent":0,"menu_order":0,"comment_status":"closed","ping_status":"closed","template":"","meta":{"footnotes":""},"class_list":["post-444","page","type-page","status-publish"],"_links":{"self":[{"href":"https:\/\/financasplus.online\/de\/wp-json\/wp\/v2\/pages\/444","targetHints":{"allow":["GET"]}}],"collection":[{"href":"https:\/\/financasplus.online\/de\/wp-json\/wp\/v2\/pages"}],"about":[{"href":"https:\/\/financasplus.online\/de\/wp-json\/wp\/v2\/types\/page"}],"author":[{"embeddable":true,"href":"https:\/\/financasplus.online\/de\/wp-json\/wp\/v2\/users\/1"}],"replies":[{"embeddable":true,"href":"https:\/\/financasplus.online\/de\/wp-json\/wp\/v2\/comments?post=444"}],"version-history":[{"count":1,"href":"https:\/\/financasplus.online\/de\/wp-json\/wp\/v2\/pages\/444\/revisions"}],"predecessor-version":[{"id":445,"href":"https:\/\/financasplus.online\/de\/wp-json\/wp\/v2\/pages\/444\/revisions\/445"}],"wp:attachment":[{"href":"https:\/\/financasplus.online\/de\/wp-json\/wp\/v2\/media?parent=444"}],"curies":[{"name":"wp","href":"https:\/\/api.w.org\/{rel}","templated":true}]}}